{"id":20,"date":"2024-01-22T14:31:34","date_gmt":"2024-01-22T19:31:34","guid":{"rendered":"https:\/\/bogota.wordcamp.org\/2024\/code-of-conduct\/"},"modified":"2024-01-29T18:11:49","modified_gmt":"2024-01-29T23:11:49","slug":"codigo-de-conducta","status":"publish","type":"page","link":"https:\/\/bogota.wordcamp.org\/2024\/codigo-de-conducta\/","title":{"rendered":"C\u00f3digo de Conducta"},"content":{"rendered":"\n<h3 class=\"wp-block-heading\">1. Prop\u00f3sito<\/h3>\n\n\n\n<p>WordCamp Bogot\u00e1 considera esencial que nuestra comunidad est\u00e9 realmente abierta a todo el mundo.<\/p>\n\n\n\n<p>Nos comprometemos a proporcionar un ambiente amigable, seguro y acogedor para todas las personas, independientemente de su g\u00e9nero, orientaci\u00f3n sexual, discapacidad, etnia, religi\u00f3n, sistema operativo preferido, lenguaje de programaci\u00f3n o editor de texto.<\/p>\n\n\n\n<p>Este c\u00f3digo de conducta resume c\u00f3mo esperamos que te comportes como asistente, as\u00ed como las consecuencias que tendr\u00eda un comportamiento inaceptable.<\/p>\n\n\n\n<p>Instamos a todas las empresas patrocinadoras, personas voluntarias, ponentes, asistentes y dem\u00e1s participantes a que nos ayuden a hacer realidad una experiencia de evento segura y positiva.<\/p>\n\n\n\n<h3 class=\"wp-block-heading\">2. Ciudadan\u00eda de C\u00f3digo Abierto<\/h3>\n\n\n\n<p>Un objetivo adicional de este c\u00f3digo de conducta es incrementar la ciudadan\u00eda de c\u00f3digo abierto, alentando a los participantes a reconocer y fortalecer las relaciones entre lo que hacemos y la comunidad en general.<\/p>\n\n\n\n<p>Al servicio de este objetivo, las personas organizadoras de WordCamp Bogot\u00e1 recogeremos, durante el evento, candidaturas que sean ejemplares y les daremos reconocimiento en el sitio web despu\u00e9s de la conferencia.<\/p>\n\n\n\n<p>Si ves a alguien que est\u00e1 haciendo un esfuerzo extra para asegurar que nuestra comunidad resulte acogedora y amigable, y que anime a las personas participantes a contribuir en la mayor medida posible, lo queremos saber. Puedes nominar a alguien en la mesa de registro o dici\u00e9ndoselo al equipo organizador.<\/p>\n\n\n\n<h3 class=\"wp-block-heading\">3. Comportamiento esperado<\/h3>\n\n\n\n<ul class=\"wp-block-list\">\n<li>S\u00e9 una persona considerada, respetuosa y colaborativa.<\/li>\n\n\n\n<li>Abstente de comportamientos y discursos degradantes, discriminatorios o de acoso.<\/li>\n\n\n\n<li>S\u00e9 consciente del entorno y de tus compa\u00f1eros participantes.<\/li>\n\n\n\n<li>Alerta al equipo organizador de la conferencia si observas una situaci\u00f3n peligrosa o a alguien en apuros.<\/li>\n\n\n\n<li>Participa de una manera aut\u00e9ntica y activa.<\/li>\n<\/ul>\n\n\n\n<p>De este modo, est\u00e1s ayudando a crear el WordCamp Bogot\u00e1 2024 y a hacerlo propia.<\/p>\n\n\n\n<h3 class=\"wp-block-heading\">4. Comportamiento inaceptable<\/h3>\n\n\n\n<p>Como comportamiento inaceptable se entiende una conducta intimidatoria, acosadora, abusiva, discriminatoria, despectiva o degradante, por parte de cualquier asistente de el WordCamp Bogot\u00e1 2024 y eventos relacionados.<\/p>\n\n\n\n<p>Todos los lugares de el WordCamp Bogot\u00e1 2024 pueden ser compartidos con otros miembros de la sociedad; por favor, muestra gran respeto por todas las personas que los usen.<\/p>\n\n\n\n<p>El acoso incluye: comentarios verbales ofensivos relacionados con el g\u00e9nero, la orientaci\u00f3n sexual, la raza, la religi\u00f3n, la discapacidad; el uso inadecuado de desnudez y\/o im\u00e1genes sexuales en espacios p\u00fablicos (incluyendo diapositivas de la presentaci\u00f3n); intimidaci\u00f3n deliberada, acecho o seguimiento; acoso con fotograf\u00eda o grabaci\u00f3n; interrupci\u00f3n sostenida de charlas y otros eventos; contacto f\u00edsico inapropiado y atenci\u00f3n sexual no deseada.<\/p>\n\n\n\n<h3 class=\"wp-block-heading\">5. Consecuencias de un comportamento inaceptable<\/h3>\n\n\n\n<p>El comportamiento inaceptable no ser\u00e1 tolerado, ya sea por parte de otras personas asistentes, organizadoras, patrocinadoras, personal del local, u otros usuarios de los locales de el WordCamp Bogot\u00e1 2024.<\/p>\n\n\n\n<p>Se espera que cualquiera cumpla inmediatamente en caso de que se le pida que cese un comportamiento inaceptable.<\/p>\n\n\n\n<p>Si una persona que participa se involucra en un comportamiento inaceptable, los organizadores de la conferencia pueden tomar cualquier acci\u00f3n que consideren apropiada, hasta incluso la expulsi\u00f3n de la conferencia sin previo aviso o reembolso.<\/p>\n\n\n\n<h3 class=\"wp-block-heading\">6. \u00bfQu\u00e9 hacer si eres testigo u objeto de un comportamiento inaceptable?<\/h3>\n\n\n\n<p>Si eres objeto de un comportamiento inaceptable, eres testigo de que otra persona est\u00e1 siendo objeto de ello o te preocupan posibles situaciones que se puedan desarrollar, por favor, notif\u00edcalo lo antes posible a los organizadores de la conferencia.<\/p>\n\n\n\n<p>El equipo de WordCamp Bogot\u00e1 estar\u00e1 disponible para ayudar a las personas participantes a contactar con la seguridad del local o las fuerzas locales de seguridad para ofrecer acompa\u00f1amiento o ayudar a aquellos que sufran un comportamiento inaceptable para que se sientan con seguridad mientras dure la conferencia.<\/p>\n\n\n\n<p>Las personas voluntarias vestir\u00e1n con un color o prenda diferente. Cualquier persona voluntaria puede ponerte en contacto con los organizadores de la conferencia. Tambi\u00e9n puedes acercarte a la mesa de inscripci\u00f3n y preguntar por ellos.<\/p>\n\n\n\n<h3 class=\"wp-block-heading\">7. \u00c1mbito de aplicaci\u00f3n<\/h3>\n\n\n\n<p>Esperamos que todas las personas participantes de la conferencia (patrocinadoras, voluntarias, ponentes, asistentes y dem\u00e1s personas invitadas) cumplan con este c\u00f3digo de conducta en todas las salas de conferencia y eventos sociales relacionados con la conferencia.<\/p>\n\n\n\n<h3 class=\"wp-block-heading\">8. Informaci\u00f3n de contacto<\/h3>\n\n\n\n<p>Si te ves en la necesidad de contactar con el equipo organizador, en la p\u00e1gina de contacto tienes un formulario para hacerlo.<\/p>\n\n\n\n<h3 class=\"wp-block-heading\">9. Licencia y atribuci\u00f3n<\/h3>\n\n\n\n<p>Este C\u00f3digo de Conducta es una copia directa del impresionante trabajo de la Open Source Bridge, pero reemplazando la informaci\u00f3n con la de nuestro evento.<\/p>\n\n\n\n<p>El original, publicado en http:\/\/opensourcebridge.org\/about\/code-of-conduct\/, ya no est\u00e1 disponible, pero puede verse en&nbsp;<a rel=\"noreferrer noopener\" href=\"https:\/\/web.archive.org\/web\/20191024152904\/opensourcebridge.org\/about\/code-of-conduct\/\" target=\"_blank\">esta imagen de archivo<\/a>, y fue liberado bajo una licencia de Creative Commons Attribution-ShareAlike.<\/p>\n","protected":false},"excerpt":{"rendered":"<p>1. Prop\u00f3sito WordCamp Bogot\u00e1 considera esencial que nuestra comunidad est\u00e9 realmente abierta a todo el mundo. Nos comprometemos a proporcionar un ambiente amigable, seguro y acogedor para todas las personas, independientemente de su g\u00e9nero, orientaci\u00f3n sexual, discapacidad, etnia, religi\u00f3n, sistema operativo preferido, lenguaje de programaci\u00f3n o editor de texto. Este c\u00f3digo de conducta resume c\u00f3mo [&hellip;]<\/p>\n","protected":false},"author":1862737,"featured_media":0,"parent":0,"menu_order":0,"comment_status":"closed","ping_status":"closed","template":"","meta":{"advanced_seo_description":"","jetpack_seo_html_title":"","jetpack_seo_noindex":false,"jetpack_post_was_ever_published":false,"footnotes":""},"class_list":["post-20","page","type-page","status-publish","hentry"],"jetpack_sharing_enabled":true,"_links":{"self":[{"href":"https:\/\/bogota.wordcamp.org\/2024\/wp-json\/wp\/v2\/pages\/20","targetHints":{"allow":["GET"]}}],"collection":[{"href":"https:\/\/bogota.wordcamp.org\/2024\/wp-json\/wp\/v2\/pages"}],"about":[{"href":"https:\/\/bogota.wordcamp.org\/2024\/wp-json\/wp\/v2\/types\/page"}],"author":[{"embeddable":true,"href":"https:\/\/bogota.wordcamp.org\/2024\/wp-json\/wp\/v2\/users\/1862737"}],"replies":[{"embeddable":true,"href":"https:\/\/bogota.wordcamp.org\/2024\/wp-json\/wp\/v2\/comments?post=20"}],"version-history":[{"count":3,"href":"https:\/\/bogota.wordcamp.org\/2024\/wp-json\/wp\/v2\/pages\/20\/revisions"}],"predecessor-version":[{"id":234,"href":"https:\/\/bogota.wordcamp.org\/2024\/wp-json\/wp\/v2\/pages\/20\/revisions\/234"}],"wp:attachment":[{"href":"https:\/\/bogota.wordcamp.org\/2024\/wp-json\/wp\/v2\/media?parent=20"}],"curies":[{"name":"wp","href":"https:\/\/api.w.org\/{rel}","templated":true}]}}