{"id":10,"date":"2024-01-22T14:31:34","date_gmt":"2024-01-22T19:31:34","guid":{"rendered":"https:\/\/bogota.wordcamp.org\/2024\/sponsors\/"},"modified":"2024-08-23T03:29:09","modified_gmt":"2024-08-23T08:29:09","slug":"sponsors","status":"publish","type":"page","link":"https:\/\/bogota.wordcamp.org\/2024\/sponsors\/","title":{"rendered":"Patrocinadores"},"content":{"rendered":"\n<div class=\"wp-block-group alignfull has-base-2-background-color has-background has-global-padding is-content-justification-center is-layout-constrained wp-container-core-group-is-layout-07713731 wp-block-group-is-layout-constrained\" style=\"margin-top:0;margin-bottom:0;padding-top:var(--wp--preset--spacing--50);padding-right:var(--wp--preset--spacing--50);padding-bottom:var(--wp--preset--spacing--50);padding-left:var(--wp--preset--spacing--50)\">\n<div class=\"wp-block-group is-vertical is-content-justification-center is-layout-flex wp-container-core-group-is-layout-52b864f0 wp-block-group-is-layout-flex\">\n<h2 class=\"wp-block-heading has-text-align-center has-lilita-one-font-family\">PATROCINADORES USAQU\u00c9N<\/h2>\n\n\n\n<div style=\"height:0px\" aria-hidden=\"true\" class=\"wp-block-spacer wp-container-content-4f2ccadb\"><\/div>\n<\/div>\n\n\n\n<div class=\"wp-block-columns alignwide sponsors-image-wrapper is-layout-flex wp-container-core-columns-is-layout-d0bbbce0 wp-block-columns-is-layout-flex\">\n<div class=\"wp-block-column is-layout-flow wp-container-core-column-is-layout-e3d1c41b wp-block-column-is-layout-flow\">\n<div class=\"wp-block-columns is-layout-flex wp-container-core-columns-is-layout-28f84493 wp-block-columns-is-layout-flex\">\n<div class=\"wp-block-column is-layout-flow wp-block-column-is-layout-flow\">\n<figure class=\"wp-block-image size-full is-resized\"><a href=\"https:\/\/bogota.wordcamp.org\/2024\/sponsor\/bluehost\/\"><img loading=\"lazy\" decoding=\"async\" width=\"651\" height=\"137\" src=\"https:\/\/bogota.wordcamp.org\/2024\/files\/2024\/01\/bh_logo_2015.png\" alt=\"\" class=\"wp-image-27\" style=\"width:auto;height:100px\" srcset=\"https:\/\/bogota.wordcamp.org\/2024\/files\/2024\/01\/bh_logo_2015.png 651w, https:\/\/bogota.wordcamp.org\/2024\/files\/2024\/01\/bh_logo_2015-300x63.png 300w, https:\/\/bogota.wordcamp.org\/2024\/files\/2024\/01\/bh_logo_2015-500x105.png 500w\" sizes=\"auto, (max-width: 651px) 100vw, 651px\" \/><\/a><\/figure>\n<\/div>\n\n\n\n<div class=\"wp-block-column is-layout-flow wp-block-column-is-layout-flow\">\n<figure class=\"wp-block-image size-full is-resized\"><a href=\"https:\/\/bogota.wordcamp.org\/2024\/sponsor\/godaddy\/\"><img loading=\"lazy\" decoding=\"async\" width=\"277\" height=\"62\" src=\"https:\/\/bogota.wordcamp.org\/2024\/files\/2024\/06\/logo-godaddy.png\" alt=\"\" class=\"wp-image-813\" style=\"width:auto;height:100px\" \/><\/a><\/figure>\n<\/div>\n\n\n\n<div class=\"wp-block-column has-global-padding is-content-justification-right is-layout-constrained wp-container-core-column-is-layout-f1f2ed93 wp-block-column-is-layout-constrained\">\n<figure class=\"wp-block-image is-resized size-full\"><a href=\"https:\/\/bogota.wordcamp.org\/2024\/sponsor\/greengeeks-web-hosting\/\"><img loading=\"lazy\" decoding=\"async\" width=\"320\" height=\"72\" src=\"https:\/\/bogota.wordcamp.org\/2024\/files\/2024\/06\/Grupo-100-e1721221047591.png\" alt=\"Logo greengeeks\" class=\"wp-image-1066\" style=\"width:auto;height:100px\" srcset=\"https:\/\/bogota.wordcamp.org\/2024\/files\/2024\/06\/Grupo-100-e1721221047591.png 320w, https:\/\/bogota.wordcamp.org\/2024\/files\/2024\/06\/Grupo-100-e1721221047591-300x68.png 300w\" sizes=\"auto, (max-width: 320px) 100vw, 320px\" \/><\/a><\/figure>\n<\/div>\n<\/div>\n\n\n\n<div class=\"wp-block-columns is-layout-flex wp-container-core-columns-is-layout-28f84493 wp-block-columns-is-layout-flex\">\n<div class=\"wp-block-column is-layout-flow wp-block-column-is-layout-flow\">\n<figure class=\"wp-block-image size-full is-resized is-style-default\"><a href=\"https:\/\/bogota.wordcamp.org\/2024\/sponsor\/woo\/\" target=\"_blank\" rel=\"noreferrer noopener\"><img loading=\"lazy\" decoding=\"async\" width=\"841\" height=\"188\" src=\"https:\/\/bogota.wordcamp.org\/2024\/files\/2024\/07\/woo-logo-color-1024x704-01.png\" alt=\"\" class=\"wp-image-1603\" style=\"width:auto;height:100px\" srcset=\"https:\/\/bogota.wordcamp.org\/2024\/files\/2024\/07\/woo-logo-color-1024x704-01.png 841w, https:\/\/bogota.wordcamp.org\/2024\/files\/2024\/07\/woo-logo-color-1024x704-01-300x67.png 300w, https:\/\/bogota.wordcamp.org\/2024\/files\/2024\/07\/woo-logo-color-1024x704-01-768x172.png 768w, https:\/\/bogota.wordcamp.org\/2024\/files\/2024\/07\/woo-logo-color-1024x704-01-500x112.png 500w\" sizes=\"auto, (max-width: 841px) 100vw, 841px\" \/><\/a><\/figure>\n<\/div>\n\n\n\n<div class=\"wp-block-column has-global-padding is-content-justification-center is-layout-constrained wp-block-column-is-layout-constrained\">\n<figure class=\"wp-block-image aligncenter size-large is-resized\"><a href=\"https:\/\/bogota.wordcamp.org\/2024\/sponsor\/automattic\/\"><img loading=\"lazy\" decoding=\"async\" width=\"1024\" height=\"292\" src=\"https:\/\/bogota.wordcamp.org\/2024\/files\/2024\/01\/wordpressdotcom_lockup-black-1024x292.png\" alt=\"\" class=\"wp-image-1458\" style=\"width:auto;height:150px\" srcset=\"https:\/\/bogota.wordcamp.org\/2024\/files\/2024\/01\/wordpressdotcom_lockup-black-1024x292.png 1024w, https:\/\/bogota.wordcamp.org\/2024\/files\/2024\/01\/wordpressdotcom_lockup-black-300x86.png 300w, https:\/\/bogota.wordcamp.org\/2024\/files\/2024\/01\/wordpressdotcom_lockup-black-768x219.png 768w, https:\/\/bogota.wordcamp.org\/2024\/files\/2024\/01\/wordpressdotcom_lockup-black-500x143.png 500w, https:\/\/bogota.wordcamp.org\/2024\/files\/2024\/01\/wordpressdotcom_lockup-black-1536x438.png 1536w, https:\/\/bogota.wordcamp.org\/2024\/files\/2024\/01\/wordpressdotcom_lockup-black-2048x584.png 2048w\" sizes=\"auto, (max-width: 1024px) 100vw, 1024px\" \/><\/a><\/figure>\n<\/div>\n\n\n\n<div class=\"wp-block-column is-layout-flow wp-block-column-is-layout-flow\">\n<figure class=\"wp-block-image size-full is-resized img-sponsors\"><a href=\"https:\/\/bogota.wordcamp.org\/2024\/sponsor\/wpbeginner\/\"><img loading=\"lazy\" decoding=\"async\" width=\"900\" height=\"312\" src=\"https:\/\/bogota.wordcamp.org\/2024\/files\/2024\/01\/WPBeginner-Logo.jpg\" alt=\"\" class=\"wp-image-1486\" style=\"width:auto;height:150px\" srcset=\"https:\/\/bogota.wordcamp.org\/2024\/files\/2024\/01\/WPBeginner-Logo.jpg 900w, https:\/\/bogota.wordcamp.org\/2024\/files\/2024\/01\/WPBeginner-Logo-300x104.jpg 300w, https:\/\/bogota.wordcamp.org\/2024\/files\/2024\/01\/WPBeginner-Logo-768x266.jpg 768w, https:\/\/bogota.wordcamp.org\/2024\/files\/2024\/01\/WPBeginner-Logo-500x173.jpg 500w\" sizes=\"auto, (max-width: 900px) 100vw, 900px\" \/><\/a><\/figure>\n<\/div>\n<\/div>\n\n\n\n<div class=\"wp-block-columns is-layout-flex wp-container-core-columns-is-layout-28f84493 wp-block-columns-is-layout-flex\">\n<div class=\"wp-block-column is-layout-flow wp-block-column-is-layout-flow\"><\/div>\n\n\n\n<div class=\"wp-block-column is-layout-flow wp-block-column-is-layout-flow\">\n<figure class=\"wp-block-image size-full is-resized\"><a href=\"https:\/\/bogota.wordcamp.org\/2024\/sponsor\/hostinger\/\"><img loading=\"lazy\" decoding=\"async\" width=\"700\" height=\"140\" src=\"https:\/\/bogota.wordcamp.org\/2024\/files\/2024\/06\/logo-horizontal@2x.png\" alt=\"Logo Hostinger\" class=\"wp-image-1662\" style=\"width:auto;height:100px\" srcset=\"https:\/\/bogota.wordcamp.org\/2024\/files\/2024\/06\/logo-horizontal@2x.png 700w, https:\/\/bogota.wordcamp.org\/2024\/files\/2024\/06\/logo-horizontal@2x-300x60.png 300w, https:\/\/bogota.wordcamp.org\/2024\/files\/2024\/06\/logo-horizontal@2x-500x100.png 500w\" sizes=\"auto, (max-width: 700px) 100vw, 700px\" \/><\/a><\/figure>\n<\/div>\n\n\n\n<div class=\"wp-block-column is-layout-flow wp-block-column-is-layout-flow\"><\/div>\n<\/div>\n<\/div>\n<\/div>\n<\/div>\n\n\n\n<div class=\"wp-block-group alignfull grid-sponsors-wrapper chapinero has-base-2-background-color has-background has-global-padding is-content-justification-center is-layout-constrained wp-container-core-group-is-layout-07713731 wp-block-group-is-layout-constrained\" style=\"margin-top:0;margin-bottom:0;padding-top:var(--wp--preset--spacing--50);padding-right:var(--wp--preset--spacing--50);padding-bottom:var(--wp--preset--spacing--50);padding-left:var(--wp--preset--spacing--50)\">\n<div class=\"wp-block-group is-vertical is-content-justification-center is-layout-flex wp-container-core-group-is-layout-52b864f0 wp-block-group-is-layout-flex\">\n<h2 class=\"wp-block-heading has-text-align-center is-style-default has-lilita-one-font-family\">PATROCINADORES chapinero<\/h2>\n\n\n\n<div style=\"height:0px\" aria-hidden=\"true\" class=\"wp-block-spacer wp-container-content-4f2ccadb\"><\/div>\n<\/div>\n\n\n\n<div class=\"wp-block-columns alignwide sponsors-image-wrapper usaquen is-layout-flex wp-container-core-columns-is-layout-d0bbbce0 wp-block-columns-is-layout-flex\">\n<div class=\"wp-block-column is-layout-flow wp-container-core-column-is-layout-e3d1c41b wp-block-column-is-layout-flow\">\n<div class=\"wp-block-columns is-layout-flex wp-container-core-columns-is-layout-28f84493 wp-block-columns-is-layout-flex\">\n<div class=\"wp-block-column is-layout-flow wp-block-column-is-layout-flow\"><\/div>\n\n\n\n<div class=\"wp-block-column is-layout-flow wp-block-column-is-layout-flow\">\n<figure class=\"wp-block-image size-full is-resized\"><a href=\"https:\/\/bogota.wordcamp.org\/2024\/sponsor\/ok-web\/\"><img loading=\"lazy\" decoding=\"async\" width=\"2042\" height=\"934\" src=\"https:\/\/bogota.wordcamp.org\/2024\/files\/2024\/06\/OW-Horizontall.png\" alt=\"\" class=\"wp-image-1668\" style=\"width:231px;height:auto\" srcset=\"https:\/\/bogota.wordcamp.org\/2024\/files\/2024\/06\/OW-Horizontall.png 2042w, https:\/\/bogota.wordcamp.org\/2024\/files\/2024\/06\/OW-Horizontall-300x137.png 300w, https:\/\/bogota.wordcamp.org\/2024\/files\/2024\/06\/OW-Horizontall-1024x468.png 1024w, https:\/\/bogota.wordcamp.org\/2024\/files\/2024\/06\/OW-Horizontall-768x351.png 768w, https:\/\/bogota.wordcamp.org\/2024\/files\/2024\/06\/OW-Horizontall-500x229.png 500w, https:\/\/bogota.wordcamp.org\/2024\/files\/2024\/06\/OW-Horizontall-1536x703.png 1536w\" sizes=\"auto, (max-width: 2042px) 100vw, 2042px\" \/><\/a><\/figure>\n<\/div>\n\n\n\n<div class=\"wp-block-column is-layout-flow wp-block-column-is-layout-flow\">\n<figure class=\"wp-block-image size-full is-resized\"><a href=\"https:\/\/bogota.wordcamp.org\/2024\/sponsor\/netsat-innovation-technology-sas\/\"><img loading=\"lazy\" decoding=\"async\" width=\"2592\" height=\"717\" src=\"https:\/\/bogota.wordcamp.org\/2024\/files\/2024\/08\/logo-netsat-it-01.png\" alt=\"\" class=\"wp-image-1882\" style=\"width:231px;height:auto\" srcset=\"https:\/\/bogota.wordcamp.org\/2024\/files\/2024\/08\/logo-netsat-it-01.png 2592w, https:\/\/bogota.wordcamp.org\/2024\/files\/2024\/08\/logo-netsat-it-01-300x83.png 300w, https:\/\/bogota.wordcamp.org\/2024\/files\/2024\/08\/logo-netsat-it-01-1024x283.png 1024w, https:\/\/bogota.wordcamp.org\/2024\/files\/2024\/08\/logo-netsat-it-01-768x212.png 768w, https:\/\/bogota.wordcamp.org\/2024\/files\/2024\/08\/logo-netsat-it-01-500x138.png 500w, https:\/\/bogota.wordcamp.org\/2024\/files\/2024\/08\/logo-netsat-it-01-1536x425.png 1536w, https:\/\/bogota.wordcamp.org\/2024\/files\/2024\/08\/logo-netsat-it-01-2048x567.png 2048w\" sizes=\"auto, (max-width: 2592px) 100vw, 2592px\" \/><\/a><\/figure>\n<\/div>\n\n\n\n<div class=\"wp-block-column is-layout-flow wp-block-column-is-layout-flow\"><\/div>\n<\/div>\n\n\n\n<div class=\"wp-block-columns is-layout-flex wp-container-core-columns-is-layout-28f84493 wp-block-columns-is-layout-flex\">\n<div class=\"wp-block-column is-layout-flow wp-block-column-is-layout-flow\"><\/div>\n\n\n\n<div class=\"wp-block-column is-layout-flow wp-block-column-is-layout-flow\"><\/div>\n\n\n\n<div class=\"wp-block-column is-layout-flow wp-block-column-is-layout-flow\"><\/div>\n<\/div>\n<\/div>\n<\/div>\n<\/div>\n\n\n\n<div class=\"wp-block-group alignfull grid-sponsors-wrapper chapinero has-base-2-background-color has-background has-global-padding is-content-justification-center is-layout-constrained wp-container-core-group-is-layout-07713731 wp-block-group-is-layout-constrained\" style=\"margin-top:0;margin-bottom:0;padding-top:var(--wp--preset--spacing--50);padding-right:var(--wp--preset--spacing--50);padding-bottom:var(--wp--preset--spacing--50);padding-left:var(--wp--preset--spacing--50)\">\n<div class=\"wp-block-group is-vertical is-content-justification-center is-layout-flex wp-container-core-group-is-layout-52b864f0 wp-block-group-is-layout-flex\">\n<h2 class=\"wp-block-heading has-text-align-center is-style-default has-lilita-one-font-family\">MICRO PATROCINADORES<\/h2>\n\n\n\n<div style=\"height:0px\" aria-hidden=\"true\" class=\"wp-block-spacer wp-container-content-4f2ccadb\"><\/div>\n<\/div>\n\n\n\n<div class=\"wp-block-columns alignwide sponsors-image-wrapper usaquen is-layout-flex wp-container-core-columns-is-layout-d0bbbce0 wp-block-columns-is-layout-flex\">\n<div class=\"wp-block-column is-layout-flow wp-container-core-column-is-layout-e3d1c41b wp-block-column-is-layout-flow\">\n<div class=\"wp-block-columns is-layout-flex wp-container-core-columns-is-layout-28f84493 wp-block-columns-is-layout-flex\">\n<div class=\"wp-block-column is-layout-flow wp-block-column-is-layout-flow\"><\/div>\n\n\n\n<div class=\"wp-block-column is-layout-flow wp-block-column-is-layout-flow\">\n<figure class=\"wp-block-image size-full is-resized\"><a href=\"https:\/\/bogota.wordcamp.org\/2024\/sponsor\/luis-r-silva\/\"><img loading=\"lazy\" decoding=\"async\" width=\"379\" height=\"210\" src=\"https:\/\/bogota.wordcamp.org\/2024\/files\/2024\/08\/LRS-IMAGOTIPO-03.1.png\" alt=\"\" class=\"wp-image-2997\" style=\"width:271px;height:auto\" srcset=\"https:\/\/bogota.wordcamp.org\/2024\/files\/2024\/08\/LRS-IMAGOTIPO-03.1.png 379w, https:\/\/bogota.wordcamp.org\/2024\/files\/2024\/08\/LRS-IMAGOTIPO-03.1-300x166.png 300w\" sizes=\"auto, (max-width: 379px) 100vw, 379px\" \/><\/a><\/figure>\n<\/div>\n\n\n\n<div class=\"wp-block-column is-layout-flow wp-block-column-is-layout-flow\">\n<figure class=\"wp-block-image aligncenter size-full is-resized\"><a href=\"https:\/\/bogota.wordcamp.org\/2024\/sponsor\/streaming-gt\/\"><img loading=\"lazy\" decoding=\"async\" width=\"434\" height=\"372\" src=\"https:\/\/bogota.wordcamp.org\/2024\/files\/2024\/08\/logo-oficial-streaming-gt.png\" alt=\"\" class=\"wp-image-2999\" style=\"width:auto;height:120px\" srcset=\"https:\/\/bogota.wordcamp.org\/2024\/files\/2024\/08\/logo-oficial-streaming-gt.png 434w, https:\/\/bogota.wordcamp.org\/2024\/files\/2024\/08\/logo-oficial-streaming-gt-300x257.png 300w, https:\/\/bogota.wordcamp.org\/2024\/files\/2024\/08\/logo-oficial-streaming-gt-350x300.png 350w\" sizes=\"auto, (max-width: 434px) 100vw, 434px\" \/><\/a><\/figure>\n<\/div>\n\n\n\n<div class=\"wp-block-column is-layout-flow wp-block-column-is-layout-flow\"><\/div>\n<\/div>\n\n\n\n<div class=\"wp-block-columns is-layout-flex wp-container-core-columns-is-layout-28f84493 wp-block-columns-is-layout-flex\">\n<div class=\"wp-block-column is-layout-flow wp-block-column-is-layout-flow\"><\/div>\n\n\n\n<div class=\"wp-block-column is-layout-flow wp-block-column-is-layout-flow\"><\/div>\n\n\n\n<div class=\"wp-block-column is-layout-flow wp-block-column-is-layout-flow\"><\/div>\n<\/div>\n<\/div>\n<\/div>\n<\/div>\n\n\n\n<div class=\"wp-block-group alignfull has-base-2-background-color has-background has-global-padding is-content-justification-center is-layout-constrained wp-container-core-group-is-layout-07713731 wp-block-group-is-layout-constrained\" style=\"margin-top:0;margin-bottom:0;padding-top:var(--wp--preset--spacing--50);padding-right:var(--wp--preset--spacing--50);padding-bottom:var(--wp--preset--spacing--50);padding-left:var(--wp--preset--spacing--50)\">\n<div class=\"wp-block-group is-vertical is-content-justification-center is-layout-flex wp-container-core-group-is-layout-52b864f0 wp-block-group-is-layout-flex\">\n<h2 class=\"wp-block-heading has-text-align-center is-style-asterisk\">\u00bfTE GUSTARIA PATROCINAR ESTE WORDCAMP?<br><\/h2>\n\n\n\n<div style=\"height:0px\" aria-hidden=\"true\" class=\"wp-block-spacer wp-container-content-4f2ccadb\"><\/div>\n\n\n\n<p class=\"has-text-align-center\">Echa un vistazo a nuestra&nbsp;<strong><a href=\"https:\/\/bogota.wordcamp.org\/2024\/llamado-a-patrocinadores\/\">convocatoria de patrocinadores&nbsp;<\/a><\/strong>para obtener m\u00e1s informaci\u00f3n sobre c\u00f3mo puedes ayudar a que el WordCamp de este a\u00f1o sea el mejor.<br><br><\/p>\n<\/div>\n<\/div>\n\n\n\n<p><\/p>\n","protected":false},"excerpt":{"rendered":"<p>PATROCINADORES USAQU\u00c9N PATROCINADORES chapinero MICRO PATROCINADORES \u00bfTE GUSTARIA PATROCINAR ESTE WORDCAMP? Echa un vistazo a nuestra&nbsp;convocatoria de patrocinadores&nbsp;para obtener m\u00e1s informaci\u00f3n sobre c\u00f3mo puedes ayudar a que el WordCamp de este a\u00f1o sea el mejor.<\/p>\n","protected":false},"author":14911570,"featured_media":0,"parent":0,"menu_order":0,"comment_status":"closed","ping_status":"closed","template":"","meta":{"advanced_seo_description":"","jetpack_seo_html_title":"","jetpack_seo_noindex":false,"jetpack_post_was_ever_published":false,"footnotes":""},"class_list":["post-10","page","type-page","status-publish","hentry"],"jetpack_sharing_enabled":true,"_links":{"self":[{"href":"https:\/\/bogota.wordcamp.org\/2024\/wp-json\/wp\/v2\/pages\/10","targetHints":{"allow":["GET"]}}],"collection":[{"href":"https:\/\/bogota.wordcamp.org\/2024\/wp-json\/wp\/v2\/pages"}],"about":[{"href":"https:\/\/bogota.wordcamp.org\/2024\/wp-json\/wp\/v2\/types\/page"}],"author":[{"embeddable":true,"href":"https:\/\/bogota.wordcamp.org\/2024\/wp-json\/wp\/v2\/users\/14911570"}],"replies":[{"embeddable":true,"href":"https:\/\/bogota.wordcamp.org\/2024\/wp-json\/wp\/v2\/comments?post=10"}],"version-history":[{"count":36,"href":"https:\/\/bogota.wordcamp.org\/2024\/wp-json\/wp\/v2\/pages\/10\/revisions"}],"predecessor-version":[{"id":3022,"href":"https:\/\/bogota.wordcamp.org\/2024\/wp-json\/wp\/v2\/pages\/10\/revisions\/3022"}],"wp:attachment":[{"href":"https:\/\/bogota.wordcamp.org\/2024\/wp-json\/wp\/v2\/media?parent=10"}],"curies":[{"name":"wp","href":"https:\/\/api.w.org\/{rel}","templated":true}]}}