{"id":1983,"date":"2023-04-01T08:55:34","date_gmt":"2023-04-01T13:55:34","guid":{"rendered":"https:\/\/bogota.wordcamp.org\/2023\/?page_id=1983"},"modified":"2023-04-01T08:56:05","modified_gmt":"2023-04-01T13:56:05","slug":"full-site-editing","status":"publish","type":"page","link":"https:\/\/bogota.wordcamp.org\/2023\/zona-de-descargas\/full-site-editing\/","title":{"rendered":"Full Site Editing\u00a0"},"content":{"rendered":"\n<div class=\"wp-block-columns is-layout-flex wp-container-core-columns-is-layout-9d6595d7 wp-block-columns-is-layout-flex\">\n<div class=\"wp-block-column is-layout-flow wp-block-column-is-layout-flow\"><div class=\"wp-block-image\">\n<figure class=\"aligncenter size-full is-resized\"><img data-recalc-dims=\"1\" loading=\"lazy\" decoding=\"async\" src=\"https:\/\/i0.wp.com\/bogota.wordcamp.org\/2023\/files\/2023\/03\/elpuas.png?resize=360%2C340&#038;ssl=1\" alt=\"\" class=\"wp-image-1089\" width=\"360\" height=\"340\" srcset=\"https:\/\/i0.wp.com\/bogota.wordcamp.org\/2023\/files\/2023\/03\/elpuas.png?w=720&amp;ssl=1 720w, https:\/\/i0.wp.com\/bogota.wordcamp.org\/2023\/files\/2023\/03\/elpuas.png?resize=300%2C283&amp;ssl=1 300w, https:\/\/i0.wp.com\/bogota.wordcamp.org\/2023\/files\/2023\/03\/elpuas.png?resize=318%2C300&amp;ssl=1 318w\" sizes=\"auto, (max-width: 360px) 100vw, 360px\" \/><\/figure>\n<\/div>\n\n\n<h2 class=\"wp-block-heading has-text-align-center\">Alfredo Navas<\/h2>\n\n\n\n<p class=\"has-text-align-center\">Senior Frontend Engineer, Dise\u00f1ador\u00a0grafico<br>Orador experimentado, habiendo presentado en numerosas conferencias y talleres en todo el mundo. Siempre estoy dispuesto a compartir mi conocimiento y experiencia y ayudar a otros a aprender y crecer.<\/p>\n\n\n\n<ul class=\"wp-block-social-links aligncenter is-layout-flex wp-block-social-links-is-layout-flex\"><li class=\"wp-social-link wp-social-link-twitter  wp-block-social-link\"><a href=\"https:\/\/twitter.com\/3LPU4S\" class=\"wp-block-social-link-anchor\"><svg width=\"24\" height=\"24\" viewBox=\"0 0 24 24\" version=\"1.1\" xmlns=\"http:\/\/www.w3.org\/2000\/svg\" aria-hidden=\"true\" focusable=\"false\"><path d=\"M22.23,5.924c-0.736,0.326-1.527,0.547-2.357,0.646c0.847-0.508,1.498-1.312,1.804-2.27 c-0.793,0.47-1.671,0.812-2.606,0.996C18.324,4.498,17.257,4,16.077,4c-2.266,0-4.103,1.837-4.103,4.103 c0,0.322,0.036,0.635,0.106,0.935C8.67,8.867,5.647,7.234,3.623,4.751C3.27,5.357,3.067,6.062,3.067,6.814 c0,1.424,0.724,2.679,1.825,3.415c-0.673-0.021-1.305-0.206-1.859-0.513c0,0.017,0,0.034,0,0.052c0,1.988,1.414,3.647,3.292,4.023 c-0.344,0.094-0.707,0.144-1.081,0.144c-0.264,0-0.521-0.026-0.772-0.074c0.522,1.63,2.038,2.816,3.833,2.85 c-1.404,1.1-3.174,1.756-5.096,1.756c-0.331,0-0.658-0.019-0.979-0.057c1.816,1.164,3.973,1.843,6.29,1.843 c7.547,0,11.675-6.252,11.675-11.675c0-0.178-0.004-0.355-0.012-0.531C20.985,7.47,21.68,6.747,22.23,5.924z\"><\/path><\/svg><span class=\"wp-block-social-link-label screen-reader-text\">Twitter<\/span><\/a><\/li><\/ul>\n<\/div>\n\n\n\n<div class=\"wp-block-column is-layout-flow wp-block-column-is-layout-flow\"><div data-test='contact-form'\n\t\t\tid='contact-form-1983'\n\t\t\tclass='wp-block-jetpack-contact-form-container '\n\t\t\tdata-wp-interactive='jetpack\/form' data-wp-context='{\"formId\":\"1983\",\"formHash\":\"14615708516fffa53822104882403219c8af96e8\",\"showErrors\":false,\"errors\":[],\"fields\":[],\"isMultiStep\":false,\"useAjax\":false,\"submissionData\":null,\"formattedSubmissionData\":[],\"submissionSuccess\":false,\"submissionError\":null,\"elementId\":\"jp-form-14615708516fffa53822104882403219c8af96e8\",\"isSingleInputForm\":false}'\n\t\t\tdata-wp-watch--scroll-to-wrapper=\"callbacks.scrollToWrapper\"\n\t\t>\n<form action='https:\/\/bogota.wordcamp.org\/2023\/zona-de-descargas\/full-site-editing\/'\n\t\t\t\tid='jp-form-14615708516fffa53822104882403219c8af96e8'\n\t\t\t\tmethod='post'\n\t\t\t\tclass='contact-form commentsblock wp-block-jetpack-contact-form' aria-label=\"Full Site Editing\u00a0\"\n\t\t\t\tdata-wp-on--submit=\"actions.onFormSubmit\"\n\t\t\t\tdata-wp-on--reset=\"actions.onFormReset\"\n\t\t\t\tdata-wp-class--submission-success=\"context.submissionSuccess\"\n\t\t\t\tdata-wp-class--is-first-step=\"state.isFirstStep\"\n\t\t\t\tdata-wp-class--is-last-step=\"state.isLastStep\"\n\t\t\t\tdata-wp-class--is-ajax-form=\"context.useAjax\"\n\t\t\t\tnovalidate >\n<input type='hidden' name='jetpack_contact_form_jwt' value='eyJ0eXAiOiJKV1QiLCJhbGciOiJIUzI1NiJ9.eyJlbmNyeXB0ZWRfYXR0cmlidXRlcyI6InlxV0hBUmIvZTBKdDFLLzVkdGM0RjV1bU5iU0pjdzEwaW4rK0dma1Q1bmYzQytreWo5TlljNVo1OGhFSmNteXZFa3UwV0FPNkt4Z3ZYS0hnWStZWEJEK29HZlU4YjNRYnRDTERhRzZVb3JaZEd4TVBPYVhzVkVVTG5lck9IWFlCNStEQVhuUDVQNlloWnlMRlJJazhxTmtKTFlGZFN0OWtzOS9uN05jei9vdzVPUHFzYkp2b1lPaUw1Mm9jUnpzR2VPS2Q5TGk0WnI3Uk9CZTR5ciswZkpKdUlVaGxXSFNDa3pnWGk5aXUwTUhTYTRHdXFnWFRYYitxZnhRZlhpN3Y1SW5ldjlNUms0ZkJ0ZURic2lzSnlvZ2JUQ1l2Z05HM3Urc2lpa2p4WHhleWZFc2pHUXNVV0QzcWJycGdXTE51VXluY0lNdTRyTmt1Y25NYzlBbVd3V3g0ekt2S2xtZE90eWJ6cm1zWlJ6Z3YxWWp4OThiMWFFUHl4eTN4SjVuTHdoaHJBUGpnR3hmeVZJQ205MFM2R3h6UERlZ0VlMmlIeDcyUVhCZmcvemtFVHBWR3JMdlBIT0hmRXo5RU4yWVd3dFRVSUl5cFpLV2FUVTlZMTZZYjZ1Rm05Y0tmQW9tRCtiRStneTZEbS9xeW1DTloxVWg4c29DS1B3M29IdjFVaGxPZExvYTZZWGhpRTBrZFNvbUJpcW15TjJ2NzlJeUtTUkduNUlqajZSZjhPd21RRmRBVVRWalVYSTYzaDRVaUgzaUpKelpOYmJqQ0s4MmI5TkF2WUM4S0JueEIxT3dRZHkyTklDNnVFcHlETmxqWTFXTjZaYWdQS3F2dzMyVmlIMzBCR1crT2I5bVVGcnFoN3QyWEhkUnpmUzNjaG4zVTN4MmtqOVcrNEp4MDVGV1FzMHhqd2xQUmUwMVAwMHFFL3VWWkJNMmZZY3dIbWQwYkF0LzBkRDZ2L3VIVkM5T2NLK3ZqekVwYVZPUTBlc25UTjVWVzBuQW1lVEFUREJ0eGhSRWtGMUlQQVgrZmFyTXlnWHVCOUxMc3AxTlpjejNzOGdUVlp4UjJndkRyQTFuTEFpNTZvQ0w0STBTajZsZVdOeFB4amlLZ0I4TGxaYzlxZkJJaERlbXlNR1dNbm91REcvNXVvc25ZOGExcnBFaTVhWGx6aEtndFZzVW9mdnAxMkJuZ1ZicUM1c3RzR2drNFRBMWxITUM3UVB0ODJueVdOTjdvYVRDZ0ZtM3N0ZnFZSC9rZjd4Qzc0UE1TRDd2SXRReHpIK3VuZ2RoNVFXcDF2c3h5TE9aVyt5UHVTNVZRYmZpc1pEUXlMYi81MU5nVEZIdz0iLCJjb250ZW50IjoiXG48ZGl2IGNsYXNzPVwid3AtYmxvY2stamV0cGFjay1jb250YWN0LWZvcm1cIiBzdHlsZT1cInBhZGRpbmctdG9wOjE2cHg7cGFkZGluZy1yaWdodDoxNnB4O3BhZGRpbmctYm90dG9tOjE2cHg7cGFkZGluZy1sZWZ0OjE2cHhcIj5cbjxoMyBjbGFzcz1cIndwLWJsb2NrLWhlYWRpbmdcIj5BY2NlZGUgYSBsYSBwcmVzZW50YWNpXHUwMGYzbiBncmF0dWl0YW1lbnRlIGFxdVx1MDBlZDwvaDM-XG5cblxuXG48cD5Tb2xvIGhheSBxdWUgcmVsbGVuYXIgZWwgc2lndWllbnRlIGZvcm11bGFyaW88L3A-XG5cblxuW2NvbnRhY3QtZmllbGQgbGFiZWw9XCJOb21icmVcIiByZXF1aXJlZD1cIjFcIiByZXF1aXJlZFRleHQ9XCIocmVxdWlyZWQpXCIgbGFiZWxGb250U2l6ZT1cIjEzcHhcIiBmaWVsZEZvbnRTaXplPVwiMjBweFwiIGxhYmVsQ29sb3I9XCIjZmZmZmZmXCIgdHlwZT1cIm5hbWVcIi9dXG5cbltjb250YWN0LWZpZWxkIHJlcXVpcmVkPVwiMVwiIHJlcXVpcmVkVGV4dD1cIihyZXF1aXJlZClcIiBsYWJlbEZvbnRTaXplPVwiMTNweFwiIGZpZWxkRm9udFNpemU9XCIyMHB4XCIgbGFiZWxDb2xvcj1cIiNmZmZmZmZcIiB0eXBlPVwiZW1haWxcIiBsYWJlbD1cIkVtYWlsXCIvXVxuXG5bY29udGFjdC1maWVsZCBsYWJlbD1cIkRcdTAwZTlqYW5vcyB0dSBmZWVkYmFjayBxdWUgdGUgbGxhbVx1MDBmMyBsYSBhdGVuY2lcdTAwZjNuIHNvYnJlIHN1IGNoYXJsYSYjMDQ0OyBxdWUgdGUgZ3VzdGFyXHUwMGVkYSBzZWd1aXIgYXByZW5kaWVuZG8gbVx1MDBlMXMuIEVudHJlIG1cdTAwZTFzIGRldGFsbGFkbyBub3MgZGFzIHR1IGZlZWRiYWNrJiMwNDQ7IHNhYnJlbW9zIHF1ZSBzb2xpY2l0YXIgYSBudWVzdHJvcyBzcGVha2VycyBhIGxhIHByXHUwMGYzeGltYTpcIiByZXF1aXJlZFRleHQ9XCIocmVxdWlyZWQpXCIgbGFiZWxGb250U2l6ZT1cIjEzcHhcIiBmaWVsZEZvbnRTaXplPVwiMjBweFwiIGxhYmVsQ29sb3I9XCIjZmZmZmZmXCIgdHlwZT1cInRleHRhcmVhXCIvXVxuXG48ZGl2IGNsYXNzPVwid3AtYmxvY2stamV0cGFjay1idXR0b24gaXMtc3R5bGUtZmlsbCB3cC1ibG9jay1idXR0b25cIiBzdHlsZT1cIlwiPjxidXR0b24gY2xhc3M9XCJ3cC1ibG9jay1idXR0b25fX2xpbmsgaXMtc3R5bGUtZmlsbCBoYXMtdGV4dC1jb2xvciBoYXMtYmFja2dyb3VuZFwiIHN0eWxlPVwiY29sb3I6ICMwNDBhMjk7IGJhY2tncm91bmQtY29sb3I6ICNmNGI2MzE7IGJvcmRlci1yYWRpdXM6IDExcHg7XCIgZGF0YS1pZC1hdHRyPVwicGxhY2Vob2xkZXJcIiB0eXBlPVwic3VibWl0XCIgZGF0YS13cC1jbGFzcy0taXMtc3VibWl0dGluZz1cInN0YXRlLmlzU3VibWl0dGluZ1wiIGRhdGEtd3AtYmluZC0tYXJpYS1kaXNhYmxlZD1cInN0YXRlLmlzQXJpYURpc2FibGVkXCI-RGVzY2FyZ2FyPHNwYW4gY2xhc3M9XCJzcGlubmVyXCIgYXJpYS1oaWRkZW49XCJ0cnVlXCI-PHN2ZyB3aWR0aD1cIjI0XCIgaGVpZ2h0PVwiMjRcIiB2aWV3Qm94PVwiMCAwIDI0IDI0XCIgeG1sbnM9XCJodHRwOi8vd3d3LnczLm9yZy8yMDAwL3N2Z1wiPjxwYXRoIGQ9XCJNMTIsMUExMSwxMSwwLDEsMCwyMywxMiwxMSwxMSwwLDAsMCwxMiwxWm0wLDE5YTgsOCwwLDEsMSw4LThBOCw4LDAsMCwxLDEyLDIwWlwiIG9wYWNpdHk9XCIuMjVcIi8-PHBhdGggZD1cIk0xMC4xNCwxLjE2YTExLDExLDAsMCwwLTksOC45MkExLjU5LDEuNTksMCwwLDAsMi40NiwxMiwxLjUyLDEuNTIsMCwwLDAsNC4xMSwxMC43YTgsOCwwLDAsMSw2LjY2LTYuNjFBMS40MiwxLjQyLDAsMCwwLDEyLDIuNjloMEExLjU3LDEuNTcsMCwwLDAsMTAuMTQsMS4xNlpcIj48YW5pbWF0ZVRyYW5zZm9ybSBhdHRyaWJ1dGVOYW1lPVwidHJhbnNmb3JtXCIgdHlwZT1cInJvdGF0ZVwiIGR1cj1cIjAuNzVzXCIgdmFsdWVzPVwiMCAxMiAxMjszNjAgMTIgMTJcIiByZXBlYXRDb3VudD1cImluZGVmaW5pdGVcIi8-PC9wYXRoPjwvc3ZnPjxzcGFuIGNsYXNzPVwiaXMtdmlzdWFsbHktaGlkZGVuXCI-U3VibWl0dGluZyBmb3JtPC9zcGFuPjwvc3Bhbj48L2J1dHRvbj48L2Rpdj48L2Rpdj5cbiIsImhhc2giOiIxNDYxNTcwODUxNmZmZmE1MzgyMjEwNDg4MjQwMzIxOWM4YWY5NmU4Iiwic291cmNlIjp7ImVudHJ5X3RpdGxlIjoiRnVsbCBTaXRlIEVkaXRpbmdcdTAwYTAiLCJlbnRyeV9wYWdlIjoxLCJzb3VyY2VfaWQiOjE5ODMsInNvdXJjZV90eXBlIjoic2luZ2xlIiwicmVxdWVzdF91cmwiOiJodHRwczovL2JvZ290YS53b3JkY2FtcC5vcmcvMjAyMy93cC1qc29uL3dwL3YyL3BhZ2VzLzE5ODMifSwidmVyc2lvbiI6MiwiY2lwaGVyIjoiYWVzLTI1Ni1nY20ifQ.Me3zMsmnGWalaYqa_tyG-8IaGWBYHBTXfQi6sxsaBFo' \/>\n\n<div class=\"wp-block-jetpack-contact-form\" style=\"padding-top:16px;padding-right:16px;padding-bottom:16px;padding-left:16px\">\n<h3 class=\"wp-block-heading\">Accede a la presentaci\u00f3n gratuitamente aqu\u00ed<\/h3>\n\n\n\n<p>Solo hay que rellenar el siguiente formulario<\/p>\n\n\n\n<div style=\"--jetpack--contact-form--font-size: 20px;\"  data-wp-interactive=\"jetpack\/form\" data-wp-context='{\"fieldId\":\"g1983-nombre\",\"fieldType\":\"name\",\"fieldLabel\":\"Nombre\",\"fieldValue\":\"\",\"fieldPlaceholder\":\"\",\"fieldIsRequired\":\"1\",\"fieldErrorMessage\":\"\",\"fieldExtra\":[],\"formHash\":\"14615708516fffa53822104882403219c8af96e8\"}'  class='grunion-field-name-wrap grunion-field-wrap'  data-wp-init='callbacks.initializeField' data-wp-on--jetpack-form-reset='callbacks.initializeField' >\n<label\n\t\t\t\tfor='g1983-nombre' style=\"color: #ffffff;font-size: 13px;\" class=\"grunion-field-label name\" >Nombre<span class=\"grunion-label-required\" aria-hidden=\"true\">(required)<\/span><\/label>\n<input\n\t\t\t\t\ttype='text'\n\t\t\t\t\tname='g1983-nombre'\n\t\t\t\t\tid='g1983-nombre'\n\t\t\t\t\tvalue=''\n\n\t\t\t\t\tdata-wp-bind--aria-invalid='state.fieldAriaInvalid'\n\t\t\t\t\tdata-wp-bind--value='state.getFieldValue'\n\t\t\t\t\taria-describedby='g1983-nombre-text-error-message'\n\t\t\t\t\tdata-wp-on--input='actions.onFieldChange'\n\t\t\t\t\tdata-wp-on--blur='actions.onFieldBlur'\n\t\t\t\t\tdata-wp-class--has-value='state.hasFieldValue'\n\n\t\t\t\t\tclass='name  grunion-field' \n\t\t\t\t\trequired='true' aria-required='true' style=\"font-size: 20px;\"  \/>\n \n\t\t\t<div id=\"g1983-nombre-text-error\" class=\"contact-form__input-error\" data-wp-class--has-errors=\"state.fieldHasErrors\">\n\t\t\t\t<span class=\"contact-form__warning-icon\" aria-hidden=\"true\">\n\t\t\t\t\t<svg width=\"16\" height=\"16\" viewBox=\"0 0 16 16\" fill=\"none\" xmlns=\"http:\/\/www.w3.org\/2000\/svg\">\n\t\t\t\t\t\t<path d=\"M8.50015 11.6402H7.50015V10.6402H8.50015V11.6402Z\" \/>\n\t\t\t\t\t\t<path d=\"M7.50015 9.64018H8.50015V6.30684H7.50015V9.64018Z\" \/>\n\t\t\t\t\t\t<path fill-rule=\"evenodd\" clip-rule=\"evenodd\" d=\"M6.98331 3.0947C7.42933 2.30177 8.57096 2.30177 9.01698 3.09469L13.8771 11.7349C14.3145 12.5126 13.7525 13.4735 12.8602 13.4735H3.14004C2.24774 13.4735 1.68575 12.5126 2.12321 11.7349L6.98331 3.0947ZM8.14541 3.58496C8.08169 3.47168 7.9186 3.47168 7.85488 3.58496L2.99478 12.2251C2.93229 12.3362 3.01257 12.4735 3.14004 12.4735H12.8602C12.9877 12.4735 13.068 12.3362 13.0055 12.2251L8.14541 3.58496Z\" \/>\n\t\t\t\t\t<\/svg>\n\t\t\t\t<\/span>\n\t\t\t\t<span data-wp-text=\"state.errorMessage\" id=\"g1983-nombre-text-error-message\"><\/span>\n\t\t\t<\/div> \n\t<\/div>\n\n\n\n<div style=\"--jetpack--contact-form--font-size: 20px;\"  data-wp-interactive=\"jetpack\/form\" data-wp-context='{\"fieldId\":\"g1983-email\",\"fieldType\":\"email\",\"fieldLabel\":\"Email\",\"fieldValue\":\"\",\"fieldPlaceholder\":\"\",\"fieldIsRequired\":\"1\",\"fieldErrorMessage\":\"\",\"fieldExtra\":[],\"formHash\":\"14615708516fffa53822104882403219c8af96e8\"}'  class='grunion-field-email-wrap grunion-field-wrap'  data-wp-init='callbacks.initializeField' data-wp-on--jetpack-form-reset='callbacks.initializeField' >\n<label\n\t\t\t\tfor='g1983-email' style=\"color: #ffffff;font-size: 13px;\" class=\"grunion-field-label email\" >Email<span class=\"grunion-label-required\" aria-hidden=\"true\">(required)<\/span><\/label>\n<input\n\t\t\t\t\ttype='email'\n\t\t\t\t\tname='g1983-email'\n\t\t\t\t\tid='g1983-email'\n\t\t\t\t\tvalue=''\n\n\t\t\t\t\tdata-wp-bind--aria-invalid='state.fieldAriaInvalid'\n\t\t\t\t\tdata-wp-bind--value='state.getFieldValue'\n\t\t\t\t\taria-describedby='g1983-email-email-error-message'\n\t\t\t\t\tdata-wp-on--input='actions.onFieldChange'\n\t\t\t\t\tdata-wp-on--blur='actions.onFieldBlur'\n\t\t\t\t\tdata-wp-class--has-value='state.hasFieldValue'\n\n\t\t\t\t\tclass='email  grunion-field' \n\t\t\t\t\trequired='true' aria-required='true' style=\"font-size: 20px;\"  \/>\n \n\t\t\t<div id=\"g1983-email-email-error\" class=\"contact-form__input-error\" data-wp-class--has-errors=\"state.fieldHasErrors\">\n\t\t\t\t<span class=\"contact-form__warning-icon\" aria-hidden=\"true\">\n\t\t\t\t\t<svg width=\"16\" height=\"16\" viewBox=\"0 0 16 16\" fill=\"none\" xmlns=\"http:\/\/www.w3.org\/2000\/svg\">\n\t\t\t\t\t\t<path d=\"M8.50015 11.6402H7.50015V10.6402H8.50015V11.6402Z\" \/>\n\t\t\t\t\t\t<path d=\"M7.50015 9.64018H8.50015V6.30684H7.50015V9.64018Z\" \/>\n\t\t\t\t\t\t<path fill-rule=\"evenodd\" clip-rule=\"evenodd\" d=\"M6.98331 3.0947C7.42933 2.30177 8.57096 2.30177 9.01698 3.09469L13.8771 11.7349C14.3145 12.5126 13.7525 13.4735 12.8602 13.4735H3.14004C2.24774 13.4735 1.68575 12.5126 2.12321 11.7349L6.98331 3.0947ZM8.14541 3.58496C8.08169 3.47168 7.9186 3.47168 7.85488 3.58496L2.99478 12.2251C2.93229 12.3362 3.01257 12.4735 3.14004 12.4735H12.8602C12.9877 12.4735 13.068 12.3362 13.0055 12.2251L8.14541 3.58496Z\" \/>\n\t\t\t\t\t<\/svg>\n\t\t\t\t<\/span>\n\t\t\t\t<span data-wp-text=\"state.errorMessage\" id=\"g1983-email-email-error-message\"><\/span>\n\t\t\t<\/div> \n\t<\/div>\n\n\n\n<div style=\"--jetpack--contact-form--font-size: 20px;\"  data-wp-interactive=\"jetpack\/form\" data-wp-context='{\"fieldId\":\"g1983-djanostufeedbackquetellamlaatencinsobresucharla044quetegustaraseguiraprendiendoms-entremsdetalladonosdastufeedback044sabremosquesolicitaranuestrosspeakersalaprxima\",\"fieldType\":\"textarea\",\"fieldLabel\":\"D\\u00e9janos tu feedback que te llam\\u00f3 la atenci\\u00f3n sobre su charla\\u0026#044; que te gustar\\u00eda seguir aprendiendo m\\u00e1s. Entre m\\u00e1s detallado nos das tu feedback\\u0026#044; sabremos que solicitar a nuestros speakers a la pr\\u00f3xima:\",\"fieldValue\":\"\",\"fieldPlaceholder\":\"\",\"fieldIsRequired\":\"\",\"fieldErrorMessage\":\"\",\"fieldExtra\":[],\"formHash\":\"14615708516fffa53822104882403219c8af96e8\"}'  class='grunion-field-textarea-wrap grunion-field-wrap'  data-wp-init='callbacks.initializeField' data-wp-on--jetpack-form-reset='callbacks.initializeField' >\n<label\n\t\t\t\tfor='contact-form-comment-g1983-djanostufeedbackquetellamlaatencinsobresucharla044quetegustaraseguiraprendiendoms-entremsdetalladonosdastufeedback044sabremosquesolicitaranuestrosspeakersalaprxima' style=\"color: #ffffff;font-size: 13px;\" class=\"grunion-field-label textarea\" >D\u00e9janos tu feedback que te llam\u00f3 la atenci\u00f3n sobre su charla&#044; que te gustar\u00eda seguir aprendiendo m\u00e1s. Entre m\u00e1s detallado nos das tu feedback&#044; sabremos que solicitar a nuestros speakers a la pr\u00f3xima:<\/label>\n<textarea\n\t\t                style='font-size: 20px;'\n\t\t                name='g1983-djanostufeedbackquetellamlaatencinsobresucharla044quetegustaraseguiraprendiendoms-entremsdetalladonosdastufeedback044sabremosquesolicitaranuestrosspeakersalaprxima'\n\t\t                id='contact-form-comment-g1983-djanostufeedbackquetellamlaatencinsobresucharla044quetegustaraseguiraprendiendoms-entremsdetalladonosdastufeedback044sabremosquesolicitaranuestrosspeakersalaprxima'\n\t\t                rows='20'\n\t\t\t\t\t\tdata-wp-text='state.getFieldValue'\n\t\t\t\t\t\tdata-wp-on--input='actions.onFieldChange'\n\t\t\t\t\t\tdata-wp-on--blur='actions.onFieldBlur'\n\t\t\t\t\t\tdata-wp-class--has-value='state.hasFieldValue'\n\t\t\t\t\t\taria-describedby='g1983-djanostufeedbackquetellamlaatencinsobresucharla044quetegustaraseguiraprendiendoms-entremsdetalladonosdastufeedback044sabremosquesolicitaranuestrosspeakersalaprxima-textarea-error-message'\n\t\t\t\t\t\tdata-wp-bind--aria-invalid='state.fieldAriaInvalid'\n\t\t\t\t\t\tclass='textarea  grunion-field'  ><\/textarea>\n \n\t\t\t<div id=\"g1983-djanostufeedbackquetellamlaatencinsobresucharla044quetegustaraseguiraprendiendoms-entremsdetalladonosdastufeedback044sabremosquesolicitaranuestrosspeakersalaprxima-textarea-error\" class=\"contact-form__input-error\" data-wp-class--has-errors=\"state.fieldHasErrors\">\n\t\t\t\t<span class=\"contact-form__warning-icon\" aria-hidden=\"true\">\n\t\t\t\t\t<svg width=\"16\" height=\"16\" viewBox=\"0 0 16 16\" fill=\"none\" xmlns=\"http:\/\/www.w3.org\/2000\/svg\">\n\t\t\t\t\t\t<path d=\"M8.50015 11.6402H7.50015V10.6402H8.50015V11.6402Z\" \/>\n\t\t\t\t\t\t<path d=\"M7.50015 9.64018H8.50015V6.30684H7.50015V9.64018Z\" \/>\n\t\t\t\t\t\t<path fill-rule=\"evenodd\" clip-rule=\"evenodd\" d=\"M6.98331 3.0947C7.42933 2.30177 8.57096 2.30177 9.01698 3.09469L13.8771 11.7349C14.3145 12.5126 13.7525 13.4735 12.8602 13.4735H3.14004C2.24774 13.4735 1.68575 12.5126 2.12321 11.7349L6.98331 3.0947ZM8.14541 3.58496C8.08169 3.47168 7.9186 3.47168 7.85488 3.58496L2.99478 12.2251C2.93229 12.3362 3.01257 12.4735 3.14004 12.4735H12.8602C12.9877 12.4735 13.068 12.3362 13.0055 12.2251L8.14541 3.58496Z\" \/>\n\t\t\t\t\t<\/svg>\n\t\t\t\t<\/span>\n\t\t\t\t<span data-wp-text=\"state.errorMessage\" id=\"g1983-djanostufeedbackquetellamlaatencinsobresucharla044quetegustaraseguiraprendiendoms-entremsdetalladonosdastufeedback044sabremosquesolicitaranuestrosspeakersalaprxima-textarea-error-message\"><\/span>\n\t\t\t<\/div>\n\t<\/div>\n\n\n<div class=\"contact-form__error\" data-wp-class--show-errors=\"state.showFormErrors\"><span class=\"contact-form__warning-icon\" aria-hidden=\"true\"><i><\/i><\/span><span class=\"contact-form__error-message\" tabindex=\"-1\" data-wp-watch=\"callbacks.focusOnValidationError\" data-wp-text=\"state.getFormErrorMessage\"><\/span><ul aria-label=\"Form errors\">\n\t\t\t\t<template data-wp-each=\"state.getErrorList\" data-wp-key=\"context.item.id\">\n\t\t\t\t\t<li><a data-wp-bind--href=\"context.item.anchor\" data-wp-on--click=\"actions.scrollIntoView\" data-wp-text=\"context.item.label\"><\/a><\/li>\n\t\t\t\t<\/template>\n\t\t\t\t<\/ul><\/div><div class=\"contact-form__error\" data-wp-class--show-errors=\"state.showSubmissionError\" data-wp-text=\"context.submissionError\" tabindex=\"-1\" data-wp-watch=\"callbacks.focusOnSubmissionError\"><\/div> <div class=\"wp-block-jetpack-button is-style-fill wp-block-button\" style=\"\"><button data-wp-bind--disabled=\"state.isAriaDisabled\" class=\"wp-block-button__link is-style-fill has-text-color has-background\" style=\"color: #040a29; background-color: #f4b631; border-radius: 11px;\" data-id-attr=\"placeholder\" type=\"submit\" data-wp-class--is-submitting=\"state.isSubmitting\" data-wp-bind--aria-disabled=\"state.isAriaDisabled\">Descargar<span class=\"spinner\" aria-hidden=\"true\"><svg width=\"24\" height=\"24\" viewBox=\"0 0 24 24\" xmlns=\"http:\/\/www.w3.org\/2000\/svg\"><path d=\"M12,1A11,11,0,1,0,23,12,11,11,0,0,0,12,1Zm0,19a8,8,0,1,1,8-8A8,8,0,0,1,12,20Z\" opacity=\".25\"\/><path d=\"M10.14,1.16a11,11,0,0,0-9,8.92A1.59,1.59,0,0,0,2.46,12,1.52,1.52,0,0,0,4.11,10.7a8,8,0,0,1,6.66-6.61A1.42,1.42,0,0,0,12,2.69h0A1.57,1.57,0,0,0,10.14,1.16Z\"><animateTransform attributeName=\"transform\" type=\"rotate\" dur=\"0.75s\" values=\"0 12 12;360 12 12\" repeatCount=\"indefinite\"\/><\/path><\/svg><span class=\"is-visually-hidden\">Submitting form<\/span><\/span><\/button><\/div><\/div>\n\t\t<input type='hidden' name='contact-form-id' value='1983' \/>\n\t\t<input type='hidden' name='action' value='grunion-contact-form' \/>\n\t\t<input type='hidden' name='contact-form-hash' value='14615708516fffa53822104882403219c8af96e8' \/>\n<p style=\"display: none !important;\" class=\"akismet-fields-container\" data-prefix=\"ak_\"><label>&#916;<textarea name=\"ak_hp_textarea\" cols=\"45\" rows=\"8\" maxlength=\"100\"><\/textarea><\/label><input type=\"hidden\" id=\"ak_js_1\" name=\"ak_js\" value=\"4\"\/><script type=\"text\/javascript\">\n\/* <![CDATA[ *\/\ndocument.getElementById( \"ak_js_1\" ).setAttribute( \"value\", ( new Date() ).getTime() );\n\/* ]]> *\/\n<\/script>\n<\/p><\/form>\n<\/div><\/div>\n<\/div>\n","protected":false},"excerpt":{"rendered":"","protected":false},"author":14911570,"featured_media":0,"parent":1877,"menu_order":0,"comment_status":"closed","ping_status":"closed","template":"","meta":{"jetpack_post_was_ever_published":false,"footnotes":""},"class_list":["post-1983","page","type-page","status-publish","hentry"],"jetpack-related-posts":[{"id":19,"url":"https:\/\/bogota.wordcamp.org\/2023\/offline\/","url_meta":{"origin":1983,"position":0},"title":"Offline","author":"vivilo","date":"9 marzo, 2022","format":false,"excerpt":"Organizers note: Update this page with some basic information about your WordCamp. It will be stored in site visitor's browsers, and automatically shown if they try to visit the site without an internet connection. This page couldn't be loaded because you appear to be offline. Please try again once you\u2026","rel":"","context":"Similar post","block_context":{"text":"Similar post","link":""},"img":{"alt_text":"","src":"https:\/\/i0.wp.com\/bogota.wordcamp.org\/2023\/files\/2023\/01\/cropped-logoWCBOG.jpg?fit=512%2C512&resize=350%2C200#038;ssl=1","width":350,"height":200},"classes":[]},{"id":2,"url":"https:\/\/bogota.wordcamp.org\/2023\/sample-page\/","url_meta":{"origin":1983,"position":1},"title":"Sample Page","author":"vivilo","date":"9 marzo, 2022","format":false,"excerpt":"This is an example page. It's different from a blog post because it will stay in one place and will show up in your site navigation (in most themes). Most people start with an About page that introduces them to potential site visitors. It might say something like this: Hi\u2026","rel":"","context":"Similar post","block_context":{"text":"Similar post","link":""},"img":{"alt_text":"","src":"https:\/\/i0.wp.com\/bogota.wordcamp.org\/2023\/files\/2023\/01\/cropped-logoWCBOG.jpg?fit=512%2C512&resize=350%2C200#038;ssl=1","width":350,"height":200},"classes":[]},{"id":10,"url":"https:\/\/bogota.wordcamp.org\/2023\/sponsors\/","url_meta":{"origin":1983,"position":2},"title":"Sponsors","author":"vivilo","date":"9 marzo, 2022","format":false,"excerpt":"Organizers notes: Multi-event sponsors have been automatically created in the Sponsors menu, but you'll need to remove the ones that don't apply to your specific event. To find out which ones apply, please visit the Global Community Sponsorship handbook page. After that, you should add the sponsors that are specific\u2026","rel":"","context":"Similar post","block_context":{"text":"Similar post","link":""},"img":{"alt_text":"","src":"https:\/\/i0.wp.com\/bogota.wordcamp.org\/2023\/files\/2023\/01\/cropped-logoWCBOG.jpg?fit=512%2C512&resize=350%2C200#038;ssl=1","width":350,"height":200},"classes":[]}],"jetpack_sharing_enabled":true,"_links":{"self":[{"href":"https:\/\/bogota.wordcamp.org\/2023\/wp-json\/wp\/v2\/pages\/1983","targetHints":{"allow":["GET"]}}],"collection":[{"href":"https:\/\/bogota.wordcamp.org\/2023\/wp-json\/wp\/v2\/pages"}],"about":[{"href":"https:\/\/bogota.wordcamp.org\/2023\/wp-json\/wp\/v2\/types\/page"}],"author":[{"embeddable":true,"href":"https:\/\/bogota.wordcamp.org\/2023\/wp-json\/wp\/v2\/users\/14911570"}],"replies":[{"embeddable":true,"href":"https:\/\/bogota.wordcamp.org\/2023\/wp-json\/wp\/v2\/comments?post=1983"}],"version-history":[{"count":1,"href":"https:\/\/bogota.wordcamp.org\/2023\/wp-json\/wp\/v2\/pages\/1983\/revisions"}],"predecessor-version":[{"id":1984,"href":"https:\/\/bogota.wordcamp.org\/2023\/wp-json\/wp\/v2\/pages\/1983\/revisions\/1984"}],"up":[{"embeddable":true,"href":"https:\/\/bogota.wordcamp.org\/2023\/wp-json\/wp\/v2\/pages\/1877"}],"wp:attachment":[{"href":"https:\/\/bogota.wordcamp.org\/2023\/wp-json\/wp\/v2\/media?parent=1983"}],"curies":[{"name":"wp","href":"https:\/\/api.w.org\/{rel}","templated":true}]}}