{"id":1967,"date":"2023-04-01T03:14:37","date_gmt":"2023-04-01T08:14:37","guid":{"rendered":"https:\/\/bogota.wordcamp.org\/2023\/?page_id=1967"},"modified":"2023-04-01T03:14:37","modified_gmt":"2023-04-01T08:14:37","slug":"google-tag-manager-la-navaja-suiza-del-marketer","status":"publish","type":"page","link":"https:\/\/bogota.wordcamp.org\/2023\/zona-de-descargas\/google-tag-manager-la-navaja-suiza-del-marketer\/","title":{"rendered":"Google Tag Manager, la navaja suiza del marketer"},"content":{"rendered":"\n<div class=\"wp-block-columns is-layout-flex wp-container-core-columns-is-layout-9d6595d7 wp-block-columns-is-layout-flex\">\n<div class=\"wp-block-column is-layout-flow wp-block-column-is-layout-flow\"><div class=\"wp-block-image\">\n<figure class=\"aligncenter size-full is-resized\"><img data-recalc-dims=\"1\" loading=\"lazy\" decoding=\"async\" src=\"https:\/\/i0.wp.com\/bogota.wordcamp.org\/2023\/files\/2022\/07\/jusn-sparicio.png?resize=360%2C340&#038;ssl=1\" alt=\"\" class=\"wp-image-1044\" width=\"360\" height=\"340\" srcset=\"https:\/\/i0.wp.com\/bogota.wordcamp.org\/2023\/files\/2022\/07\/jusn-sparicio.png?w=720&amp;ssl=1 720w, https:\/\/i0.wp.com\/bogota.wordcamp.org\/2023\/files\/2022\/07\/jusn-sparicio.png?resize=300%2C283&amp;ssl=1 300w, https:\/\/i0.wp.com\/bogota.wordcamp.org\/2023\/files\/2022\/07\/jusn-sparicio.png?resize=318%2C300&amp;ssl=1 318w\" sizes=\"auto, (max-width: 360px) 100vw, 360px\" \/><\/figure>\n<\/div>\n\n\n<h2 class=\"wp-block-heading has-text-align-center\">Juan Sebasti\u00e1n Aparicio<\/h2>\n\n\n\n<p class=\"has-text-align-center\">Dise\u00f1ador gr\u00e1fico y desarrollador de software con m\u00e1s de 8 a\u00f1os de experiencia. Creador de Tutopress, uno de los canales de YouTube m\u00e1s vistos en anal\u00edtica digital en Espa\u00f1ol.<\/p>\n\n\n\n<ul class=\"wp-block-social-links aligncenter is-layout-flex wp-block-social-links-is-layout-flex\"><li class=\"wp-social-link wp-social-link-youtube  wp-block-social-link\"><a href=\"https:\/\/www.youtube.com\/@Tutopress\" class=\"wp-block-social-link-anchor\"><svg width=\"24\" height=\"24\" viewBox=\"0 0 24 24\" version=\"1.1\" xmlns=\"http:\/\/www.w3.org\/2000\/svg\" aria-hidden=\"true\" focusable=\"false\"><path d=\"M21.8,8.001c0,0-0.195-1.378-0.795-1.985c-0.76-0.797-1.613-0.801-2.004-0.847c-2.799-0.202-6.997-0.202-6.997-0.202 h-0.009c0,0-4.198,0-6.997,0.202C4.608,5.216,3.756,5.22,2.995,6.016C2.395,6.623,2.2,8.001,2.2,8.001S2,9.62,2,11.238v1.517 c0,1.618,0.2,3.237,0.2,3.237s0.195,1.378,0.795,1.985c0.761,0.797,1.76,0.771,2.205,0.855c1.6,0.153,6.8,0.201,6.8,0.201 s4.203-0.006,7.001-0.209c0.391-0.047,1.243-0.051,2.004-0.847c0.6-0.607,0.795-1.985,0.795-1.985s0.2-1.618,0.2-3.237v-1.517 C22,9.62,21.8,8.001,21.8,8.001z M9.935,14.594l-0.001-5.62l5.404,2.82L9.935,14.594z\"><\/path><\/svg><span class=\"wp-block-social-link-label screen-reader-text\">YouTube<\/span><\/a><\/li><\/ul>\n<\/div>\n\n\n\n<div class=\"wp-block-column is-layout-flow wp-block-column-is-layout-flow\"><div data-test='contact-form'\n\t\t\tid='contact-form-1967'\n\t\t\tclass='wp-block-jetpack-contact-form-container '\n\t\t\tdata-wp-interactive='jetpack\/form' data-wp-context='{\"formId\":\"1967\",\"formHash\":\"0507a9419c1539cc206d6abd02b2b2ea48128cba\",\"showErrors\":false,\"errors\":[],\"fields\":[],\"isMultiStep\":false,\"useAjax\":false,\"submissionData\":null,\"formattedSubmissionData\":[],\"submissionSuccess\":false,\"submissionError\":null,\"elementId\":\"jp-form-0507a9419c1539cc206d6abd02b2b2ea48128cba\",\"isSingleInputForm\":false}'\n\t\t\tdata-wp-watch--scroll-to-wrapper=\"callbacks.scrollToWrapper\"\n\t\t>\n<form action='https:\/\/bogota.wordcamp.org\/2023\/zona-de-descargas\/google-tag-manager-la-navaja-suiza-del-marketer\/'\n\t\t\t\tid='jp-form-0507a9419c1539cc206d6abd02b2b2ea48128cba'\n\t\t\t\tmethod='post'\n\t\t\t\tclass='contact-form commentsblock wp-block-jetpack-contact-form' aria-label=\"Google Tag Manager, la navaja suiza del marketer\"\n\t\t\t\tdata-wp-on--submit=\"actions.onFormSubmit\"\n\t\t\t\tdata-wp-on--reset=\"actions.onFormReset\"\n\t\t\t\tdata-wp-class--submission-success=\"context.submissionSuccess\"\n\t\t\t\tdata-wp-class--is-first-step=\"state.isFirstStep\"\n\t\t\t\tdata-wp-class--is-last-step=\"state.isLastStep\"\n\t\t\t\tdata-wp-class--is-ajax-form=\"context.useAjax\"\n\t\t\t\tnovalidate >\n<input type='hidden' name='jetpack_contact_form_jwt' value='eyJ0eXAiOiJKV1QiLCJhbGciOiJIUzI1NiJ9.eyJlbmNyeXB0ZWRfYXR0cmlidXRlcyI6Imh3dGhmek9TUGNwQjg5UDNRL0JKRnhmNWtXMlIxajNHTnFwZ3pjcE9JY2FSM1d3UVduUEFNM1VpQjkwRURDdS9udndxLzlKNVRiSlQ0SmxPVG5PVFg1QjNobGw1RldRVEFMZmtkdXFldFRtSDBKYVlOcUVwTGNod2hPREM2RHNTNHp6Z3luSnhRVlVLOFRZK29DT0ZGY3ZSY1diWEU0LzZvSlVWcjFmSktPbXlXRDVkbW43LzZCelpNeWlqY0lVTW1Hb0Y1MENPZW1MOFJ5Wm5sYVFuWklmZVFmU0x0MnZnVEc0K1IxWWx2OFI3d0VQWC83RzhLMUdEakh1Q1VlRVFENElMalJYd0JscXNZSnBUVFYxTFRFd090NmNtY0gvRXJQTVBoMUd3NXZkTlVxWWZwRjZlMS9IUUJiSGFHWXd6YURHRDBwVS9GbEViWnpoM1NiSG1hc01wNXpZUHoyRFFGSDBxQU11UmQ1ZkduM0NrNjNuaWNGNFZ0UnNwMWZDSWtOU21JaEo5UlEwb29zcGRMcENqcUdCeG1PZjBjUmRRS1Z5N1ZmYlllbHdLc21UaEZTbVhKNWdObFNXei9oMFJLMXMzVFpzOGRHZHNrd3ZreFFyMkxlMXh0SW4xRlRGSzBINFVSWEt3cnB0emI4NDNhUXZtSXlZTGN5dHdwN2pzT04wTWxwdGgzQlVUNTRpbmljK3hzY1pXNjhZdm92SEtMWDV5bnYzUjU0RDllUGxMeWk5eThOREtpWElGU0hJTVNlYitGcHZhQVJnYVhJeDlJUWsvcGMyalBWT3J0TnI1T3NPVzErQzh1d1cxajZlWXpMai9UekZqOXA0aDlhQ01BSXpxMjRGNXVhU2lnVTZXZXlkMEJ5Tms4R3ArMHNxTGcyUWRFbGFiSFVTdXdBQ0N1R3VBcktWR1ZtRUJUbXlybGpiRU5CUk9HSFB1ekFSUElmbnEzZlVjTWdHZ2lBSUVkMzcra0dnWER3QmxUME40ZDJXNTNkYTBsNHM1dmVFc2gwSFhMYzFTREV4cWpJdWlNOUJaOUV3ZER3bVowNDcrU0NwTWZ5dW13NVhpOVdYckp2L3pIL1RLZWhPVW1xcEdJT1lzdC9jR2hoUi9DaldRRzFWd0EzK05KRnlIQVlncVVXL3praFUvRTRjZTNhM0xsckNaRnJUOSt5UE0xWW9xckZJNElnZ3MxaFlTcWJLVjV5VEVPN3FEOUtnRkh3SDBTcmFNWllia2VLOEpXM2lEaXR5RWV1TWVzbHQraVNKSUNLRTR1c3B0QXUvTjZIcWt6Yy9kakRFekZlSEZmc1dPbjZGajNhZUtLdDRSNkxuSGl4aEhnMkxXNHNLSUhsSitzb1oyTkVDZStSaEtueGJHUjNJOGxNdUhmR2M9IiwiY29udGVudCI6IlxuPGRpdiBjbGFzcz1cIndwLWJsb2NrLWpldHBhY2stY29udGFjdC1mb3JtXCIgc3R5bGU9XCJwYWRkaW5nLXRvcDoxNnB4O3BhZGRpbmctcmlnaHQ6MTZweDtwYWRkaW5nLWJvdHRvbToxNnB4O3BhZGRpbmctbGVmdDoxNnB4XCI-XG48aDMgY2xhc3M9XCJ3cC1ibG9jay1oZWFkaW5nXCI-QWNjZWRlIGEgbGEgcHJlc2VudGFjaVx1MDBmM24gZ3JhdHVpdGFtZW50ZSBhcXVcdTAwZWQ8L2gzPlxuXG5cblxuPHA-U29sbyBoYXkgcXVlIHJlbGxlbmFyIGVsIHNpZ3VpZW50ZSBmb3JtdWxhcmlvPC9wPlxuXG5cbltjb250YWN0LWZpZWxkIGxhYmVsPVwiTm9tYnJlXCIgcmVxdWlyZWQ9XCIxXCIgcmVxdWlyZWRUZXh0PVwiKHJlcXVpcmVkKVwiIGxhYmVsRm9udFNpemU9XCIxM3B4XCIgZmllbGRGb250U2l6ZT1cIjIwcHhcIiBsYWJlbENvbG9yPVwiI2ZmZmZmZlwiIHR5cGU9XCJuYW1lXCIvXVxuXG5bY29udGFjdC1maWVsZCByZXF1aXJlZD1cIjFcIiByZXF1aXJlZFRleHQ9XCIocmVxdWlyZWQpXCIgbGFiZWxGb250U2l6ZT1cIjEzcHhcIiBmaWVsZEZvbnRTaXplPVwiMjBweFwiIGxhYmVsQ29sb3I9XCIjZmZmZmZmXCIgdHlwZT1cImVtYWlsXCIgbGFiZWw9XCJFbWFpbFwiL11cblxuW2NvbnRhY3QtZmllbGQgbGFiZWw9XCJEXHUwMGU5amFub3MgdHUgZmVlZGJhY2sgcXVlIHRlIGxsYW1cdTAwZjMgbGEgYXRlbmNpXHUwMGYzbiBzb2JyZSBzdSBjaGFybGEmIzA0NDsgcXVlIHRlIGd1c3Rhclx1MDBlZGEgc2VndWlyIGFwcmVuZGllbmRvIG1cdTAwZTFzLiBFbnRyZSBtXHUwMGUxcyBkZXRhbGxhZG8gbm9zIGRhcyB0dSBmZWVkYmFjayYjMDQ0OyBzYWJyZW1vcyBxdWUgc29saWNpdGFyIGEgbnVlc3Ryb3Mgc3BlYWtlcnMgYSBsYSBwclx1MDBmM3hpbWE6XCIgcmVxdWlyZWRUZXh0PVwiKHJlcXVpcmVkKVwiIGxhYmVsRm9udFNpemU9XCIxM3B4XCIgZmllbGRGb250U2l6ZT1cIjIwcHhcIiBsYWJlbENvbG9yPVwiI2ZmZmZmZlwiIHR5cGU9XCJ0ZXh0YXJlYVwiL11cblxuPGRpdiBjbGFzcz1cIndwLWJsb2NrLWpldHBhY2stYnV0dG9uIGlzLXN0eWxlLWZpbGwgd3AtYmxvY2stYnV0dG9uXCIgc3R5bGU9XCJcIj48YnV0dG9uIGNsYXNzPVwid3AtYmxvY2stYnV0dG9uX19saW5rIGlzLXN0eWxlLWZpbGwgaGFzLXRleHQtY29sb3IgaGFzLWJhY2tncm91bmRcIiBzdHlsZT1cImNvbG9yOiAjMDQwYTI5OyBiYWNrZ3JvdW5kLWNvbG9yOiAjZjRiNjMxOyBib3JkZXItcmFkaXVzOiAxMXB4O1wiIGRhdGEtaWQtYXR0cj1cInBsYWNlaG9sZGVyXCIgdHlwZT1cInN1Ym1pdFwiIGRhdGEtd3AtY2xhc3MtLWlzLXN1Ym1pdHRpbmc9XCJzdGF0ZS5pc1N1Ym1pdHRpbmdcIiBkYXRhLXdwLWJpbmQtLWFyaWEtZGlzYWJsZWQ9XCJzdGF0ZS5pc0FyaWFEaXNhYmxlZFwiPkRlc2NhcmdhcjxzcGFuIGNsYXNzPVwic3Bpbm5lclwiIGFyaWEtaGlkZGVuPVwidHJ1ZVwiPjxzdmcgd2lkdGg9XCIyNFwiIGhlaWdodD1cIjI0XCIgdmlld0JveD1cIjAgMCAyNCAyNFwiIHhtbG5zPVwiaHR0cDovL3d3dy53My5vcmcvMjAwMC9zdmdcIj48cGF0aCBkPVwiTTEyLDFBMTEsMTEsMCwxLDAsMjMsMTIsMTEsMTEsMCwwLDAsMTIsMVptMCwxOWE4LDgsMCwxLDEsOC04QTgsOCwwLDAsMSwxMiwyMFpcIiBvcGFjaXR5PVwiLjI1XCIvPjxwYXRoIGQ9XCJNMTAuMTQsMS4xNmExMSwxMSwwLDAsMC05LDguOTJBMS41OSwxLjU5LDAsMCwwLDIuNDYsMTIsMS41MiwxLjUyLDAsMCwwLDQuMTEsMTAuN2E4LDgsMCwwLDEsNi42Ni02LjYxQTEuNDIsMS40MiwwLDAsMCwxMiwyLjY5aDBBMS41NywxLjU3LDAsMCwwLDEwLjE0LDEuMTZaXCI-PGFuaW1hdGVUcmFuc2Zvcm0gYXR0cmlidXRlTmFtZT1cInRyYW5zZm9ybVwiIHR5cGU9XCJyb3RhdGVcIiBkdXI9XCIwLjc1c1wiIHZhbHVlcz1cIjAgMTIgMTI7MzYwIDEyIDEyXCIgcmVwZWF0Q291bnQ9XCJpbmRlZmluaXRlXCIvPjwvcGF0aD48L3N2Zz48c3BhbiBjbGFzcz1cImlzLXZpc3VhbGx5LWhpZGRlblwiPlN1Ym1pdHRpbmcgZm9ybTwvc3Bhbj48L3NwYW4-PC9idXR0b24-PC9kaXY-PC9kaXY-XG4iLCJoYXNoIjoiMDUwN2E5NDE5YzE1MzljYzIwNmQ2YWJkMDJiMmIyZWE0ODEyOGNiYSIsInNvdXJjZSI6eyJlbnRyeV90aXRsZSI6Ikdvb2dsZSBUYWcgTWFuYWdlciwgbGEgbmF2YWphIHN1aXphIGRlbCBtYXJrZXRlciIsImVudHJ5X3BhZ2UiOjEsInNvdXJjZV9pZCI6MTk2Nywic291cmNlX3R5cGUiOiJzaW5nbGUiLCJyZXF1ZXN0X3VybCI6Imh0dHBzOi8vYm9nb3RhLndvcmRjYW1wLm9yZy8yMDIzL3dwLWpzb24vd3AvdjIvcGFnZXMvMTk2NyJ9LCJ2ZXJzaW9uIjoyLCJjaXBoZXIiOiJhZXMtMjU2LWdjbSJ9.08BiXa8gVzBY3kawJL_Dnr5-RFpMujL160ez6613Wn0' \/>\n\n<div class=\"wp-block-jetpack-contact-form\" style=\"padding-top:16px;padding-right:16px;padding-bottom:16px;padding-left:16px\">\n<h3 class=\"wp-block-heading\">Accede a la presentaci\u00f3n gratuitamente aqu\u00ed<\/h3>\n\n\n\n<p>Solo hay que rellenar el siguiente formulario<\/p>\n\n\n\n<div style=\"--jetpack--contact-form--font-size: 20px;\"  data-wp-interactive=\"jetpack\/form\" data-wp-context='{\"fieldId\":\"g1967-nombre\",\"fieldType\":\"name\",\"fieldLabel\":\"Nombre\",\"fieldValue\":\"\",\"fieldPlaceholder\":\"\",\"fieldIsRequired\":\"1\",\"fieldErrorMessage\":\"\",\"fieldExtra\":[],\"formHash\":\"0507a9419c1539cc206d6abd02b2b2ea48128cba\"}'  class='grunion-field-name-wrap grunion-field-wrap'  data-wp-init='callbacks.initializeField' data-wp-on--jetpack-form-reset='callbacks.initializeField' >\n<label\n\t\t\t\tfor='g1967-nombre' style=\"color: #ffffff;font-size: 13px;\" class=\"grunion-field-label name\" >Nombre<span class=\"grunion-label-required\" aria-hidden=\"true\">(required)<\/span><\/label>\n<input\n\t\t\t\t\ttype='text'\n\t\t\t\t\tname='g1967-nombre'\n\t\t\t\t\tid='g1967-nombre'\n\t\t\t\t\tvalue=''\n\n\t\t\t\t\tdata-wp-bind--aria-invalid='state.fieldAriaInvalid'\n\t\t\t\t\tdata-wp-bind--value='state.getFieldValue'\n\t\t\t\t\taria-describedby='g1967-nombre-text-error-message'\n\t\t\t\t\tdata-wp-on--input='actions.onFieldChange'\n\t\t\t\t\tdata-wp-on--blur='actions.onFieldBlur'\n\t\t\t\t\tdata-wp-class--has-value='state.hasFieldValue'\n\n\t\t\t\t\tclass='name  grunion-field' \n\t\t\t\t\trequired='true' aria-required='true' style=\"font-size: 20px;\"  \/>\n \n\t\t\t<div id=\"g1967-nombre-text-error\" class=\"contact-form__input-error\" data-wp-class--has-errors=\"state.fieldHasErrors\">\n\t\t\t\t<span class=\"contact-form__warning-icon\" aria-hidden=\"true\">\n\t\t\t\t\t<svg width=\"16\" height=\"16\" viewBox=\"0 0 16 16\" fill=\"none\" xmlns=\"http:\/\/www.w3.org\/2000\/svg\">\n\t\t\t\t\t\t<path d=\"M8.50015 11.6402H7.50015V10.6402H8.50015V11.6402Z\" \/>\n\t\t\t\t\t\t<path d=\"M7.50015 9.64018H8.50015V6.30684H7.50015V9.64018Z\" \/>\n\t\t\t\t\t\t<path fill-rule=\"evenodd\" clip-rule=\"evenodd\" d=\"M6.98331 3.0947C7.42933 2.30177 8.57096 2.30177 9.01698 3.09469L13.8771 11.7349C14.3145 12.5126 13.7525 13.4735 12.8602 13.4735H3.14004C2.24774 13.4735 1.68575 12.5126 2.12321 11.7349L6.98331 3.0947ZM8.14541 3.58496C8.08169 3.47168 7.9186 3.47168 7.85488 3.58496L2.99478 12.2251C2.93229 12.3362 3.01257 12.4735 3.14004 12.4735H12.8602C12.9877 12.4735 13.068 12.3362 13.0055 12.2251L8.14541 3.58496Z\" \/>\n\t\t\t\t\t<\/svg>\n\t\t\t\t<\/span>\n\t\t\t\t<span data-wp-text=\"state.errorMessage\" id=\"g1967-nombre-text-error-message\"><\/span>\n\t\t\t<\/div> \n\t<\/div>\n\n\n\n<div style=\"--jetpack--contact-form--font-size: 20px;\"  data-wp-interactive=\"jetpack\/form\" data-wp-context='{\"fieldId\":\"g1967-email\",\"fieldType\":\"email\",\"fieldLabel\":\"Email\",\"fieldValue\":\"\",\"fieldPlaceholder\":\"\",\"fieldIsRequired\":\"1\",\"fieldErrorMessage\":\"\",\"fieldExtra\":[],\"formHash\":\"0507a9419c1539cc206d6abd02b2b2ea48128cba\"}'  class='grunion-field-email-wrap grunion-field-wrap'  data-wp-init='callbacks.initializeField' data-wp-on--jetpack-form-reset='callbacks.initializeField' >\n<label\n\t\t\t\tfor='g1967-email' style=\"color: #ffffff;font-size: 13px;\" class=\"grunion-field-label email\" >Email<span class=\"grunion-label-required\" aria-hidden=\"true\">(required)<\/span><\/label>\n<input\n\t\t\t\t\ttype='email'\n\t\t\t\t\tname='g1967-email'\n\t\t\t\t\tid='g1967-email'\n\t\t\t\t\tvalue=''\n\n\t\t\t\t\tdata-wp-bind--aria-invalid='state.fieldAriaInvalid'\n\t\t\t\t\tdata-wp-bind--value='state.getFieldValue'\n\t\t\t\t\taria-describedby='g1967-email-email-error-message'\n\t\t\t\t\tdata-wp-on--input='actions.onFieldChange'\n\t\t\t\t\tdata-wp-on--blur='actions.onFieldBlur'\n\t\t\t\t\tdata-wp-class--has-value='state.hasFieldValue'\n\n\t\t\t\t\tclass='email  grunion-field' \n\t\t\t\t\trequired='true' aria-required='true' style=\"font-size: 20px;\"  \/>\n \n\t\t\t<div id=\"g1967-email-email-error\" class=\"contact-form__input-error\" data-wp-class--has-errors=\"state.fieldHasErrors\">\n\t\t\t\t<span class=\"contact-form__warning-icon\" aria-hidden=\"true\">\n\t\t\t\t\t<svg width=\"16\" height=\"16\" viewBox=\"0 0 16 16\" fill=\"none\" xmlns=\"http:\/\/www.w3.org\/2000\/svg\">\n\t\t\t\t\t\t<path d=\"M8.50015 11.6402H7.50015V10.6402H8.50015V11.6402Z\" \/>\n\t\t\t\t\t\t<path d=\"M7.50015 9.64018H8.50015V6.30684H7.50015V9.64018Z\" \/>\n\t\t\t\t\t\t<path fill-rule=\"evenodd\" clip-rule=\"evenodd\" d=\"M6.98331 3.0947C7.42933 2.30177 8.57096 2.30177 9.01698 3.09469L13.8771 11.7349C14.3145 12.5126 13.7525 13.4735 12.8602 13.4735H3.14004C2.24774 13.4735 1.68575 12.5126 2.12321 11.7349L6.98331 3.0947ZM8.14541 3.58496C8.08169 3.47168 7.9186 3.47168 7.85488 3.58496L2.99478 12.2251C2.93229 12.3362 3.01257 12.4735 3.14004 12.4735H12.8602C12.9877 12.4735 13.068 12.3362 13.0055 12.2251L8.14541 3.58496Z\" \/>\n\t\t\t\t\t<\/svg>\n\t\t\t\t<\/span>\n\t\t\t\t<span data-wp-text=\"state.errorMessage\" id=\"g1967-email-email-error-message\"><\/span>\n\t\t\t<\/div> \n\t<\/div>\n\n\n\n<div style=\"--jetpack--contact-form--font-size: 20px;\"  data-wp-interactive=\"jetpack\/form\" data-wp-context='{\"fieldId\":\"g1967-djanostufeedbackquetellamlaatencinsobresucharla044quetegustaraseguiraprendiendoms-entremsdetalladonosdastufeedback044sabremosquesolicitaranuestrosspeakersalaprxima\",\"fieldType\":\"textarea\",\"fieldLabel\":\"D\\u00e9janos tu feedback que te llam\\u00f3 la atenci\\u00f3n sobre su charla\\u0026#044; que te gustar\\u00eda seguir aprendiendo m\\u00e1s. Entre m\\u00e1s detallado nos das tu feedback\\u0026#044; sabremos que solicitar a nuestros speakers a la pr\\u00f3xima:\",\"fieldValue\":\"\",\"fieldPlaceholder\":\"\",\"fieldIsRequired\":\"\",\"fieldErrorMessage\":\"\",\"fieldExtra\":[],\"formHash\":\"0507a9419c1539cc206d6abd02b2b2ea48128cba\"}'  class='grunion-field-textarea-wrap grunion-field-wrap'  data-wp-init='callbacks.initializeField' data-wp-on--jetpack-form-reset='callbacks.initializeField' >\n<label\n\t\t\t\tfor='contact-form-comment-g1967-djanostufeedbackquetellamlaatencinsobresucharla044quetegustaraseguiraprendiendoms-entremsdetalladonosdastufeedback044sabremosquesolicitaranuestrosspeakersalaprxima' style=\"color: #ffffff;font-size: 13px;\" class=\"grunion-field-label textarea\" >D\u00e9janos tu feedback que te llam\u00f3 la atenci\u00f3n sobre su charla&#044; que te gustar\u00eda seguir aprendiendo m\u00e1s. Entre m\u00e1s detallado nos das tu feedback&#044; sabremos que solicitar a nuestros speakers a la pr\u00f3xima:<\/label>\n<textarea\n\t\t                style='font-size: 20px;'\n\t\t                name='g1967-djanostufeedbackquetellamlaatencinsobresucharla044quetegustaraseguiraprendiendoms-entremsdetalladonosdastufeedback044sabremosquesolicitaranuestrosspeakersalaprxima'\n\t\t                id='contact-form-comment-g1967-djanostufeedbackquetellamlaatencinsobresucharla044quetegustaraseguiraprendiendoms-entremsdetalladonosdastufeedback044sabremosquesolicitaranuestrosspeakersalaprxima'\n\t\t                rows='20'\n\t\t\t\t\t\tdata-wp-text='state.getFieldValue'\n\t\t\t\t\t\tdata-wp-on--input='actions.onFieldChange'\n\t\t\t\t\t\tdata-wp-on--blur='actions.onFieldBlur'\n\t\t\t\t\t\tdata-wp-class--has-value='state.hasFieldValue'\n\t\t\t\t\t\taria-describedby='g1967-djanostufeedbackquetellamlaatencinsobresucharla044quetegustaraseguiraprendiendoms-entremsdetalladonosdastufeedback044sabremosquesolicitaranuestrosspeakersalaprxima-textarea-error-message'\n\t\t\t\t\t\tdata-wp-bind--aria-invalid='state.fieldAriaInvalid'\n\t\t\t\t\t\tclass='textarea  grunion-field'  ><\/textarea>\n \n\t\t\t<div id=\"g1967-djanostufeedbackquetellamlaatencinsobresucharla044quetegustaraseguiraprendiendoms-entremsdetalladonosdastufeedback044sabremosquesolicitaranuestrosspeakersalaprxima-textarea-error\" class=\"contact-form__input-error\" data-wp-class--has-errors=\"state.fieldHasErrors\">\n\t\t\t\t<span class=\"contact-form__warning-icon\" aria-hidden=\"true\">\n\t\t\t\t\t<svg width=\"16\" height=\"16\" viewBox=\"0 0 16 16\" fill=\"none\" xmlns=\"http:\/\/www.w3.org\/2000\/svg\">\n\t\t\t\t\t\t<path d=\"M8.50015 11.6402H7.50015V10.6402H8.50015V11.6402Z\" \/>\n\t\t\t\t\t\t<path d=\"M7.50015 9.64018H8.50015V6.30684H7.50015V9.64018Z\" \/>\n\t\t\t\t\t\t<path fill-rule=\"evenodd\" clip-rule=\"evenodd\" d=\"M6.98331 3.0947C7.42933 2.30177 8.57096 2.30177 9.01698 3.09469L13.8771 11.7349C14.3145 12.5126 13.7525 13.4735 12.8602 13.4735H3.14004C2.24774 13.4735 1.68575 12.5126 2.12321 11.7349L6.98331 3.0947ZM8.14541 3.58496C8.08169 3.47168 7.9186 3.47168 7.85488 3.58496L2.99478 12.2251C2.93229 12.3362 3.01257 12.4735 3.14004 12.4735H12.8602C12.9877 12.4735 13.068 12.3362 13.0055 12.2251L8.14541 3.58496Z\" \/>\n\t\t\t\t\t<\/svg>\n\t\t\t\t<\/span>\n\t\t\t\t<span data-wp-text=\"state.errorMessage\" id=\"g1967-djanostufeedbackquetellamlaatencinsobresucharla044quetegustaraseguiraprendiendoms-entremsdetalladonosdastufeedback044sabremosquesolicitaranuestrosspeakersalaprxima-textarea-error-message\"><\/span>\n\t\t\t<\/div>\n\t<\/div>\n\n\n<div class=\"contact-form__error\" data-wp-class--show-errors=\"state.showFormErrors\"><span class=\"contact-form__warning-icon\" aria-hidden=\"true\"><i><\/i><\/span><span class=\"contact-form__error-message\" tabindex=\"-1\" data-wp-watch=\"callbacks.focusOnValidationError\" data-wp-text=\"state.getFormErrorMessage\"><\/span><ul aria-label=\"Form errors\">\n\t\t\t\t<template data-wp-each=\"state.getErrorList\" data-wp-key=\"context.item.id\">\n\t\t\t\t\t<li><a data-wp-bind--href=\"context.item.anchor\" data-wp-on--click=\"actions.scrollIntoView\" data-wp-text=\"context.item.label\"><\/a><\/li>\n\t\t\t\t<\/template>\n\t\t\t\t<\/ul><\/div><div class=\"contact-form__error\" data-wp-class--show-errors=\"state.showSubmissionError\" data-wp-text=\"context.submissionError\" tabindex=\"-1\" data-wp-watch=\"callbacks.focusOnSubmissionError\"><\/div> <div class=\"wp-block-jetpack-button is-style-fill wp-block-button\" style=\"\"><button data-wp-bind--disabled=\"state.isAriaDisabled\" class=\"wp-block-button__link is-style-fill has-text-color has-background\" style=\"color: #040a29; background-color: #f4b631; border-radius: 11px;\" data-id-attr=\"placeholder\" type=\"submit\" data-wp-class--is-submitting=\"state.isSubmitting\" data-wp-bind--aria-disabled=\"state.isAriaDisabled\">Descargar<span class=\"spinner\" aria-hidden=\"true\"><svg width=\"24\" height=\"24\" viewBox=\"0 0 24 24\" xmlns=\"http:\/\/www.w3.org\/2000\/svg\"><path d=\"M12,1A11,11,0,1,0,23,12,11,11,0,0,0,12,1Zm0,19a8,8,0,1,1,8-8A8,8,0,0,1,12,20Z\" opacity=\".25\"\/><path d=\"M10.14,1.16a11,11,0,0,0-9,8.92A1.59,1.59,0,0,0,2.46,12,1.52,1.52,0,0,0,4.11,10.7a8,8,0,0,1,6.66-6.61A1.42,1.42,0,0,0,12,2.69h0A1.57,1.57,0,0,0,10.14,1.16Z\"><animateTransform attributeName=\"transform\" type=\"rotate\" dur=\"0.75s\" values=\"0 12 12;360 12 12\" repeatCount=\"indefinite\"\/><\/path><\/svg><span class=\"is-visually-hidden\">Submitting form<\/span><\/span><\/button><\/div><\/div>\n\t\t<input type='hidden' name='contact-form-id' value='1967' \/>\n\t\t<input type='hidden' name='action' value='grunion-contact-form' \/>\n\t\t<input type='hidden' name='contact-form-hash' value='0507a9419c1539cc206d6abd02b2b2ea48128cba' \/>\n<p style=\"display: none !important;\" class=\"akismet-fields-container\" data-prefix=\"ak_\"><label>&#916;<textarea name=\"ak_hp_textarea\" cols=\"45\" rows=\"8\" maxlength=\"100\"><\/textarea><\/label><input type=\"hidden\" id=\"ak_js_1\" name=\"ak_js\" value=\"17\"\/><script type=\"text\/javascript\">\n\/* <![CDATA[ *\/\ndocument.getElementById( \"ak_js_1\" ).setAttribute( \"value\", ( new Date() ).getTime() );\n\/* ]]> *\/\n<\/script>\n<\/p><\/form>\n<\/div><\/div>\n<\/div>\n","protected":false},"excerpt":{"rendered":"<p>Juan Sebasti\u00e1n Aparicio Dise\u00f1ador gr\u00e1fico y desarrollador de software con m\u00e1s de 8 a\u00f1os de experiencia. Creador de Tutopress, uno de los canales de YouTube m\u00e1s vistos en anal\u00edtica digital en Espa\u00f1ol.<\/p>\n","protected":false},"author":14911570,"featured_media":0,"parent":1877,"menu_order":0,"comment_status":"closed","ping_status":"closed","template":"","meta":{"jetpack_post_was_ever_published":false,"footnotes":""},"class_list":["post-1967","page","type-page","status-publish","hentry"],"jetpack-related-posts":[],"jetpack_sharing_enabled":true,"_links":{"self":[{"href":"https:\/\/bogota.wordcamp.org\/2023\/wp-json\/wp\/v2\/pages\/1967","targetHints":{"allow":["GET"]}}],"collection":[{"href":"https:\/\/bogota.wordcamp.org\/2023\/wp-json\/wp\/v2\/pages"}],"about":[{"href":"https:\/\/bogota.wordcamp.org\/2023\/wp-json\/wp\/v2\/types\/page"}],"author":[{"embeddable":true,"href":"https:\/\/bogota.wordcamp.org\/2023\/wp-json\/wp\/v2\/users\/14911570"}],"replies":[{"embeddable":true,"href":"https:\/\/bogota.wordcamp.org\/2023\/wp-json\/wp\/v2\/comments?post=1967"}],"version-history":[{"count":1,"href":"https:\/\/bogota.wordcamp.org\/2023\/wp-json\/wp\/v2\/pages\/1967\/revisions"}],"predecessor-version":[{"id":1968,"href":"https:\/\/bogota.wordcamp.org\/2023\/wp-json\/wp\/v2\/pages\/1967\/revisions\/1968"}],"up":[{"embeddable":true,"href":"https:\/\/bogota.wordcamp.org\/2023\/wp-json\/wp\/v2\/pages\/1877"}],"wp:attachment":[{"href":"https:\/\/bogota.wordcamp.org\/2023\/wp-json\/wp\/v2\/media?parent=1967"}],"curies":[{"name":"wp","href":"https:\/\/api.w.org\/{rel}","templated":true}]}}