{"id":1957,"date":"2023-04-01T02:52:41","date_gmt":"2023-04-01T07:52:41","guid":{"rendered":"https:\/\/bogota.wordcamp.org\/2023\/?page_id=1957"},"modified":"2023-04-01T02:54:51","modified_gmt":"2023-04-01T07:54:51","slug":"optimiza-el-diseno-de-la-pagina-de-producto-de-woocommerce","status":"publish","type":"page","link":"https:\/\/bogota.wordcamp.org\/2023\/zona-de-descargas\/optimiza-el-diseno-de-la-pagina-de-producto-de-woocommerce\/","title":{"rendered":"Optimiza el dise\u00f1o de la p\u00e1gina de producto de WooCommerce"},"content":{"rendered":"\n<div class=\"wp-block-columns is-layout-flex wp-container-core-columns-is-layout-9d6595d7 wp-block-columns-is-layout-flex\">\n<div class=\"wp-block-column is-layout-flow wp-block-column-is-layout-flow\"><div class=\"wp-block-image\">\n<figure class=\"aligncenter size-full is-resized\"><img data-recalc-dims=\"1\" loading=\"lazy\" decoding=\"async\" src=\"https:\/\/i0.wp.com\/bogota.wordcamp.org\/2023\/files\/2023\/02\/wcbogota-ponente-acirujano.png?resize=384%2C336&#038;ssl=1\" alt=\"\" class=\"wp-image-707\" width=\"384\" height=\"336\" srcset=\"https:\/\/i0.wp.com\/bogota.wordcamp.org\/2023\/files\/2023\/02\/wcbogota-ponente-acirujano.png?w=768&amp;ssl=1 768w, https:\/\/i0.wp.com\/bogota.wordcamp.org\/2023\/files\/2023\/02\/wcbogota-ponente-acirujano.png?resize=300%2C263&amp;ssl=1 300w, https:\/\/i0.wp.com\/bogota.wordcamp.org\/2023\/files\/2023\/02\/wcbogota-ponente-acirujano.png?resize=343%2C300&amp;ssl=1 343w\" sizes=\"auto, (max-width: 384px) 100vw, 384px\" \/><\/figure>\n<\/div>\n\n\n<h2 class=\"wp-block-heading has-text-align-center\">Ana Cirujano<\/h2>\n\n\n\n<p class=\"has-text-align-center\">Co-organizadora de <strong>WordPress Torrelodones <\/strong>(Meetup y WordCamp 2023)<\/p>\n\n\n\n<p class=\"has-text-align-center\">Embajadora de <strong>Piensa Solutions<\/strong><\/p>\n\n\n\n<p class=\"has-text-align-center\">Podcaster en <strong>Un billete a Chattanooga<\/strong><br>y profe de dise\u00f1o en <strong>3ymedia School<\/strong><\/p>\n\n\n\n<ul class=\"wp-block-social-links aligncenter is-layout-flex wp-block-social-links-is-layout-flex\"><li class=\"wp-social-link wp-social-link-twitter  wp-block-social-link\"><a href=\"https:\/\/twitter.com\/acirujano\" class=\"wp-block-social-link-anchor\"><svg width=\"24\" height=\"24\" viewBox=\"0 0 24 24\" version=\"1.1\" xmlns=\"http:\/\/www.w3.org\/2000\/svg\" aria-hidden=\"true\" focusable=\"false\"><path d=\"M22.23,5.924c-0.736,0.326-1.527,0.547-2.357,0.646c0.847-0.508,1.498-1.312,1.804-2.27 c-0.793,0.47-1.671,0.812-2.606,0.996C18.324,4.498,17.257,4,16.077,4c-2.266,0-4.103,1.837-4.103,4.103 c0,0.322,0.036,0.635,0.106,0.935C8.67,8.867,5.647,7.234,3.623,4.751C3.27,5.357,3.067,6.062,3.067,6.814 c0,1.424,0.724,2.679,1.825,3.415c-0.673-0.021-1.305-0.206-1.859-0.513c0,0.017,0,0.034,0,0.052c0,1.988,1.414,3.647,3.292,4.023 c-0.344,0.094-0.707,0.144-1.081,0.144c-0.264,0-0.521-0.026-0.772-0.074c0.522,1.63,2.038,2.816,3.833,2.85 c-1.404,1.1-3.174,1.756-5.096,1.756c-0.331,0-0.658-0.019-0.979-0.057c1.816,1.164,3.973,1.843,6.29,1.843 c7.547,0,11.675-6.252,11.675-11.675c0-0.178-0.004-0.355-0.012-0.531C20.985,7.47,21.68,6.747,22.23,5.924z\"><\/path><\/svg><span class=\"wp-block-social-link-label screen-reader-text\">Twitter<\/span><\/a><\/li><\/ul>\n<\/div>\n\n\n\n<div class=\"wp-block-column is-layout-flow wp-block-column-is-layout-flow\"><div data-test='contact-form'\n\t\t\tid='contact-form-1957'\n\t\t\tclass='wp-block-jetpack-contact-form-container '\n\t\t\tdata-wp-interactive='jetpack\/form' data-wp-context='{\"formId\":\"1957\",\"formHash\":\"d3e5615949b93e93b809a8678d12d009df5468f4\",\"showErrors\":false,\"errors\":[],\"fields\":[],\"isMultiStep\":false,\"useAjax\":false,\"submissionData\":null,\"formattedSubmissionData\":[],\"submissionSuccess\":false,\"submissionError\":null,\"elementId\":\"jp-form-d3e5615949b93e93b809a8678d12d009df5468f4\",\"isSingleInputForm\":false}'\n\t\t\tdata-wp-watch--scroll-to-wrapper=\"callbacks.scrollToWrapper\"\n\t\t>\n<form action='https:\/\/bogota.wordcamp.org\/2023\/zona-de-descargas\/optimiza-el-diseno-de-la-pagina-de-producto-de-woocommerce\/'\n\t\t\t\tid='jp-form-d3e5615949b93e93b809a8678d12d009df5468f4'\n\t\t\t\tmethod='post'\n\t\t\t\tclass='contact-form commentsblock wp-block-jetpack-contact-form' aria-label=\"Optimiza el dise\u00f1o de la p\u00e1gina de producto de WooCommerce\"\n\t\t\t\tdata-wp-on--submit=\"actions.onFormSubmit\"\n\t\t\t\tdata-wp-on--reset=\"actions.onFormReset\"\n\t\t\t\tdata-wp-class--submission-success=\"context.submissionSuccess\"\n\t\t\t\tdata-wp-class--is-first-step=\"state.isFirstStep\"\n\t\t\t\tdata-wp-class--is-last-step=\"state.isLastStep\"\n\t\t\t\tdata-wp-class--is-ajax-form=\"context.useAjax\"\n\t\t\t\tnovalidate >\n<input type='hidden' name='jetpack_contact_form_jwt' value='eyJ0eXAiOiJKV1QiLCJhbGciOiJIUzI1NiJ9.eyJlbmNyeXB0ZWRfYXR0cmlidXRlcyI6ImhQNTZlanpJTXFXY3R5MmNiT241ZHBHSFZZYWdxbWdUQm1ETGVselJwWVpWZHFPQmF2eGxHUzFKQjlwVis5ZlFqTFFZdmRZRDJFZ2c2YXlVeWtiQ1VuMHFDQVF3Wis5NmhnREhZbXFkVWtlOGRxV0FyUStoYnp6eXl0M1Z0eEhrL3ZNWjRSRkVUbU9rNDMzcWdlaVAwaWY0RGtHUHhJV1RCNHNxZXh6VURobmt6M05JNkU2RVVUeHc4TzZiUEZKZUZtSmlDSWN5ZXdweWhPTGduZWZyVDBEN0E3UEd5VFZvNVZJUGNDMSt4R3BQS1N2NitGQmNjaUJBWlNGblRWb2hRRldjaXBnMWMwWlJIditnWjFqWTZpY3VhVTJNS09HVGlycXVxNFN0Uzd6QUoxcDRnektzV04vc3BZRnJIZGVFTGdiTlJyT3cxMUhiWDBBUGFYYk9qSkhEa2VEczlzZ3ZEcExsODR4a3R3N2ZTT0ZhU0dkaGxNMURTdkhLb3R1KzN0WDZib3FYd3dsaDRBbHpOSkhLelB1Y0VvZnFMRnFoYjgvaExKZTJEZDF4Zm9rQjA2QnZ5T2NTS0dGMnZIN3N6cTlFNitCeGtPdS95cnorQmZDSURJQzRMN2ZIZnRGYUZDVGpTNXJKVGx2YkI5UDhwL2lmNWZHdWw4aWhqS1p4VnR1M21ucXVCYzJJL2UyQThpV0VvYmhlV0hINE1zUjN2a1AvREhoOU1WOTJOUDFDYWpnRUltZ2N1L21jY1V4KzE0YW8xTThwcEQ3VkZqN3hYK2JVczFQa3RsRlp4dk1WaTVJRyttZGJpWmhhT1hSL3FXR3FVcEgvN0xkL09lVGtzRC9BWDlobkRwWkJZeFFFZmNJQjZIQ1Q5Q2owTlUvWHhnM2RWcXgwRi9DWUg5Nm1rb1JGdzFKUUoyTG9xZG5VWWFWaitMdFRSK2IyUm5aaGVRMkp0d0JpK1JkZGRVbS96RGxDREo1Wi9LUmJQYXlXaFJtVFBuc2pSMzducVA4SXd6VlVZOEQzM0xQcU94VGFWWFZDYWZYemtmWWNCR2hhSUZ5ZjZEWFl2ZnluZWJMNXJCbkhNdWNhbGRvYVVaSHVLQXJ6aWxJMUlPT2pVcEVkck1Ec2h5MFhKZG5FQTdWUm11ZTMrMVhQMXNRR3BRa1BBdDVrQkVxaUo3T1plbjFMS3VuNGx0UHBMVkdiSWhwUlBSbWlnbUk4QmNtdGIycFUzKy9YQXpDVlgyRGNlTld4alFkbHIvSzVvSlUwSmg0SS92dTNjdmI2UEh5a1NUN2Y3WE9oczY4UHRjS2JXc25BZEd1aTB0Z081NzVjd1RXM1Y4VlVkdVN5SDMwMThSbGJweE52UlpoR2M1OHpSS2EraE1YVDByNjkvdDA1RTB2aTdJUjZvT1M1OXV1VnpCUVg1VmcxK3c9PSIsImNvbnRlbnQiOiJcbjxkaXYgY2xhc3M9XCJ3cC1ibG9jay1qZXRwYWNrLWNvbnRhY3QtZm9ybVwiIHN0eWxlPVwicGFkZGluZy10b3A6MTZweDtwYWRkaW5nLXJpZ2h0OjE2cHg7cGFkZGluZy1ib3R0b206MTZweDtwYWRkaW5nLWxlZnQ6MTZweFwiPlxuPGgzIGNsYXNzPVwid3AtYmxvY2staGVhZGluZ1wiPkFjY2VkZSBhIGxhIHByZXNlbnRhY2lcdTAwZjNuIGdyYXR1aXRhbWVudGUgYXF1XHUwMGVkPC9oMz5cblxuXG5cbjxwPlNvbG8gaGF5IHF1ZSByZWxsZW5hciBlbCBzaWd1aWVudGUgZm9ybXVsYXJpbzwvcD5cblxuXG5bY29udGFjdC1maWVsZCBsYWJlbD1cIk5vbWJyZVwiIHJlcXVpcmVkPVwiMVwiIHJlcXVpcmVkVGV4dD1cIihyZXF1aXJlZClcIiBsYWJlbEZvbnRTaXplPVwiMTNweFwiIGZpZWxkRm9udFNpemU9XCIyMHB4XCIgbGFiZWxDb2xvcj1cIiNmZmZmZmZcIiB0eXBlPVwibmFtZVwiL11cblxuW2NvbnRhY3QtZmllbGQgcmVxdWlyZWQ9XCIxXCIgcmVxdWlyZWRUZXh0PVwiKHJlcXVpcmVkKVwiIGxhYmVsRm9udFNpemU9XCIxM3B4XCIgZmllbGRGb250U2l6ZT1cIjIwcHhcIiBsYWJlbENvbG9yPVwiI2ZmZmZmZlwiIHR5cGU9XCJlbWFpbFwiIGxhYmVsPVwiRW1haWxcIi9dXG5cbltjb250YWN0LWZpZWxkIGxhYmVsPVwiRFx1MDBlOWphbm9zIHR1IGZlZWRiYWNrIHF1ZSB0ZSBsbGFtXHUwMGYzIGxhIGF0ZW5jaVx1MDBmM24gc29icmUgc3UgY2hhcmxhJiMwNDQ7IHF1ZSB0ZSBndXN0YXJcdTAwZWRhIHNlZ3VpciBhcHJlbmRpZW5kbyBtXHUwMGUxcy4gRW50cmUgbVx1MDBlMXMgZGV0YWxsYWRvIG5vcyBkYXMgdHUgZmVlZGJhY2smIzA0NDsgc2FicmVtb3MgcXVlIHNvbGljaXRhciBhIG51ZXN0cm9zIHNwZWFrZXJzIGEgbGEgcHJcdTAwZjN4aW1hOlwiIHJlcXVpcmVkVGV4dD1cIihyZXF1aXJlZClcIiBsYWJlbEZvbnRTaXplPVwiMTNweFwiIGZpZWxkRm9udFNpemU9XCIyMHB4XCIgbGFiZWxDb2xvcj1cIiNmZmZmZmZcIiB0eXBlPVwidGV4dGFyZWFcIi9dXG5cbjxkaXYgY2xhc3M9XCJ3cC1ibG9jay1qZXRwYWNrLWJ1dHRvbiBpcy1zdHlsZS1maWxsIHdwLWJsb2NrLWJ1dHRvblwiIHN0eWxlPVwiXCI-PGJ1dHRvbiBjbGFzcz1cIndwLWJsb2NrLWJ1dHRvbl9fbGluayBpcy1zdHlsZS1maWxsIGhhcy10ZXh0LWNvbG9yIGhhcy1iYWNrZ3JvdW5kXCIgc3R5bGU9XCJjb2xvcjogIzA0MGEyOTsgYmFja2dyb3VuZC1jb2xvcjogI2Y0YjYzMTsgYm9yZGVyLXJhZGl1czogMTFweDtcIiBkYXRhLWlkLWF0dHI9XCJwbGFjZWhvbGRlclwiIHR5cGU9XCJzdWJtaXRcIiBkYXRhLXdwLWNsYXNzLS1pcy1zdWJtaXR0aW5nPVwic3RhdGUuaXNTdWJtaXR0aW5nXCIgZGF0YS13cC1iaW5kLS1hcmlhLWRpc2FibGVkPVwic3RhdGUuaXNBcmlhRGlzYWJsZWRcIj5EZXNjYXJnYXI8c3BhbiBjbGFzcz1cInNwaW5uZXJcIiBhcmlhLWhpZGRlbj1cInRydWVcIj48c3ZnIHdpZHRoPVwiMjRcIiBoZWlnaHQ9XCIyNFwiIHZpZXdCb3g9XCIwIDAgMjQgMjRcIiB4bWxucz1cImh0dHA6Ly93d3cudzMub3JnLzIwMDAvc3ZnXCI-PHBhdGggZD1cIk0xMiwxQTExLDExLDAsMSwwLDIzLDEyLDExLDExLDAsMCwwLDEyLDFabTAsMTlhOCw4LDAsMSwxLDgtOEE4LDgsMCwwLDEsMTIsMjBaXCIgb3BhY2l0eT1cIi4yNVwiLz48cGF0aCBkPVwiTTEwLjE0LDEuMTZhMTEsMTEsMCwwLDAtOSw4LjkyQTEuNTksMS41OSwwLDAsMCwyLjQ2LDEyLDEuNTIsMS41MiwwLDAsMCw0LjExLDEwLjdhOCw4LDAsMCwxLDYuNjYtNi42MUExLjQyLDEuNDIsMCwwLDAsMTIsMi42OWgwQTEuNTcsMS41NywwLDAsMCwxMC4xNCwxLjE2WlwiPjxhbmltYXRlVHJhbnNmb3JtIGF0dHJpYnV0ZU5hbWU9XCJ0cmFuc2Zvcm1cIiB0eXBlPVwicm90YXRlXCIgZHVyPVwiMC43NXNcIiB2YWx1ZXM9XCIwIDEyIDEyOzM2MCAxMiAxMlwiIHJlcGVhdENvdW50PVwiaW5kZWZpbml0ZVwiLz48L3BhdGg-PC9zdmc-PHNwYW4gY2xhc3M9XCJpcy12aXN1YWxseS1oaWRkZW5cIj5TdWJtaXR0aW5nIGZvcm08L3NwYW4-PC9zcGFuPjwvYnV0dG9uPjwvZGl2PjwvZGl2PlxuIiwiaGFzaCI6ImQzZTU2MTU5NDliOTNlOTNiODA5YTg2NzhkMTJkMDA5ZGY1NDY4ZjQiLCJzb3VyY2UiOnsiZW50cnlfdGl0bGUiOiJPcHRpbWl6YSBlbCBkaXNlXHUwMGYxbyBkZSBsYSBwXHUwMGUxZ2luYSBkZSBwcm9kdWN0byBkZSBXb29Db21tZXJjZSIsImVudHJ5X3BhZ2UiOjEsInNvdXJjZV9pZCI6MTk1Nywic291cmNlX3R5cGUiOiJzaW5nbGUiLCJyZXF1ZXN0X3VybCI6Imh0dHBzOi8vYm9nb3RhLndvcmRjYW1wLm9yZy8yMDIzL3dwLWpzb24vd3AvdjIvcGFnZXMvMTk1NyJ9LCJ2ZXJzaW9uIjoyLCJjaXBoZXIiOiJhZXMtMjU2LWdjbSJ9.8DGfZka0YIR-7z_idxPZzKK-QMEAXo2PRLbVBRGxAyw' \/>\n\n<div class=\"wp-block-jetpack-contact-form\" style=\"padding-top:16px;padding-right:16px;padding-bottom:16px;padding-left:16px\">\n<h3 class=\"wp-block-heading\">Accede a la presentaci\u00f3n gratuitamente aqu\u00ed<\/h3>\n\n\n\n<p>Solo hay que rellenar el siguiente formulario<\/p>\n\n\n\n<div style=\"--jetpack--contact-form--font-size: 20px;\"  data-wp-interactive=\"jetpack\/form\" data-wp-context='{\"fieldId\":\"g1957-nombre\",\"fieldType\":\"name\",\"fieldLabel\":\"Nombre\",\"fieldValue\":\"\",\"fieldPlaceholder\":\"\",\"fieldIsRequired\":\"1\",\"fieldErrorMessage\":\"\",\"fieldExtra\":[],\"formHash\":\"d3e5615949b93e93b809a8678d12d009df5468f4\"}'  class='grunion-field-name-wrap grunion-field-wrap'  data-wp-init='callbacks.initializeField' data-wp-on--jetpack-form-reset='callbacks.initializeField' >\n<label\n\t\t\t\tfor='g1957-nombre' style=\"color: #ffffff;font-size: 13px;\" class=\"grunion-field-label name\" >Nombre<span class=\"grunion-label-required\" aria-hidden=\"true\">(required)<\/span><\/label>\n<input\n\t\t\t\t\ttype='text'\n\t\t\t\t\tname='g1957-nombre'\n\t\t\t\t\tid='g1957-nombre'\n\t\t\t\t\tvalue=''\n\n\t\t\t\t\tdata-wp-bind--aria-invalid='state.fieldAriaInvalid'\n\t\t\t\t\tdata-wp-bind--value='state.getFieldValue'\n\t\t\t\t\taria-describedby='g1957-nombre-text-error-message'\n\t\t\t\t\tdata-wp-on--input='actions.onFieldChange'\n\t\t\t\t\tdata-wp-on--blur='actions.onFieldBlur'\n\t\t\t\t\tdata-wp-class--has-value='state.hasFieldValue'\n\n\t\t\t\t\tclass='name  grunion-field' \n\t\t\t\t\trequired='true' aria-required='true' style=\"font-size: 20px;\"  \/>\n \n\t\t\t<div id=\"g1957-nombre-text-error\" class=\"contact-form__input-error\" data-wp-class--has-errors=\"state.fieldHasErrors\">\n\t\t\t\t<span class=\"contact-form__warning-icon\" aria-hidden=\"true\">\n\t\t\t\t\t<svg width=\"16\" height=\"16\" viewBox=\"0 0 16 16\" fill=\"none\" xmlns=\"http:\/\/www.w3.org\/2000\/svg\">\n\t\t\t\t\t\t<path d=\"M8.50015 11.6402H7.50015V10.6402H8.50015V11.6402Z\" \/>\n\t\t\t\t\t\t<path d=\"M7.50015 9.64018H8.50015V6.30684H7.50015V9.64018Z\" \/>\n\t\t\t\t\t\t<path fill-rule=\"evenodd\" clip-rule=\"evenodd\" d=\"M6.98331 3.0947C7.42933 2.30177 8.57096 2.30177 9.01698 3.09469L13.8771 11.7349C14.3145 12.5126 13.7525 13.4735 12.8602 13.4735H3.14004C2.24774 13.4735 1.68575 12.5126 2.12321 11.7349L6.98331 3.0947ZM8.14541 3.58496C8.08169 3.47168 7.9186 3.47168 7.85488 3.58496L2.99478 12.2251C2.93229 12.3362 3.01257 12.4735 3.14004 12.4735H12.8602C12.9877 12.4735 13.068 12.3362 13.0055 12.2251L8.14541 3.58496Z\" \/>\n\t\t\t\t\t<\/svg>\n\t\t\t\t<\/span>\n\t\t\t\t<span data-wp-text=\"state.errorMessage\" id=\"g1957-nombre-text-error-message\"><\/span>\n\t\t\t<\/div> \n\t<\/div>\n\n\n\n<div style=\"--jetpack--contact-form--font-size: 20px;\"  data-wp-interactive=\"jetpack\/form\" data-wp-context='{\"fieldId\":\"g1957-email\",\"fieldType\":\"email\",\"fieldLabel\":\"Email\",\"fieldValue\":\"\",\"fieldPlaceholder\":\"\",\"fieldIsRequired\":\"1\",\"fieldErrorMessage\":\"\",\"fieldExtra\":[],\"formHash\":\"d3e5615949b93e93b809a8678d12d009df5468f4\"}'  class='grunion-field-email-wrap grunion-field-wrap'  data-wp-init='callbacks.initializeField' data-wp-on--jetpack-form-reset='callbacks.initializeField' >\n<label\n\t\t\t\tfor='g1957-email' style=\"color: #ffffff;font-size: 13px;\" class=\"grunion-field-label email\" >Email<span class=\"grunion-label-required\" aria-hidden=\"true\">(required)<\/span><\/label>\n<input\n\t\t\t\t\ttype='email'\n\t\t\t\t\tname='g1957-email'\n\t\t\t\t\tid='g1957-email'\n\t\t\t\t\tvalue=''\n\n\t\t\t\t\tdata-wp-bind--aria-invalid='state.fieldAriaInvalid'\n\t\t\t\t\tdata-wp-bind--value='state.getFieldValue'\n\t\t\t\t\taria-describedby='g1957-email-email-error-message'\n\t\t\t\t\tdata-wp-on--input='actions.onFieldChange'\n\t\t\t\t\tdata-wp-on--blur='actions.onFieldBlur'\n\t\t\t\t\tdata-wp-class--has-value='state.hasFieldValue'\n\n\t\t\t\t\tclass='email  grunion-field' \n\t\t\t\t\trequired='true' aria-required='true' style=\"font-size: 20px;\"  \/>\n \n\t\t\t<div id=\"g1957-email-email-error\" class=\"contact-form__input-error\" data-wp-class--has-errors=\"state.fieldHasErrors\">\n\t\t\t\t<span class=\"contact-form__warning-icon\" aria-hidden=\"true\">\n\t\t\t\t\t<svg width=\"16\" height=\"16\" viewBox=\"0 0 16 16\" fill=\"none\" xmlns=\"http:\/\/www.w3.org\/2000\/svg\">\n\t\t\t\t\t\t<path d=\"M8.50015 11.6402H7.50015V10.6402H8.50015V11.6402Z\" \/>\n\t\t\t\t\t\t<path d=\"M7.50015 9.64018H8.50015V6.30684H7.50015V9.64018Z\" \/>\n\t\t\t\t\t\t<path fill-rule=\"evenodd\" clip-rule=\"evenodd\" d=\"M6.98331 3.0947C7.42933 2.30177 8.57096 2.30177 9.01698 3.09469L13.8771 11.7349C14.3145 12.5126 13.7525 13.4735 12.8602 13.4735H3.14004C2.24774 13.4735 1.68575 12.5126 2.12321 11.7349L6.98331 3.0947ZM8.14541 3.58496C8.08169 3.47168 7.9186 3.47168 7.85488 3.58496L2.99478 12.2251C2.93229 12.3362 3.01257 12.4735 3.14004 12.4735H12.8602C12.9877 12.4735 13.068 12.3362 13.0055 12.2251L8.14541 3.58496Z\" \/>\n\t\t\t\t\t<\/svg>\n\t\t\t\t<\/span>\n\t\t\t\t<span data-wp-text=\"state.errorMessage\" id=\"g1957-email-email-error-message\"><\/span>\n\t\t\t<\/div> \n\t<\/div>\n\n\n\n<div style=\"--jetpack--contact-form--font-size: 20px;\"  data-wp-interactive=\"jetpack\/form\" data-wp-context='{\"fieldId\":\"g1957-djanostufeedbackquetellamlaatencinsobresucharla044quetegustaraseguiraprendiendoms-entremsdetalladonosdastufeedback044sabremosquesolicitaranuestrosspeakersalaprxima\",\"fieldType\":\"textarea\",\"fieldLabel\":\"D\\u00e9janos tu feedback que te llam\\u00f3 la atenci\\u00f3n sobre su charla\\u0026#044; que te gustar\\u00eda seguir aprendiendo m\\u00e1s. Entre m\\u00e1s detallado nos das tu feedback\\u0026#044; sabremos que solicitar a nuestros speakers a la pr\\u00f3xima:\",\"fieldValue\":\"\",\"fieldPlaceholder\":\"\",\"fieldIsRequired\":\"\",\"fieldErrorMessage\":\"\",\"fieldExtra\":[],\"formHash\":\"d3e5615949b93e93b809a8678d12d009df5468f4\"}'  class='grunion-field-textarea-wrap grunion-field-wrap'  data-wp-init='callbacks.initializeField' data-wp-on--jetpack-form-reset='callbacks.initializeField' >\n<label\n\t\t\t\tfor='contact-form-comment-g1957-djanostufeedbackquetellamlaatencinsobresucharla044quetegustaraseguiraprendiendoms-entremsdetalladonosdastufeedback044sabremosquesolicitaranuestrosspeakersalaprxima' style=\"color: #ffffff;font-size: 13px;\" class=\"grunion-field-label textarea\" >D\u00e9janos tu feedback que te llam\u00f3 la atenci\u00f3n sobre su charla&#044; que te gustar\u00eda seguir aprendiendo m\u00e1s. Entre m\u00e1s detallado nos das tu feedback&#044; sabremos que solicitar a nuestros speakers a la pr\u00f3xima:<\/label>\n<textarea\n\t\t                style='font-size: 20px;'\n\t\t                name='g1957-djanostufeedbackquetellamlaatencinsobresucharla044quetegustaraseguiraprendiendoms-entremsdetalladonosdastufeedback044sabremosquesolicitaranuestrosspeakersalaprxima'\n\t\t                id='contact-form-comment-g1957-djanostufeedbackquetellamlaatencinsobresucharla044quetegustaraseguiraprendiendoms-entremsdetalladonosdastufeedback044sabremosquesolicitaranuestrosspeakersalaprxima'\n\t\t                rows='20'\n\t\t\t\t\t\tdata-wp-text='state.getFieldValue'\n\t\t\t\t\t\tdata-wp-on--input='actions.onFieldChange'\n\t\t\t\t\t\tdata-wp-on--blur='actions.onFieldBlur'\n\t\t\t\t\t\tdata-wp-class--has-value='state.hasFieldValue'\n\t\t\t\t\t\taria-describedby='g1957-djanostufeedbackquetellamlaatencinsobresucharla044quetegustaraseguiraprendiendoms-entremsdetalladonosdastufeedback044sabremosquesolicitaranuestrosspeakersalaprxima-textarea-error-message'\n\t\t\t\t\t\tdata-wp-bind--aria-invalid='state.fieldAriaInvalid'\n\t\t\t\t\t\tclass='textarea  grunion-field'  ><\/textarea>\n \n\t\t\t<div id=\"g1957-djanostufeedbackquetellamlaatencinsobresucharla044quetegustaraseguiraprendiendoms-entremsdetalladonosdastufeedback044sabremosquesolicitaranuestrosspeakersalaprxima-textarea-error\" class=\"contact-form__input-error\" data-wp-class--has-errors=\"state.fieldHasErrors\">\n\t\t\t\t<span class=\"contact-form__warning-icon\" aria-hidden=\"true\">\n\t\t\t\t\t<svg width=\"16\" height=\"16\" viewBox=\"0 0 16 16\" fill=\"none\" xmlns=\"http:\/\/www.w3.org\/2000\/svg\">\n\t\t\t\t\t\t<path d=\"M8.50015 11.6402H7.50015V10.6402H8.50015V11.6402Z\" \/>\n\t\t\t\t\t\t<path d=\"M7.50015 9.64018H8.50015V6.30684H7.50015V9.64018Z\" \/>\n\t\t\t\t\t\t<path fill-rule=\"evenodd\" clip-rule=\"evenodd\" d=\"M6.98331 3.0947C7.42933 2.30177 8.57096 2.30177 9.01698 3.09469L13.8771 11.7349C14.3145 12.5126 13.7525 13.4735 12.8602 13.4735H3.14004C2.24774 13.4735 1.68575 12.5126 2.12321 11.7349L6.98331 3.0947ZM8.14541 3.58496C8.08169 3.47168 7.9186 3.47168 7.85488 3.58496L2.99478 12.2251C2.93229 12.3362 3.01257 12.4735 3.14004 12.4735H12.8602C12.9877 12.4735 13.068 12.3362 13.0055 12.2251L8.14541 3.58496Z\" \/>\n\t\t\t\t\t<\/svg>\n\t\t\t\t<\/span>\n\t\t\t\t<span data-wp-text=\"state.errorMessage\" id=\"g1957-djanostufeedbackquetellamlaatencinsobresucharla044quetegustaraseguiraprendiendoms-entremsdetalladonosdastufeedback044sabremosquesolicitaranuestrosspeakersalaprxima-textarea-error-message\"><\/span>\n\t\t\t<\/div>\n\t<\/div>\n\n\n<div class=\"contact-form__error\" data-wp-class--show-errors=\"state.showFormErrors\"><span class=\"contact-form__warning-icon\" aria-hidden=\"true\"><i><\/i><\/span><span class=\"contact-form__error-message\" tabindex=\"-1\" data-wp-watch=\"callbacks.focusOnValidationError\" data-wp-text=\"state.getFormErrorMessage\"><\/span><ul aria-label=\"Form errors\">\n\t\t\t\t<template data-wp-each=\"state.getErrorList\" data-wp-key=\"context.item.id\">\n\t\t\t\t\t<li><a data-wp-bind--href=\"context.item.anchor\" data-wp-on--click=\"actions.scrollIntoView\" data-wp-text=\"context.item.label\"><\/a><\/li>\n\t\t\t\t<\/template>\n\t\t\t\t<\/ul><\/div><div class=\"contact-form__error\" data-wp-class--show-errors=\"state.showSubmissionError\" data-wp-text=\"context.submissionError\" tabindex=\"-1\" data-wp-watch=\"callbacks.focusOnSubmissionError\"><\/div> <div class=\"wp-block-jetpack-button is-style-fill wp-block-button\" style=\"\"><button data-wp-bind--disabled=\"state.isAriaDisabled\" class=\"wp-block-button__link is-style-fill has-text-color has-background\" style=\"color: #040a29; background-color: #f4b631; border-radius: 11px;\" data-id-attr=\"placeholder\" type=\"submit\" data-wp-class--is-submitting=\"state.isSubmitting\" data-wp-bind--aria-disabled=\"state.isAriaDisabled\">Descargar<span class=\"spinner\" aria-hidden=\"true\"><svg width=\"24\" height=\"24\" viewBox=\"0 0 24 24\" xmlns=\"http:\/\/www.w3.org\/2000\/svg\"><path d=\"M12,1A11,11,0,1,0,23,12,11,11,0,0,0,12,1Zm0,19a8,8,0,1,1,8-8A8,8,0,0,1,12,20Z\" opacity=\".25\"\/><path d=\"M10.14,1.16a11,11,0,0,0-9,8.92A1.59,1.59,0,0,0,2.46,12,1.52,1.52,0,0,0,4.11,10.7a8,8,0,0,1,6.66-6.61A1.42,1.42,0,0,0,12,2.69h0A1.57,1.57,0,0,0,10.14,1.16Z\"><animateTransform attributeName=\"transform\" type=\"rotate\" dur=\"0.75s\" values=\"0 12 12;360 12 12\" repeatCount=\"indefinite\"\/><\/path><\/svg><span class=\"is-visually-hidden\">Submitting form<\/span><\/span><\/button><\/div><\/div>\n\t\t<input type='hidden' name='contact-form-id' value='1957' \/>\n\t\t<input type='hidden' name='action' value='grunion-contact-form' \/>\n\t\t<input type='hidden' name='contact-form-hash' value='d3e5615949b93e93b809a8678d12d009df5468f4' \/>\n<p style=\"display: none !important;\" class=\"akismet-fields-container\" data-prefix=\"ak_\"><label>&#916;<textarea name=\"ak_hp_textarea\" cols=\"45\" rows=\"8\" maxlength=\"100\"><\/textarea><\/label><input type=\"hidden\" id=\"ak_js_1\" name=\"ak_js\" value=\"120\"\/><script type=\"text\/javascript\">\n\/* <![CDATA[ *\/\ndocument.getElementById( \"ak_js_1\" ).setAttribute( \"value\", ( new Date() ).getTime() );\n\/* ]]> *\/\n<\/script>\n<\/p><\/form>\n<\/div><\/div>\n<\/div>\n","protected":false},"excerpt":{"rendered":"<p>Ana Cirujano Co-organizadora de WordPress Torrelodones (Meetup y WordCamp 2023) Embajadora de Piensa Solutions Podcaster en Un billete a Chattanoogay profe de dise\u00f1o en 3ymedia School<\/p>\n","protected":false},"author":14911570,"featured_media":0,"parent":1877,"menu_order":0,"comment_status":"closed","ping_status":"closed","template":"","meta":{"jetpack_post_was_ever_published":false,"footnotes":""},"class_list":["post-1957","page","type-page","status-publish","hentry"],"jetpack-related-posts":[{"id":1208,"url":"https:\/\/bogota.wordcamp.org\/2023\/organizadores-y-voluntarios\/","url_meta":{"origin":1957,"position":0},"title":"Organizadores y Voluntarios","author":"roblesloaiza","date":"15 marzo, 2023","format":false,"excerpt":"Organizar un WordCamp es una tarea descomunal, pero cuando cuentas con un equipo de WordPresseros apasionados, todo es posible. En Bogot\u00e1, tenemos la suerte de contar con un grupo de mentes brillantes, comprometidos con la comunidad y la creaci\u00f3n de WordCamps En esta oportunidad, tuvimos el honor de contar con\u2026","rel":"","context":"Similar post","block_context":{"text":"Similar post","link":""},"img":{"alt_text":"","src":"https:\/\/i0.wp.com\/bogota.wordcamp.org\/2023\/files\/2023\/03\/Grupo-134.png?resize=350%2C200&ssl=1","width":350,"height":200,"srcset":"https:\/\/i0.wp.com\/bogota.wordcamp.org\/2023\/files\/2023\/03\/Grupo-134.png?resize=350%2C200&ssl=1 1x, https:\/\/i0.wp.com\/bogota.wordcamp.org\/2023\/files\/2023\/03\/Grupo-134.png?resize=525%2C300&ssl=1 1.5x, https:\/\/i0.wp.com\/bogota.wordcamp.org\/2023\/files\/2023\/03\/Grupo-134.png?resize=700%2C400&ssl=1 2x"},"classes":[]},{"id":1951,"url":"https:\/\/bogota.wordcamp.org\/2023\/zona-de-descargas\/tendencias-en-ecommerce-para-el-2023-te-subes-al-carro\/","url_meta":{"origin":1957,"position":1},"title":"Tendencias en eCommerce para el 2023. \u00bfTe subes al carro?","author":"vivilo","date":"1 abril, 2023","format":false,"excerpt":"Lidia Marb\u00e1n Soy dise\u00f1adora web, especialmente de tiendas online con WordPress y WooCommerce y consultora de eCommerce. Corganizo la Meetup de WordPress Torrelodones Accede a la presentaci\u00f3n gratuitamente aqu\u00ed Solo hay que rellenar el siguiente formulario","rel":"","context":"Similar post","block_context":{"text":"Similar post","link":""},"img":{"alt_text":"","src":"https:\/\/i0.wp.com\/bogota.wordcamp.org\/2023\/files\/2023\/03\/lidia-marban.png?resize=350%2C200&ssl=1","width":350,"height":200,"srcset":"https:\/\/i0.wp.com\/bogota.wordcamp.org\/2023\/files\/2023\/03\/lidia-marban.png?resize=350%2C200&ssl=1 1x, https:\/\/i0.wp.com\/bogota.wordcamp.org\/2023\/files\/2023\/03\/lidia-marban.png?resize=525%2C300&ssl=1 1.5x, https:\/\/i0.wp.com\/bogota.wordcamp.org\/2023\/files\/2023\/03\/lidia-marban.png?resize=700%2C400&ssl=1 2x"},"classes":[]},{"id":1983,"url":"https:\/\/bogota.wordcamp.org\/2023\/zona-de-descargas\/full-site-editing\/","url_meta":{"origin":1957,"position":2},"title":"Full Site Editing\u00a0","author":"vivilo","date":"1 abril, 2023","format":false,"excerpt":"","rel":"","context":"Similar post","block_context":{"text":"Similar post","link":""},"img":{"alt_text":"","src":"https:\/\/i0.wp.com\/bogota.wordcamp.org\/2023\/files\/2023\/01\/cropped-logoWCBOG.jpg?fit=512%2C512&resize=350%2C200#038;ssl=1","width":350,"height":200},"classes":[]},{"id":1902,"url":"https:\/\/bogota.wordcamp.org\/2023\/zona-de-descargas\/mejora-los-resultados-de-tu-woocommerce-gracias-al-wpo\/","url_meta":{"origin":1957,"position":3},"title":"Mejora los resultados de tu WooCommerce gracias al WPO","author":"vivilo","date":"1 abril, 2023","format":false,"excerpt":"","rel":"","context":"Similar post","block_context":{"text":"Similar post","link":""},"img":{"alt_text":"","src":"https:\/\/i0.wp.com\/bogota.wordcamp.org\/2023\/files\/2023\/01\/cropped-logoWCBOG.jpg?fit=512%2C512&resize=350%2C200#038;ssl=1","width":350,"height":200},"classes":[]},{"id":1967,"url":"https:\/\/bogota.wordcamp.org\/2023\/zona-de-descargas\/google-tag-manager-la-navaja-suiza-del-marketer\/","url_meta":{"origin":1957,"position":4},"title":"Google Tag Manager, la navaja suiza del marketer","author":"vivilo","date":"1 abril, 2023","format":false,"excerpt":"Juan Sebasti\u00e1n Aparicio Dise\u00f1ador gr\u00e1fico y desarrollador de software con m\u00e1s de 8 a\u00f1os de experiencia. Creador de Tutopress, uno de los canales de YouTube m\u00e1s vistos en anal\u00edtica digital en Espa\u00f1ol. Accede a la presentaci\u00f3n gratuitamente aqu\u00ed Solo hay que rellenar el siguiente formulario","rel":"","context":"Similar post","block_context":{"text":"Similar post","link":""},"img":{"alt_text":"","src":"https:\/\/i0.wp.com\/bogota.wordcamp.org\/2023\/files\/2022\/07\/jusn-sparicio.png?resize=350%2C200&ssl=1","width":350,"height":200,"srcset":"https:\/\/i0.wp.com\/bogota.wordcamp.org\/2023\/files\/2022\/07\/jusn-sparicio.png?resize=350%2C200&ssl=1 1x, https:\/\/i0.wp.com\/bogota.wordcamp.org\/2023\/files\/2022\/07\/jusn-sparicio.png?resize=525%2C300&ssl=1 1.5x, https:\/\/i0.wp.com\/bogota.wordcamp.org\/2023\/files\/2022\/07\/jusn-sparicio.png?resize=700%2C400&ssl=1 2x"},"classes":[]}],"jetpack_sharing_enabled":true,"_links":{"self":[{"href":"https:\/\/bogota.wordcamp.org\/2023\/wp-json\/wp\/v2\/pages\/1957","targetHints":{"allow":["GET"]}}],"collection":[{"href":"https:\/\/bogota.wordcamp.org\/2023\/wp-json\/wp\/v2\/pages"}],"about":[{"href":"https:\/\/bogota.wordcamp.org\/2023\/wp-json\/wp\/v2\/types\/page"}],"author":[{"embeddable":true,"href":"https:\/\/bogota.wordcamp.org\/2023\/wp-json\/wp\/v2\/users\/14911570"}],"replies":[{"embeddable":true,"href":"https:\/\/bogota.wordcamp.org\/2023\/wp-json\/wp\/v2\/comments?post=1957"}],"version-history":[{"count":1,"href":"https:\/\/bogota.wordcamp.org\/2023\/wp-json\/wp\/v2\/pages\/1957\/revisions"}],"predecessor-version":[{"id":1958,"href":"https:\/\/bogota.wordcamp.org\/2023\/wp-json\/wp\/v2\/pages\/1957\/revisions\/1958"}],"up":[{"embeddable":true,"href":"https:\/\/bogota.wordcamp.org\/2023\/wp-json\/wp\/v2\/pages\/1877"}],"wp:attachment":[{"href":"https:\/\/bogota.wordcamp.org\/2023\/wp-json\/wp\/v2\/media?parent=1957"}],"curies":[{"name":"wp","href":"https:\/\/api.w.org\/{rel}","templated":true}]}}