{"id":1877,"date":"2023-03-31T10:20:30","date_gmt":"2023-03-31T15:20:30","guid":{"rendered":"https:\/\/bogota.wordcamp.org\/2023\/?page_id=1877"},"modified":"2023-04-01T09:24:15","modified_gmt":"2023-04-01T14:24:15","slug":"zona-de-descargas","status":"publish","type":"page","link":"https:\/\/bogota.wordcamp.org\/2023\/zona-de-descargas\/","title":{"rendered":"Zona de Descargas"},"content":{"rendered":"\n<p class=\"has-text-align-center\">\u00a1Bienvenido a la zona de descargas del WordCamp Bogota Online 2023! En esta secci\u00f3n podr\u00e1s acceder a una gran variedad de materiales exclusivos que nuestros expositores han preparado especialmente para ti.<\/p>\n\n\n\n<p class=\"has-text-align-center\">Entre nuestros contenidos destacan los ebooks, donde encontrar\u00e1s informaci\u00f3n detallada y consejos \u00fatiles sobre los temas que se abordaron en las ponencias del evento. Adem\u00e1s, podr\u00e1s descargar presentaciones en formato PDF  para repasar los principales puntos de las charlas y tener un registro visual de las ideas que se expusieron.<\/p>\n\n\n\n<div style=\"height:100px\" aria-hidden=\"true\" class=\"wp-block-spacer\"><\/div>\n\n\n\n<div class=\"wp-block-columns is-layout-flex wp-container-core-columns-is-layout-9d6595d7 wp-block-columns-is-layout-flex\">\n<div class=\"wp-block-column is-layout-flow wp-block-column-is-layout-flow\"><div class=\"wp-block-image\">\n<figure class=\"aligncenter size-full is-resized\"><a href=\"https:\/\/bogota.wordcamp.org\/2023\/zona-de-descargas\/mejora-los-resultados-de-tu-woocommerce-gracias-al-wpo\/\" target=\"_blank\" rel=\"noreferrer noopener\"><img data-recalc-dims=\"1\" loading=\"lazy\" decoding=\"async\" src=\"https:\/\/i0.wp.com\/bogota.wordcamp.org\/2023\/files\/2023\/04\/slides1.png?resize=100%2C100&#038;ssl=1\" alt=\"\" class=\"wp-image-1936\" width=\"100\" height=\"100\" srcset=\"https:\/\/i0.wp.com\/bogota.wordcamp.org\/2023\/files\/2023\/04\/slides1.png?w=512&amp;ssl=1 512w, https:\/\/i0.wp.com\/bogota.wordcamp.org\/2023\/files\/2023\/04\/slides1.png?resize=300%2C300&amp;ssl=1 300w, https:\/\/i0.wp.com\/bogota.wordcamp.org\/2023\/files\/2023\/04\/slides1.png?resize=150%2C150&amp;ssl=1 150w\" sizes=\"auto, (max-width: 100px) 100vw, 100px\" \/><\/a><\/figure>\n<\/div>\n\n\n<h4 class=\"wp-block-heading has-text-align-center\"><a href=\"https:\/\/bogota.wordcamp.org\/2023\/zona-de-descargas\/mejora-los-resultados-de-tu-woocommerce-gracias-al-wpo\/\" data-type=\"page\" data-id=\"1902\" target=\"_blank\" rel=\"noreferrer noopener\">Jos\u00e9 Ram\u00f3n Padr\u00f3n<\/a><\/h4>\n<\/div>\n\n\n\n<div class=\"wp-block-column is-layout-flow wp-block-column-is-layout-flow\"><div class=\"wp-block-image\">\n<figure class=\"aligncenter size-large is-resized\"><a href=\"https:\/\/bogota.wordcamp.org\/2023\/zona-de-descargas\/woocommerce-no-solo-es-para-tiendas\/\" target=\"_blank\" rel=\"noreferrer noopener\"><img data-recalc-dims=\"1\" loading=\"lazy\" decoding=\"async\" src=\"https:\/\/i0.wp.com\/bogota.wordcamp.org\/2023\/files\/2023\/04\/slides-plus-ebook-1024x437.png?resize=234%2C100&#038;ssl=1\" alt=\"\" class=\"wp-image-1940\" width=\"234\" height=\"100\" srcset=\"https:\/\/i0.wp.com\/bogota.wordcamp.org\/2023\/files\/2023\/04\/slides-plus-ebook.png?resize=1024%2C437&amp;ssl=1 1024w, https:\/\/i0.wp.com\/bogota.wordcamp.org\/2023\/files\/2023\/04\/slides-plus-ebook.png?resize=300%2C128&amp;ssl=1 300w, https:\/\/i0.wp.com\/bogota.wordcamp.org\/2023\/files\/2023\/04\/slides-plus-ebook.png?resize=768%2C328&amp;ssl=1 768w, https:\/\/i0.wp.com\/bogota.wordcamp.org\/2023\/files\/2023\/04\/slides-plus-ebook.png?resize=500%2C213&amp;ssl=1 500w, https:\/\/i0.wp.com\/bogota.wordcamp.org\/2023\/files\/2023\/04\/slides-plus-ebook.png?w=1200&amp;ssl=1 1200w\" sizes=\"auto, (max-width: 234px) 100vw, 234px\" \/><\/a><\/figure>\n<\/div>\n\n\n<h4 class=\"wp-block-heading has-text-align-center\"><a href=\"https:\/\/bogota.wordcamp.org\/2023\/zona-de-descargas\/woocommerce-no-solo-es-para-tiendas\/\" data-type=\"page\" data-id=\"1928\" target=\"_blank\" rel=\"noreferrer noopener\">Cesar Jefferson Aquino<\/a><\/h4>\n<\/div>\n\n\n\n<div class=\"wp-block-column is-layout-flow wp-block-column-is-layout-flow\"><div class=\"wp-block-image\">\n<figure class=\"aligncenter size-full is-resized\"><a href=\"https:\/\/bogota.wordcamp.org\/2023\/automatiza-tu-woocommerce-y-ahorra-tiempo\/\" target=\"_blank\" rel=\"noreferrer noopener\"><img data-recalc-dims=\"1\" loading=\"lazy\" decoding=\"async\" src=\"https:\/\/i0.wp.com\/bogota.wordcamp.org\/2023\/files\/2023\/04\/slides1.png?resize=100%2C100&#038;ssl=1\" alt=\"\" class=\"wp-image-1936\" width=\"100\" height=\"100\" srcset=\"https:\/\/i0.wp.com\/bogota.wordcamp.org\/2023\/files\/2023\/04\/slides1.png?w=512&amp;ssl=1 512w, https:\/\/i0.wp.com\/bogota.wordcamp.org\/2023\/files\/2023\/04\/slides1.png?resize=300%2C300&amp;ssl=1 300w, https:\/\/i0.wp.com\/bogota.wordcamp.org\/2023\/files\/2023\/04\/slides1.png?resize=150%2C150&amp;ssl=1 150w\" sizes=\"auto, (max-width: 100px) 100vw, 100px\" \/><\/a><\/figure>\n<\/div>\n\n\n<h4 class=\"wp-block-heading has-text-align-center\"><a href=\"https:\/\/bogota.wordcamp.org\/2023\/automatiza-tu-woocommerce-y-ahorra-tiempo\/\" data-type=\"page\" data-id=\"1944\" target=\"_blank\" rel=\"noreferrer noopener\">Ibon Azkoitia<\/a><\/h4>\n<\/div>\n<\/div>\n\n\n\n<div style=\"height:39px\" aria-hidden=\"true\" class=\"wp-block-spacer\"><\/div>\n\n\n\n<div class=\"wp-block-columns is-layout-flex wp-container-core-columns-is-layout-9d6595d7 wp-block-columns-is-layout-flex\">\n<div class=\"wp-block-column is-layout-flow wp-block-column-is-layout-flow\"><div class=\"wp-block-image\">\n<figure class=\"aligncenter size-full is-resized\"><a href=\"https:\/\/bogota.wordcamp.org\/2023\/zona-de-descargas\/tendencias-en-ecommerce-para-el-2023-te-subes-al-carro\/\" target=\"_blank\" rel=\"noreferrer noopener\"><img data-recalc-dims=\"1\" loading=\"lazy\" decoding=\"async\" src=\"https:\/\/i0.wp.com\/bogota.wordcamp.org\/2023\/files\/2023\/04\/slides1.png?resize=100%2C100&#038;ssl=1\" alt=\"\" class=\"wp-image-1936\" width=\"100\" height=\"100\" srcset=\"https:\/\/i0.wp.com\/bogota.wordcamp.org\/2023\/files\/2023\/04\/slides1.png?w=512&amp;ssl=1 512w, https:\/\/i0.wp.com\/bogota.wordcamp.org\/2023\/files\/2023\/04\/slides1.png?resize=300%2C300&amp;ssl=1 300w, https:\/\/i0.wp.com\/bogota.wordcamp.org\/2023\/files\/2023\/04\/slides1.png?resize=150%2C150&amp;ssl=1 150w\" sizes=\"auto, (max-width: 100px) 100vw, 100px\" \/><\/a><\/figure>\n<\/div>\n\n\n<h4 class=\"wp-block-heading has-text-align-center\"><a href=\"https:\/\/bogota.wordcamp.org\/2023\/zona-de-descargas\/tendencias-en-ecommerce-para-el-2023-te-subes-al-carro\/\" data-type=\"page\" data-id=\"1951\" target=\"_blank\" rel=\"noreferrer noopener\">Lidia Marb\u00e1n<\/a><\/h4>\n<\/div>\n\n\n\n<div class=\"wp-block-column is-layout-flow wp-block-column-is-layout-flow\"><div class=\"wp-block-image\">\n<figure class=\"aligncenter size-full is-resized\"><a href=\"https:\/\/bogota.wordcamp.org\/2023\/zona-de-descargas\/optimiza-el-diseno-de-la-pagina-de-producto-de-woocommerce\/\" target=\"_blank\" rel=\"noreferrer noopener\"><img data-recalc-dims=\"1\" loading=\"lazy\" decoding=\"async\" src=\"https:\/\/i0.wp.com\/bogota.wordcamp.org\/2023\/files\/2023\/04\/slides1.png?resize=100%2C100&#038;ssl=1\" alt=\"\" class=\"wp-image-1936\" width=\"100\" height=\"100\" srcset=\"https:\/\/i0.wp.com\/bogota.wordcamp.org\/2023\/files\/2023\/04\/slides1.png?w=512&amp;ssl=1 512w, https:\/\/i0.wp.com\/bogota.wordcamp.org\/2023\/files\/2023\/04\/slides1.png?resize=300%2C300&amp;ssl=1 300w, https:\/\/i0.wp.com\/bogota.wordcamp.org\/2023\/files\/2023\/04\/slides1.png?resize=150%2C150&amp;ssl=1 150w\" sizes=\"auto, (max-width: 100px) 100vw, 100px\" \/><\/a><\/figure>\n<\/div>\n\n\n<h4 class=\"wp-block-heading has-text-align-center\"><a href=\"https:\/\/bogota.wordcamp.org\/2023\/zona-de-descargas\/optimiza-el-diseno-de-la-pagina-de-producto-de-woocommerce\/\" data-type=\"page\" data-id=\"1957\" target=\"_blank\" rel=\"noreferrer noopener\">Ana Cirujano<\/a><\/h4>\n<\/div>\n\n\n\n<div class=\"wp-block-column is-layout-flow wp-block-column-is-layout-flow\"><div class=\"wp-block-image\">\n<figure class=\"aligncenter size-full is-resized\"><a href=\"https:\/\/bogota.wordcamp.org\/2023\/zona-de-descargas\/inteligencia-artificial-aplicada-al-embudo-de-ventas\/\" target=\"_blank\" rel=\"noreferrer noopener\"><img data-recalc-dims=\"1\" loading=\"lazy\" decoding=\"async\" src=\"https:\/\/i0.wp.com\/bogota.wordcamp.org\/2023\/files\/2023\/04\/slides1.png?resize=100%2C100&#038;ssl=1\" alt=\"\" class=\"wp-image-1936\" width=\"100\" height=\"100\" srcset=\"https:\/\/i0.wp.com\/bogota.wordcamp.org\/2023\/files\/2023\/04\/slides1.png?w=512&amp;ssl=1 512w, https:\/\/i0.wp.com\/bogota.wordcamp.org\/2023\/files\/2023\/04\/slides1.png?resize=300%2C300&amp;ssl=1 300w, https:\/\/i0.wp.com\/bogota.wordcamp.org\/2023\/files\/2023\/04\/slides1.png?resize=150%2C150&amp;ssl=1 150w\" sizes=\"auto, (max-width: 100px) 100vw, 100px\" \/><\/a><\/figure>\n<\/div>\n\n\n<h4 class=\"wp-block-heading has-text-align-center\"><a href=\"https:\/\/bogota.wordcamp.org\/2023\/zona-de-descargas\/inteligencia-artificial-aplicada-al-embudo-de-ventas\/\" data-type=\"page\" data-id=\"1963\" target=\"_blank\" rel=\"noreferrer noopener\">Fernando Tellado<\/a><\/h4>\n<\/div>\n<\/div>\n\n\n\n<div style=\"height:39px\" aria-hidden=\"true\" class=\"wp-block-spacer\"><\/div>\n\n\n\n<div class=\"wp-block-columns is-layout-flex wp-container-core-columns-is-layout-9d6595d7 wp-block-columns-is-layout-flex\">\n<div class=\"wp-block-column is-layout-flow wp-block-column-is-layout-flow\"><div class=\"wp-block-image\">\n<figure class=\"aligncenter size-full is-resized\"><a href=\"https:\/\/bogota.wordcamp.org\/2023\/zona-de-descargas\/full-site-editing\/\" target=\"_blank\" rel=\"noreferrer noopener\"><img data-recalc-dims=\"1\" loading=\"lazy\" decoding=\"async\" src=\"https:\/\/i0.wp.com\/bogota.wordcamp.org\/2023\/files\/2023\/04\/slides1.png?resize=100%2C100&#038;ssl=1\" alt=\"\" class=\"wp-image-1936\" width=\"100\" height=\"100\" srcset=\"https:\/\/i0.wp.com\/bogota.wordcamp.org\/2023\/files\/2023\/04\/slides1.png?w=512&amp;ssl=1 512w, https:\/\/i0.wp.com\/bogota.wordcamp.org\/2023\/files\/2023\/04\/slides1.png?resize=300%2C300&amp;ssl=1 300w, https:\/\/i0.wp.com\/bogota.wordcamp.org\/2023\/files\/2023\/04\/slides1.png?resize=150%2C150&amp;ssl=1 150w\" sizes=\"auto, (max-width: 100px) 100vw, 100px\" \/><\/a><\/figure>\n<\/div>\n\n\n<h4 class=\"wp-block-heading has-text-align-center\"><a href=\"https:\/\/bogota.wordcamp.org\/2023\/zona-de-descargas\/full-site-editing\/\" data-type=\"page\" data-id=\"1983\" target=\"_blank\" rel=\"noreferrer noopener\">Alfredo Navas<\/a><\/h4>\n<\/div>\n\n\n\n<div class=\"wp-block-column is-layout-flow wp-block-column-is-layout-flow\"><div class=\"wp-block-image\">\n<figure class=\"aligncenter size-full is-resized\"><img data-recalc-dims=\"1\" loading=\"lazy\" decoding=\"async\" src=\"https:\/\/i0.wp.com\/bogota.wordcamp.org\/2023\/files\/2023\/04\/slides1.png?resize=100%2C100&#038;ssl=1\" alt=\"\" class=\"wp-image-1936\" width=\"100\" height=\"100\" srcset=\"https:\/\/i0.wp.com\/bogota.wordcamp.org\/2023\/files\/2023\/04\/slides1.png?w=512&amp;ssl=1 512w, https:\/\/i0.wp.com\/bogota.wordcamp.org\/2023\/files\/2023\/04\/slides1.png?resize=300%2C300&amp;ssl=1 300w, https:\/\/i0.wp.com\/bogota.wordcamp.org\/2023\/files\/2023\/04\/slides1.png?resize=150%2C150&amp;ssl=1 150w\" sizes=\"auto, (max-width: 100px) 100vw, 100px\" \/><\/figure>\n<\/div>\n\n\n<h4 class=\"wp-block-heading has-text-align-center\">proximamente<\/h4>\n<\/div>\n\n\n\n<div class=\"wp-block-column is-layout-flow wp-block-column-is-layout-flow\"><div class=\"wp-block-image\">\n<figure class=\"aligncenter size-full is-resized\"><a href=\"https:\/\/bogota.wordcamp.org\/2023\/zona-de-descargas\/google-tag-manager-la-navaja-suiza-del-marketer\/\" target=\"_blank\" rel=\"noreferrer noopener\"><img data-recalc-dims=\"1\" loading=\"lazy\" decoding=\"async\" src=\"https:\/\/i0.wp.com\/bogota.wordcamp.org\/2023\/files\/2023\/04\/ebook.png?resize=100%2C100&#038;ssl=1\" alt=\"\" class=\"wp-image-1937\" width=\"100\" height=\"100\" srcset=\"https:\/\/i0.wp.com\/bogota.wordcamp.org\/2023\/files\/2023\/04\/ebook.png?w=512&amp;ssl=1 512w, https:\/\/i0.wp.com\/bogota.wordcamp.org\/2023\/files\/2023\/04\/ebook.png?resize=300%2C300&amp;ssl=1 300w, https:\/\/i0.wp.com\/bogota.wordcamp.org\/2023\/files\/2023\/04\/ebook.png?resize=150%2C150&amp;ssl=1 150w\" sizes=\"auto, (max-width: 100px) 100vw, 100px\" \/><\/a><\/figure>\n<\/div>\n\n\n<h4 class=\"wp-block-heading has-text-align-center\"><a rel=\"noreferrer noopener\" href=\"https:\/\/bogota.wordcamp.org\/2023\/zona-de-descargas\/google-tag-manager-la-navaja-suiza-del-marketer\/\" data-type=\"page\" data-id=\"1967\" target=\"_blank\">Juan Sebasti\u00e1n Aparicio<\/a><\/h4>\n<\/div>\n<\/div>\n","protected":false},"excerpt":{"rendered":"<p>\u00a1Bienvenido a la zona de descargas del WordCamp Bogota Online 2023! En esta secci\u00f3n podr\u00e1s acceder a una gran variedad de materiales exclusivos que nuestros expositores han preparado especialmente para ti. Entre nuestros contenidos destacan los ebooks, donde encontrar\u00e1s informaci\u00f3n detallada y consejos \u00fatiles sobre los temas que se abordaron en las ponencias del evento. &hellip; <a href=\"https:\/\/bogota.wordcamp.org\/2023\/zona-de-descargas\/\" class=\"more-link\">Sigue leyendo<span class=\"screen-reader-text\"> \u00abZona de Descargas\u00bb<\/span><\/a><\/p>\n","protected":false},"author":15653534,"featured_media":0,"parent":0,"menu_order":0,"comment_status":"closed","ping_status":"closed","template":"","meta":{"jetpack_post_was_ever_published":false,"footnotes":""},"class_list":["post-1877","page","type-page","status-publish","hentry"],"jetpack-related-posts":[{"id":1944,"url":"https:\/\/bogota.wordcamp.org\/2023\/zona-de-descargas\/automatiza-tu-woocommerce-y-ahorra-tiempo\/","url_meta":{"origin":1877,"position":0},"title":"Automatiza tu WooCommerce y ahorra tiempo","author":"vivilo","date":"1 abril, 2023","format":false,"excerpt":"Ibon Azkoitia Realizo Consultor\u00edas y Mentoring de Productividad y Marca Personal a emprendedores\/as que quieren dar lo m\u00e1ximo de s\u00ed Accede a la presentaci\u00f3n gratuitamente aqu\u00ed Solo hay que rellenar el siguiente formulario","rel":"","context":"Similar post","block_context":{"text":"Similar post","link":""},"img":{"alt_text":"","src":"https:\/\/i0.wp.com\/bogota.wordcamp.org\/2023\/files\/2023\/02\/Ibon-Azkoitia-WCBOG.png?resize=350%2C200&ssl=1","width":350,"height":200,"srcset":"https:\/\/i0.wp.com\/bogota.wordcamp.org\/2023\/files\/2023\/02\/Ibon-Azkoitia-WCBOG.png?resize=350%2C200&ssl=1 1x, https:\/\/i0.wp.com\/bogota.wordcamp.org\/2023\/files\/2023\/02\/Ibon-Azkoitia-WCBOG.png?resize=525%2C300&ssl=1 1.5x, https:\/\/i0.wp.com\/bogota.wordcamp.org\/2023\/files\/2023\/02\/Ibon-Azkoitia-WCBOG.png?resize=700%2C400&ssl=1 2x"},"classes":[]},{"id":1963,"url":"https:\/\/bogota.wordcamp.org\/2023\/zona-de-descargas\/inteligencia-artificial-aplicada-al-embudo-de-ventas\/","url_meta":{"origin":1877,"position":1},"title":"Inteligencia artificial aplicada al embudo de ventas","author":"vivilo","date":"1 abril, 2023","format":false,"excerpt":"Fernando Tellado Creador del blog AyudaWP.com, contribuidor de la comunidad WordPress Espa\u00f1a.Me dedico a WordPress Accede a la presentaci\u00f3n gratuitamente aqu\u00ed Solo hay que rellenar el siguiente formulario","rel":"","context":"Similar post","block_context":{"text":"Similar post","link":""},"img":{"alt_text":"Fernando Tellado","src":"https:\/\/i0.wp.com\/bogota.wordcamp.org\/2023\/files\/2023\/02\/fernandoTellado.png?resize=350%2C200&ssl=1","width":350,"height":200,"srcset":"https:\/\/i0.wp.com\/bogota.wordcamp.org\/2023\/files\/2023\/02\/fernandoTellado.png?resize=350%2C200&ssl=1 1x, https:\/\/i0.wp.com\/bogota.wordcamp.org\/2023\/files\/2023\/02\/fernandoTellado.png?resize=525%2C300&ssl=1 1.5x, https:\/\/i0.wp.com\/bogota.wordcamp.org\/2023\/files\/2023\/02\/fernandoTellado.png?resize=700%2C400&ssl=1 2x"},"classes":[]},{"id":1951,"url":"https:\/\/bogota.wordcamp.org\/2023\/zona-de-descargas\/tendencias-en-ecommerce-para-el-2023-te-subes-al-carro\/","url_meta":{"origin":1877,"position":2},"title":"Tendencias en eCommerce para el 2023. \u00bfTe subes al carro?","author":"vivilo","date":"1 abril, 2023","format":false,"excerpt":"Lidia Marb\u00e1n Soy dise\u00f1adora web, especialmente de tiendas online con WordPress y WooCommerce y consultora de eCommerce. Corganizo la Meetup de WordPress Torrelodones Accede a la presentaci\u00f3n gratuitamente aqu\u00ed Solo hay que rellenar el siguiente formulario","rel":"","context":"Similar post","block_context":{"text":"Similar post","link":""},"img":{"alt_text":"","src":"https:\/\/i0.wp.com\/bogota.wordcamp.org\/2023\/files\/2023\/03\/lidia-marban.png?resize=350%2C200&ssl=1","width":350,"height":200,"srcset":"https:\/\/i0.wp.com\/bogota.wordcamp.org\/2023\/files\/2023\/03\/lidia-marban.png?resize=350%2C200&ssl=1 1x, https:\/\/i0.wp.com\/bogota.wordcamp.org\/2023\/files\/2023\/03\/lidia-marban.png?resize=525%2C300&ssl=1 1.5x, https:\/\/i0.wp.com\/bogota.wordcamp.org\/2023\/files\/2023\/03\/lidia-marban.png?resize=700%2C400&ssl=1 2x"},"classes":[]},{"id":1983,"url":"https:\/\/bogota.wordcamp.org\/2023\/zona-de-descargas\/full-site-editing\/","url_meta":{"origin":1877,"position":3},"title":"Full Site Editing\u00a0","author":"vivilo","date":"1 abril, 2023","format":false,"excerpt":"","rel":"","context":"Similar post","block_context":{"text":"Similar post","link":""},"img":{"alt_text":"","src":"https:\/\/i0.wp.com\/bogota.wordcamp.org\/2023\/files\/2023\/01\/cropped-logoWCBOG.jpg?fit=512%2C512&resize=350%2C200#038;ssl=1","width":350,"height":200},"classes":[]},{"id":1902,"url":"https:\/\/bogota.wordcamp.org\/2023\/zona-de-descargas\/mejora-los-resultados-de-tu-woocommerce-gracias-al-wpo\/","url_meta":{"origin":1877,"position":4},"title":"Mejora los resultados de tu WooCommerce gracias al WPO","author":"vivilo","date":"1 abril, 2023","format":false,"excerpt":"","rel":"","context":"Similar post","block_context":{"text":"Similar post","link":""},"img":{"alt_text":"","src":"https:\/\/i0.wp.com\/bogota.wordcamp.org\/2023\/files\/2023\/01\/cropped-logoWCBOG.jpg?fit=512%2C512&resize=350%2C200#038;ssl=1","width":350,"height":200},"classes":[]},{"id":1928,"url":"https:\/\/bogota.wordcamp.org\/2023\/zona-de-descargas\/woocommerce-no-solo-es-para-tiendas\/","url_meta":{"origin":1877,"position":5},"title":"WooCommerce no s\u00f3lo es para tiendas","author":"vivilo","date":"1 abril, 2023","format":false,"excerpt":"Cesar Jefferson Aquino Senior developer con 12 a\u00f1os de experiencia en desarrollo de sistemas web. Trabajo diariamente con WordPress y Laravel, pero en mis ratos libres juego con IONIC y NodeJS . Aparte a mis labores de programador, soy bombero voluntario y profesor de desarrollo web. Accede a la presentaci\u00f3n\u2026","rel":"","context":"Similar post","block_context":{"text":"Similar post","link":""},"img":{"alt_text":"","src":"https:\/\/i0.wp.com\/bogota.wordcamp.org\/2023\/files\/2023\/02\/wcbogota-ponente-cesaraquino.png?resize=350%2C200&ssl=1","width":350,"height":200,"srcset":"https:\/\/i0.wp.com\/bogota.wordcamp.org\/2023\/files\/2023\/02\/wcbogota-ponente-cesaraquino.png?resize=350%2C200&ssl=1 1x, https:\/\/i0.wp.com\/bogota.wordcamp.org\/2023\/files\/2023\/02\/wcbogota-ponente-cesaraquino.png?resize=525%2C300&ssl=1 1.5x, https:\/\/i0.wp.com\/bogota.wordcamp.org\/2023\/files\/2023\/02\/wcbogota-ponente-cesaraquino.png?resize=700%2C400&ssl=1 2x"},"classes":[]}],"jetpack_sharing_enabled":true,"_links":{"self":[{"href":"https:\/\/bogota.wordcamp.org\/2023\/wp-json\/wp\/v2\/pages\/1877","targetHints":{"allow":["GET"]}}],"collection":[{"href":"https:\/\/bogota.wordcamp.org\/2023\/wp-json\/wp\/v2\/pages"}],"about":[{"href":"https:\/\/bogota.wordcamp.org\/2023\/wp-json\/wp\/v2\/types\/page"}],"author":[{"embeddable":true,"href":"https:\/\/bogota.wordcamp.org\/2023\/wp-json\/wp\/v2\/users\/15653534"}],"replies":[{"embeddable":true,"href":"https:\/\/bogota.wordcamp.org\/2023\/wp-json\/wp\/v2\/comments?post=1877"}],"version-history":[{"count":21,"href":"https:\/\/bogota.wordcamp.org\/2023\/wp-json\/wp\/v2\/pages\/1877\/revisions"}],"predecessor-version":[{"id":1992,"href":"https:\/\/bogota.wordcamp.org\/2023\/wp-json\/wp\/v2\/pages\/1877\/revisions\/1992"}],"wp:attachment":[{"href":"https:\/\/bogota.wordcamp.org\/2023\/wp-json\/wp\/v2\/media?parent=1877"}],"curies":[{"name":"wp","href":"https:\/\/api.w.org\/{rel}","templated":true}]}}