{"id":17,"date":"2022-03-09T13:50:46","date_gmt":"2022-03-09T18:50:46","guid":{"rendered":"https:\/\/bogota.wordcamp.org\/2023\/contact\/"},"modified":"2023-03-23T11:33:49","modified_gmt":"2023-03-23T16:33:49","slug":"contacto","status":"publish","type":"page","link":"https:\/\/bogota.wordcamp.org\/2023\/contacto\/","title":{"rendered":"Contacto"},"content":{"rendered":"<div data-test='contact-form'\n\t\t\tid='contact-form-17'\n\t\t\tclass='jetpack-contact-form-container '\n\t\t\tdata-wp-interactive='jetpack\/form' data-wp-context='{\"formId\":\"17\",\"formHash\":\"884ee05a62f0a050c4615d88b955b4e7c1cb7183\",\"showErrors\":false,\"errors\":[],\"fields\":[],\"isMultiStep\":false,\"useAjax\":true,\"submissionData\":null,\"formattedSubmissionData\":[],\"submissionSuccess\":false,\"submissionError\":null,\"elementId\":\"jp-form-884ee05a62f0a050c4615d88b955b4e7c1cb7183\",\"isSingleInputForm\":false,\"isForcedHorizontal\":false}'\n\t\t\tdata-wp-watch--scroll-to-wrapper=\"callbacks.scrollToWrapper\"\n\t\t>\n<div class=\"contact-form-submission contact-form-ajax-submission\" data-wp-bind--aria-hidden=\"state.isSuccessMessageAriaHidden\" data-wp-class--submission-success=\"context.submissionSuccess\" id=\"contact-form-success-884ee05a62f0a050c4615d88b955b4e7c1cb7183\" tabindex=\"-1\" aria-labelledby=\"contact-form-success-header-884ee05a62f0a050c4615d88b955b4e7c1cb7183\"><p class=\"go-back-message\"><a class=\"link\" role=\"button\" tabindex=\"0\" data-wp-on--click=\"actions.goBack\" href=\"\/2023\/wp-json\/wp\/v2\/pages\/17\">\u2190 Back<\/a><\/p><h4 data-wp-bind--aria-hidden=\"state.isSuccessMessageAriaHidden\" id=\"contact-form-success-header-884ee05a62f0a050c4615d88b955b4e7c1cb7183\">Your message has been sent<\/h4>\n\n<template data-wp-each--submission=\"context.formattedSubmissionData\">\n\t\t\t\t\t<div class=\"jetpack_forms_contact-form-success-summary\">\n\t\t\t\t\t\t<div class=\"field-name-wrapper\">\n\t\t\t\t\t\t\t<div class=\"field-type-icon\" data-wp-watch=\"callbacks.watchFieldTypeIcon\"><\/div>\n\t\t\t\t\t\t\t<div class=\"field-name\" data-wp-text=\"context.submission.label\" data-wp-bind--hidden=\"!context.submission.label\"><\/div>\n\t\t\t\t\t\t<\/div>\n\t\t\t\t\t\t<div class=\"field-value\" data-wp-text=\"context.submission.value\" data-wp-bind--hidden=\"!context.submission.showPlainValue\"><\/div>\n\t\t\t\t\t\t<a class=\"field-url\" data-wp-bind--href=\"context.submission.url\" data-wp-text=\"context.submission.value\" data-wp-bind--hidden=\"!context.submission.url\" target=\"_blank\" rel=\"noopener noreferrer\"><\/a>\n\t\t\t\t\t\t<div class=\"field-rating\" data-wp-bind--hidden=\"!context.submission.rating\" data-wp-watch=\"callbacks.watchRatingIcons\"><\/div>\n\t\t\t\t\t\t<div class=\"field-images\" data-wp-bind--hidden=\"!context.submission.images\">\n\t\t\t\t\t\t\t<template data-wp-each--image=\"context.submission.images\">\n\t\t\t\t\t\t\t\t<div class=\"field-image-option\" data-wp-class--is-empty=\"!context.image.src\">\n\t\t\t\t\t\t\t\t\t<figure class=\"field-image-option__image\" data-wp-class--is-empty=\"!context.image.src\">\n\t\t\t\t\t\t\t\t\t\t<img data-wp-bind--src=\"context.image.src\" data-wp-bind--hidden=\"!context.image.src\" \/>\n\t\t\t\t\t\t\t\t\t\t<img decoding=\"async\" src=\"data:image\/gif;base64,R0lGODlhAQABAAD\/ACwAAAAAAQABAAACADs=\" data-wp-bind--hidden=\"context.image.src\" \/>\n\t\t\t\t\t\t\t\t\t<\/figure>\n\t\t\t\t\t\t\t\t\t<div class=\"field-image-option__label-wrapper\">\n\t\t\t\t\t\t\t\t\t\t<span class=\"field-image-option__label-code\" data-wp-text=\"context.image.letterCode\"><\/span>\n\t\t\t\t\t\t\t\t\t\t<span class=\"field-image-option__label\" data-wp-text=\"context.image.label\" data-wp-bind--hidden=\"!context.image.label\"><\/span>\n\t\t\t\t\t\t\t\t\t<\/div>\n\t\t\t\t\t\t\t\t<\/div>\n\t\t\t\t\t\t\t<\/template>\n\t\t\t\t\t\t<\/div>\n\t\t\t\t\t\t<div class=\"field-files\" data-wp-bind--hidden=\"!context.submission.files\">\n\t\t\t\t\t\t\t<template data-wp-each--file=\"context.submission.files\">\n\t\t\t\t\t\t\t\t<div class=\"field-file\">\n\t\t\t\t\t\t\t\t\t<div class=\"field-file__thumbnail\" data-wp-style--background-image=\"context.file.previewUrl\" data-wp-style--mask-image=\"context.file.iconUrl\" data-wp-bind--hidden=\"!context.file.hasPreview\"><\/div>\n\t\t\t\t\t\t\t\t\t<svg class=\"field-file__icon\" data-wp-bind--hidden=\"context.file.hasPreview\" width=\"20\" height=\"20\" viewBox=\"0 0 24 24\" fill=\"none\" xmlns=\"http:\/\/www.w3.org\/2000\/svg\" aria-hidden=\"true\">\n\t\t\t\t\t\t\t\t\t\t<path d=\"M14 2H6C4.9 2 4 2.9 4 4V20C4 21.1 4.89 22 5.99 22H18C19.1 22 20 21.1 20 20V8L14 2ZM18 20H6V4H13V9H18V20Z\" fill=\"currentColor\"\/>\n\t\t\t\t\t\t\t\t\t<\/svg>\n\t\t\t\t\t\t\t\t\t<span class=\"field-file__name\" data-wp-text=\"context.file.name\"><\/span>\n\t\t\t\t\t\t\t\t\t<span class=\"field-file__size\" data-wp-text=\"context.file.size\"><\/span>\n\t\t\t\t\t\t\t\t<\/div>\n\t\t\t\t\t\t\t<\/template>\n\t\t\t\t\t\t<\/div>\n\t\t\t\t\t<\/div>\n\t\t\t\t<\/template><\/div><form action='https:\/\/bogota.wordcamp.org\/2023\/contacto\/'\n\t\t\t\tid='jp-form-884ee05a62f0a050c4615d88b955b4e7c1cb7183'\n\t\t\t\tmethod='post'\n\t\t\t\tclass='contact-form commentsblock jetpack-contact-form__form has-no-jetpack-form-layout' aria-label=\"Contacto\"\n\t\t\t\tdata-wp-on--submit=\"actions.onFormSubmit\"\n\t\t\t\tdata-wp-on--reset=\"actions.onFormReset\"\n\t\t\t\tdata-wp-class--submission-success=\"context.submissionSuccess\"\n\t\t\t\tdata-wp-class--is-first-step=\"state.isFirstStep\"\n\t\t\t\tdata-wp-class--is-last-step=\"state.isLastStep\"\n\t\t\t\tdata-wp-class--is-ajax-form=\"context.useAjax\"\n\t\t\t\tnovalidate >\n<input type='hidden' name='jetpack_contact_form_jwt' value='eyJ0eXAiOiJKV1QiLCJhbGciOiJIUzI1NiJ9.eyJlbmNyeXB0ZWRfYXR0cmlidXRlcyI6InVSTEYyK1ZXak5tY1IvTnZxY0pUanlqalNuZUZydmVOdVlDcDZGbDJISWp2T2JDVFFQV0hMWldyU2grRlhWOVNKb1J6SUlGbkNOY3ovajF5aXdOa2xFdmoyZER3YWRkVUJDRlRsNktEMSt5cE13TklrL3FBZGZPSDdYQlZxK3FONlR1RzFGSjNiTUQ2bzdXd25nTXNOR1h4L01TeWtYMDNBdnRwN1JTZUtHVXE1cTVpcjIzazRscHZrOUNsMzVTcmFUTE92ZVhnTzY3NHYrNHJrYnRQemw3cTFxYU9QUFF0YVJDVFowTmNteWdzM0o5Q3RCVENlTTJsRW9BOEQ4OGpZMEpvcmFwWDhSdE5leDlWQms3c01VSk1TcDRUMXpNTVZUNTlDc3NLTE16TFEzWUttVjdKbzNkUlFFY202a1NuZFhtZjhHRGpkTWhUZjZxSS85dUMrVFZCb0tZdU5LMXVseDJUV0o5MkVySmVOZjlCQ3ZKTmt5Q2FMYmRtNnlCWklwVFl0a0Q3d0E5U2h6NWJmYjNjMlVocUU3cXhQYitsaXZra3R3TGl2dmFBNEw4ejd6Q2N6WkRRajVZQ0FFU2J3Q050dVJxV3BlRGVzN2pzQnAvQVpPTDJwdjE5elF4S0xENEU2M1g3cGp4NXZKNVJpYlFIVlMvZGFNdXpORFdMYXdHKzh1ZTRqbGIxbCtHSFZiZkdvQ2NTVTdVWTE2amo1dlhJcG4zN3NWZGVQdGg4cTZXT0FkZTN3TVNiZ1hzdzh4c1lSYStJcldQaGNoYzR3Vjc4OTQ3YzhGUzlQbktkOTlCeHpRcUp3cGI3TXpVY3EreFVGbElnclorUTRIZUMzcTRmUXF0QVBYUk9iSnY4MTRreUxVTmhYNGNKL2VwYnU1TG1mNEIvZEEyZnhNdW10aHgrdHk4L283TDNUS0cxYlhjc3RvWWs0RUE5MzYxbnFPVHMzZVVDa20xMkVyeTdSb3RLOUZPRTJmMUVuc3A0NFQ0M2FGOWNoekJvMDAxSG5mOXo0dFZiRjFNV3NrMThtWWdBNW5WZ0ZIb2doN0EyaDZyT1dPSDRtRy85R3BUTU5kM2xGYXZKay9zWWFWb1Bha1BuRHVFQ1FxaXBvMXJHMkNRYkE4aEFSRnVVRi9iQzArazdocHhBU05yaTQ4c2JVOENVOTV6bm55VG8xWnNJNHdwNkpXQk54UTh0OEIzTDBLK1JNZEk4LzJIRk1zdXBIdz09IiwiY29udGVudCI6IlxuPGRpdiBjbGFzcz1cIndwLWJsb2NrLWpldHBhY2stY29udGFjdC1mb3JtIGZvcm11bGFyaW8tY29udGFjdG9cIj5bY29udGFjdC1maWVsZCBsYWJlbD1cIk5vbWJyZVwiIHJlcXVpcmVkPVwiMVwiIHJlcXVpcmVkVGV4dD1cIihyZXF1ZXJpZG8pXCIgaWQ9XCJldGlxdWV0YXMtZm9ybXVsYXJpb1wiIHdpZHRoPVwiNzVcIiBib3JkZXJSYWRpdXM9XCI2XCIgYm9yZGVyV2lkdGg9XCIxXCIgbGFiZWxGb250U2l6ZT1cIjIwcHhcIiBmaWVsZEZvbnRTaXplPVwiMTNweFwiIGxhYmVsTGluZUhlaWdodD1cIjEuOVwiIGlucHV0Q29sb3I9XCIjMDAwMDAwXCIgbGFiZWxDb2xvcj1cIiNmZmZmZmZcIiBmaWVsZEJhY2tncm91bmRDb2xvcj1cIiNmZmZmZmZcIiB0eXBlPVwibmFtZVwiL11cblxuW2NvbnRhY3QtZmllbGQgcmVxdWlyZWQ9XCIxXCIgcmVxdWlyZWRUZXh0PVwiKHJlcXVlcmlkbylcIiB3aWR0aD1cIjc1XCIgYm9yZGVyUmFkaXVzPVwiNlwiIGJvcmRlcldpZHRoPVwiMVwiIGxhYmVsRm9udFNpemU9XCIyMHB4XCIgZmllbGRGb250U2l6ZT1cIjEzcHhcIiBsYWJlbExpbmVIZWlnaHQ9XCIxLjlcIiBpbnB1dENvbG9yPVwiIzAwMDAwMFwiIGxhYmVsQ29sb3I9XCIjZmZmZmZmXCIgZmllbGRCYWNrZ3JvdW5kQ29sb3I9XCIjZmZmZmZmXCIgdHlwZT1cImVtYWlsXCIgbGFiZWw9XCJFbWFpbFwiL11cblxuW2NvbnRhY3QtZmllbGQgbGFiZWw9XCJNZW5zYWplXCIgcmVxdWlyZWQ9XCIxXCIgcmVxdWlyZWRUZXh0PVwiKHJlcXVlcmlkbylcIiB3aWR0aD1cIjc1XCIgYm9yZGVyUmFkaXVzPVwiNlwiIGJvcmRlcldpZHRoPVwiMVwiIGxhYmVsRm9udFNpemU9XCIyMHB4XCIgZmllbGRGb250U2l6ZT1cIjEzcHhcIiBsYWJlbExpbmVIZWlnaHQ9XCIxLjlcIiBpbnB1dENvbG9yPVwiIzAwMDAwMFwiIGxhYmVsQ29sb3I9XCIjZmZmZmZmXCIgZmllbGRCYWNrZ3JvdW5kQ29sb3I9XCIjZmZmZmZmXCIgdHlwZT1cInRleHRhcmVhXCIvXVxuXG48ZGl2IGNsYXNzPVwid3AtYmxvY2stamV0cGFjay1idXR0b24gd3AtYmxvY2stYnV0dG9uXCIgc3R5bGU9XCJcIj48YnV0dG9uIGNsYXNzPVwid3AtYmxvY2stYnV0dG9uX19saW5rXCIgc3R5bGU9XCJcIiBkYXRhLWlkLWF0dHI9XCJwbGFjZWhvbGRlclwiIHR5cGU9XCJzdWJtaXRcIiBkYXRhLXdwLWNsYXNzLS1pcy1zdWJtaXR0aW5nPVwic3RhdGUuaXNTdWJtaXR0aW5nXCIgZGF0YS13cC1iaW5kLS1hcmlhLWRpc2FibGVkPVwic3RhdGUuaXNBcmlhRGlzYWJsZWRcIj5FbnZpYXI8c3BhbiBjbGFzcz1cInNwaW5uZXJcIiBhcmlhLWhpZGRlbj1cInRydWVcIj48c3ZnIHdpZHRoPVwiMjRcIiBoZWlnaHQ9XCIyNFwiIHZpZXdCb3g9XCIwIDAgMjQgMjRcIiB4bWxucz1cImh0dHA6Ly93d3cudzMub3JnLzIwMDAvc3ZnXCI-PHBhdGggZD1cIk0xMiwxQTExLDExLDAsMSwwLDIzLDEyLDExLDExLDAsMCwwLDEyLDFabTAsMTlhOCw4LDAsMSwxLDgtOEE4LDgsMCwwLDEsMTIsMjBaXCIgb3BhY2l0eT1cIi4yNVwiLz48cGF0aCBkPVwiTTEwLjE0LDEuMTZhMTEsMTEsMCwwLDAtOSw4LjkyQTEuNTksMS41OSwwLDAsMCwyLjQ2LDEyLDEuNTIsMS41MiwwLDAsMCw0LjExLDEwLjdhOCw4LDAsMCwxLDYuNjYtNi42MUExLjQyLDEuNDIsMCwwLDAsMTIsMi42OWgwQTEuNTcsMS41NywwLDAsMCwxMC4xNCwxLjE2WlwiPjxhbmltYXRlVHJhbnNmb3JtIGF0dHJpYnV0ZU5hbWU9XCJ0cmFuc2Zvcm1cIiB0eXBlPVwicm90YXRlXCIgZHVyPVwiMC43NXNcIiB2YWx1ZXM9XCIwIDEyIDEyOzM2MCAxMiAxMlwiIHJlcGVhdENvdW50PVwiaW5kZWZpbml0ZVwiLz48L3BhdGg-PC9zdmc-PHNwYW4gY2xhc3M9XCJpcy12aXN1YWxseS1oaWRkZW5cIj5TdWJtaXR0aW5nIGZvcm08L3NwYW4-PC9zcGFuPjwvYnV0dG9uPjwvZGl2PjwvZGl2PlxuIiwiaGFzaCI6Ijg4NGVlMDVhNjJmMGEwNTBjNDYxNWQ4OGI5NTViNGU3YzFjYjcxODMiLCJzb3VyY2UiOnsiZW50cnlfdGl0bGUiOiJDb250YWN0byIsImVudHJ5X3BhZ2UiOjEsInNvdXJjZV9pZCI6MTcsInNvdXJjZV90eXBlIjoic2luZ2xlIiwicmVxdWVzdF91cmwiOiJodHRwczovL2JvZ290YS53b3JkY2FtcC5vcmcvMjAyMy93cC1qc29uL3dwL3YyL3BhZ2VzLzE3In0sInZlcnNpb24iOjIsImNpcGhlciI6ImFlcy0yNTYtZ2NtIn0.0DCr9sTqd5mWr4-VOehmi2tlaLgdv7HxuySoq5JYzo0' \/>\n\n<div class=\"wp-block-jetpack-contact-form formulario-contacto is-layout-flex wp-container-jetpack-contact-form-is-layout-7f6ac06e wp-block-jetpack-contact-form-is-layout-flex\">\n<div style=\"--jetpack--contact-form--border-radius: 6px;--jetpack--contact-form--border-size: 1px;--jetpack--contact-form--text-color: #000000;--jetpack--contact-form--button-outline--text-color: #000000;--jetpack--contact-form--input-background: #ffffff;--jetpack--contact-form--font-size: 13px;\"  data-wp-interactive=\"jetpack\/form\" data-wp-context='{\"fieldId\":\"etiquetas-formulario\",\"fieldType\":\"name\",\"fieldLabel\":\"Nombre\",\"fieldValue\":\"\",\"fieldPlaceholder\":\"\",\"fieldIsRequired\":\"1\",\"fieldErrorMessage\":\"\",\"fieldExtra\":[],\"formHash\":\"884ee05a62f0a050c4615d88b955b4e7c1cb7183\"}'  class='grunion-field-name-wrap grunion-field-width-75-wrap grunion-field-wrap'  data-wp-init='callbacks.initializeField' data-wp-on--jetpack-form-reset='callbacks.initializeField' >\n<label\n\t\t\t\tfor='etiquetas-formulario' style=\"color: #ffffff;font-size: 20px;line-height: 1;\" class=\"grunion-field-label name\" >Nombre<span class=\"grunion-label-required\" aria-hidden=\"true\">(requerido)<\/span><\/label>\n<input\n\t\t\t\t\ttype='text'\n\t\t\t\t\tname='etiquetas-formulario'\n\t\t\t\t\tid='etiquetas-formulario'\n\t\t\t\t\tvalue=''\n\n\t\t\t\t\tdata-wp-bind--aria-invalid='state.fieldAriaInvalid'\n\t\t\t\t\tdata-wp-bind--value='state.getFieldValue'\n\t\t\t\t\taria-describedby='etiquetas-formulario-text-error-message'\n\t\t\t\t\tdata-wp-on--input='actions.onFieldChange'\n\t\t\t\t\tdata-wp-on--blur='actions.onFieldBlur'\n\t\t\t\t\tdata-wp-class--has-value='state.hasFieldValue'\n\n\t\t\t\t\tclass='name  grunion-field-width-75 grunion-field' \n\t\t\t\t\trequired='true' aria-required='true' style=\"border-radius: 6px;border-width: 1px;color: #000000;background-color: #ffffff;font-size: 13px;\"  \/>\n \n\t\t\t<div id=\"etiquetas-formulario-text-error\" class=\"contact-form__input-error\" data-wp-class--has-errors=\"state.fieldHasErrors\">\n\t\t\t\t<span class=\"contact-form__warning-icon\" aria-hidden=\"true\">\n\t\t\t\t\t<svg width=\"16\" height=\"16\" viewBox=\"0 0 16 16\" fill=\"none\" xmlns=\"http:\/\/www.w3.org\/2000\/svg\">\n\t\t\t\t\t\t<path d=\"M8.50015 11.6402H7.50015V10.6402H8.50015V11.6402Z\" \/>\n\t\t\t\t\t\t<path d=\"M7.50015 9.64018H8.50015V6.30684H7.50015V9.64018Z\" \/>\n\t\t\t\t\t\t<path fill-rule=\"evenodd\" clip-rule=\"evenodd\" d=\"M6.98331 3.0947C7.42933 2.30177 8.57096 2.30177 9.01698 3.09469L13.8771 11.7349C14.3145 12.5126 13.7525 13.4735 12.8602 13.4735H3.14004C2.24774 13.4735 1.68575 12.5126 2.12321 11.7349L6.98331 3.0947ZM8.14541 3.58496C8.08169 3.47168 7.9186 3.47168 7.85488 3.58496L2.99478 12.2251C2.93229 12.3362 3.01257 12.4735 3.14004 12.4735H12.8602C12.9877 12.4735 13.068 12.3362 13.0055 12.2251L8.14541 3.58496Z\" \/>\n\t\t\t\t\t<\/svg>\n\t\t\t\t<\/span>\n\t\t\t\t<span data-wp-text=\"state.errorMessage\" id=\"etiquetas-formulario-text-error-message\"><\/span>\n\t\t\t<\/div> \n\t<\/div>\n\n\n\n<div style=\"--jetpack--contact-form--border-radius: 6px;--jetpack--contact-form--border-size: 1px;--jetpack--contact-form--text-color: #000000;--jetpack--contact-form--button-outline--text-color: #000000;--jetpack--contact-form--input-background: #ffffff;--jetpack--contact-form--font-size: 13px;\"  data-wp-interactive=\"jetpack\/form\" data-wp-context='{\"fieldId\":\"g17-email\",\"fieldType\":\"email\",\"fieldLabel\":\"Email\",\"fieldValue\":\"\",\"fieldPlaceholder\":\"\",\"fieldIsRequired\":\"1\",\"fieldErrorMessage\":\"\",\"fieldExtra\":[],\"formHash\":\"884ee05a62f0a050c4615d88b955b4e7c1cb7183\"}'  class='grunion-field-email-wrap grunion-field-width-75-wrap grunion-field-wrap'  data-wp-init='callbacks.initializeField' data-wp-on--jetpack-form-reset='callbacks.initializeField' >\n<label\n\t\t\t\tfor='g17-email' style=\"color: #ffffff;font-size: 20px;line-height: 1;\" class=\"grunion-field-label email\" >Email<span class=\"grunion-label-required\" aria-hidden=\"true\">(requerido)<\/span><\/label>\n<input\n\t\t\t\t\ttype='email'\n\t\t\t\t\tname='g17-email'\n\t\t\t\t\tid='g17-email'\n\t\t\t\t\tvalue=''\n\n\t\t\t\t\tdata-wp-bind--aria-invalid='state.fieldAriaInvalid'\n\t\t\t\t\tdata-wp-bind--value='state.getFieldValue'\n\t\t\t\t\taria-describedby='g17-email-email-error-message'\n\t\t\t\t\tdata-wp-on--input='actions.onFieldChange'\n\t\t\t\t\tdata-wp-on--blur='actions.onFieldBlur'\n\t\t\t\t\tdata-wp-class--has-value='state.hasFieldValue'\n\n\t\t\t\t\tclass='email  grunion-field-width-75 grunion-field' \n\t\t\t\t\trequired='true' aria-required='true' style=\"border-radius: 6px;border-width: 1px;color: #000000;background-color: #ffffff;font-size: 13px;\"  \/>\n \n\t\t\t<div id=\"g17-email-email-error\" class=\"contact-form__input-error\" data-wp-class--has-errors=\"state.fieldHasErrors\">\n\t\t\t\t<span class=\"contact-form__warning-icon\" aria-hidden=\"true\">\n\t\t\t\t\t<svg width=\"16\" height=\"16\" viewBox=\"0 0 16 16\" fill=\"none\" xmlns=\"http:\/\/www.w3.org\/2000\/svg\">\n\t\t\t\t\t\t<path d=\"M8.50015 11.6402H7.50015V10.6402H8.50015V11.6402Z\" \/>\n\t\t\t\t\t\t<path d=\"M7.50015 9.64018H8.50015V6.30684H7.50015V9.64018Z\" \/>\n\t\t\t\t\t\t<path fill-rule=\"evenodd\" clip-rule=\"evenodd\" d=\"M6.98331 3.0947C7.42933 2.30177 8.57096 2.30177 9.01698 3.09469L13.8771 11.7349C14.3145 12.5126 13.7525 13.4735 12.8602 13.4735H3.14004C2.24774 13.4735 1.68575 12.5126 2.12321 11.7349L6.98331 3.0947ZM8.14541 3.58496C8.08169 3.47168 7.9186 3.47168 7.85488 3.58496L2.99478 12.2251C2.93229 12.3362 3.01257 12.4735 3.14004 12.4735H12.8602C12.9877 12.4735 13.068 12.3362 13.0055 12.2251L8.14541 3.58496Z\" \/>\n\t\t\t\t\t<\/svg>\n\t\t\t\t<\/span>\n\t\t\t\t<span data-wp-text=\"state.errorMessage\" id=\"g17-email-email-error-message\"><\/span>\n\t\t\t<\/div> \n\t<\/div>\n\n\n\n<div style=\"--jetpack--contact-form--border-radius: 6px;--jetpack--contact-form--border-size: 1px;--jetpack--contact-form--text-color: #000000;--jetpack--contact-form--button-outline--text-color: #000000;--jetpack--contact-form--input-background: #ffffff;--jetpack--contact-form--font-size: 13px;\"  data-wp-interactive=\"jetpack\/form\" data-wp-context='{\"fieldId\":\"g17-mensaje\",\"fieldType\":\"textarea\",\"fieldLabel\":\"Mensaje\",\"fieldValue\":\"\",\"fieldPlaceholder\":\"\",\"fieldIsRequired\":\"1\",\"fieldErrorMessage\":\"\",\"fieldExtra\":[],\"formHash\":\"884ee05a62f0a050c4615d88b955b4e7c1cb7183\"}'  class='grunion-field-textarea-wrap grunion-field-width-75-wrap grunion-field-wrap'  data-wp-init='callbacks.initializeField' data-wp-on--jetpack-form-reset='callbacks.initializeField' >\n<label\n\t\t\t\tfor='contact-form-comment-g17-mensaje' style=\"color: #ffffff;font-size: 20px;line-height: 1;\" class=\"grunion-field-label textarea\" >Mensaje<span class=\"grunion-label-required\" aria-hidden=\"true\">(requerido)<\/span><\/label>\n<textarea\n\t\t                style='border-radius: 6px;border-width: 1px;color: #000000;background-color: #ffffff;font-size: 13px;'\n\t\t                name='g17-mensaje'\n\t\t                id='contact-form-comment-g17-mensaje'\n\t\t                rows='20'\n\t\t\t\t\t\tdata-wp-text='state.getFieldValue'\n\t\t\t\t\t\tdata-wp-on--input='actions.onFieldChange'\n\t\t\t\t\t\tdata-wp-on--blur='actions.onFieldBlur'\n\t\t\t\t\t\tdata-wp-class--has-value='state.hasFieldValue'\n\t\t\t\t\t\taria-describedby='g17-mensaje-textarea-error-message'\n\t\t\t\t\t\tdata-wp-bind--aria-invalid='state.fieldAriaInvalid'\n\t\t\t\t\t\tclass='textarea  grunion-field-width-75 grunion-field'  required aria-required='true'><\/textarea>\n \n\t\t\t<div id=\"g17-mensaje-textarea-error\" class=\"contact-form__input-error\" data-wp-class--has-errors=\"state.fieldHasErrors\">\n\t\t\t\t<span class=\"contact-form__warning-icon\" aria-hidden=\"true\">\n\t\t\t\t\t<svg width=\"16\" height=\"16\" viewBox=\"0 0 16 16\" fill=\"none\" xmlns=\"http:\/\/www.w3.org\/2000\/svg\">\n\t\t\t\t\t\t<path d=\"M8.50015 11.6402H7.50015V10.6402H8.50015V11.6402Z\" \/>\n\t\t\t\t\t\t<path d=\"M7.50015 9.64018H8.50015V6.30684H7.50015V9.64018Z\" \/>\n\t\t\t\t\t\t<path fill-rule=\"evenodd\" clip-rule=\"evenodd\" d=\"M6.98331 3.0947C7.42933 2.30177 8.57096 2.30177 9.01698 3.09469L13.8771 11.7349C14.3145 12.5126 13.7525 13.4735 12.8602 13.4735H3.14004C2.24774 13.4735 1.68575 12.5126 2.12321 11.7349L6.98331 3.0947ZM8.14541 3.58496C8.08169 3.47168 7.9186 3.47168 7.85488 3.58496L2.99478 12.2251C2.93229 12.3362 3.01257 12.4735 3.14004 12.4735H12.8602C12.9877 12.4735 13.068 12.3362 13.0055 12.2251L8.14541 3.58496Z\" \/>\n\t\t\t\t\t<\/svg>\n\t\t\t\t<\/span>\n\t\t\t\t<span data-wp-text=\"state.errorMessage\" id=\"g17-mensaje-textarea-error-message\"><\/span>\n\t\t\t<\/div>\n\t<\/div>\n\n\n<div class=\"contact-form__error\" data-wp-class--show-errors=\"state.showFormErrors\"><span class=\"contact-form__warning-icon\" aria-hidden=\"true\"><i><\/i><\/span><span class=\"contact-form__error-message\" tabindex=\"-1\" data-wp-watch=\"callbacks.focusOnValidationError\" data-wp-text=\"state.getFormErrorMessage\"><\/span><ul aria-label=\"Form errors\">\n\t\t\t\t<template data-wp-each=\"state.getErrorList\" data-wp-key=\"context.item.id\">\n\t\t\t\t\t<li><a data-wp-bind--href=\"context.item.anchor\" data-wp-on--click=\"actions.scrollIntoView\" data-wp-text=\"context.item.label\"><\/a><\/li>\n\t\t\t\t<\/template>\n\t\t\t\t<\/ul><\/div><div class=\"contact-form__error\" data-wp-class--show-errors=\"state.showSubmissionError\" data-wp-text=\"context.submissionError\" tabindex=\"-1\" data-wp-watch=\"callbacks.focusOnSubmissionError\"><\/div> <div class=\"wp-block-jetpack-button wp-block-button\" style=\"\"><button data-wp-bind--disabled=\"state.isAriaDisabled\" class=\"wp-block-button__link\" style=\"\" data-id-attr=\"placeholder\" type=\"submit\" data-wp-class--is-submitting=\"state.isSubmitting\" data-wp-bind--aria-disabled=\"state.isAriaDisabled\">Enviar<span class=\"spinner\" aria-hidden=\"true\"><svg width=\"24\" height=\"24\" viewBox=\"0 0 24 24\" xmlns=\"http:\/\/www.w3.org\/2000\/svg\"><path d=\"M12,1A11,11,0,1,0,23,12,11,11,0,0,0,12,1Zm0,19a8,8,0,1,1,8-8A8,8,0,0,1,12,20Z\" opacity=\".25\"\/><path d=\"M10.14,1.16a11,11,0,0,0-9,8.92A1.59,1.59,0,0,0,2.46,12,1.52,1.52,0,0,0,4.11,10.7a8,8,0,0,1,6.66-6.61A1.42,1.42,0,0,0,12,2.69h0A1.57,1.57,0,0,0,10.14,1.16Z\"><animateTransform attributeName=\"transform\" type=\"rotate\" dur=\"0.75s\" values=\"0 12 12;360 12 12\" repeatCount=\"indefinite\"\/><\/path><\/svg><span class=\"is-visually-hidden\">Submitting form<\/span><\/span><\/button><\/div><\/div>\n\t\t<input type='hidden' name='contact-form-id' value='17' \/>\n\t\t<input type='hidden' name='action' value='grunion-contact-form' \/>\n\t\t<input type='hidden' name='contact-form-hash' value='884ee05a62f0a050c4615d88b955b4e7c1cb7183' \/>\n<p style=\"display: none !important;\" class=\"akismet-fields-container\" data-prefix=\"ak_\"><label>&#916;<textarea name=\"ak_hp_textarea\" cols=\"45\" rows=\"8\" maxlength=\"100\"><\/textarea><\/label><input type=\"hidden\" id=\"ak_js_1\" name=\"ak_js\" value=\"153\"\/><script type=\"text\/javascript\">\n\/* <![CDATA[ *\/\ndocument.getElementById( \"ak_js_1\" ).setAttribute( \"value\", ( new Date() ).getTime() );\n\/* ]]> *\/\n<\/script>\n<\/p><\/form>\n<\/div>","protected":false},"excerpt":{"rendered":"","protected":false},"author":14911570,"featured_media":0,"parent":0,"menu_order":0,"comment_status":"closed","ping_status":"closed","template":"","meta":{"_crdt_document":"","jetpack_post_was_ever_published":false,"footnotes":""},"class_list":["post-17","page","type-page","status-publish","hentry"],"jetpack-related-posts":[{"id":1443,"url":"https:\/\/bogota.wordcamp.org\/2023\/codigo-de-conducta\/","url_meta":{"origin":17,"position":0},"title":"C\u00f3digo de Conducta","author":"roblesloaiza","date":"23 marzo, 2023","format":false,"excerpt":"Prop\u00f3sito WordCamp Bogot\u00e1 Online\u00a0cree en una\u00a0comunidad abierta\u00a0a todo el mundo. Como tal, estamos comprometidos a proporcionar un\u00a0ambiente amigable, seguro y acogedor\u00a0para todos independientemente de su sexo, orientaci\u00f3n sexual, discapacidad, etnia, religi\u00f3n, sistema operativo preferido, lenguaje de programaci\u00f3n o editor de texto. Este c\u00f3digo de conducta resume nuestras expectativas para el\u00a0comportamiento\u2026","rel":"","context":"Similar post","block_context":{"text":"Similar post","link":""},"img":{"alt_text":"","src":"https:\/\/i0.wp.com\/bogota.wordcamp.org\/2023\/files\/2023\/01\/cropped-logoWCBOG.jpg?fit=512%2C512&resize=350%2C200#038;ssl=1","width":350,"height":200},"classes":[]},{"id":21,"url":"https:\/\/bogota.wordcamp.org\/2023\/code-of-conduct\/","url_meta":{"origin":17,"position":1},"title":"Code of Conduct","author":"vivilo","date":"9 marzo, 2022","format":false,"excerpt":"Organizers note: Below is a boilerplate code of conduct that you can customize; another great example is the Ada Initiative anti-harassment policy. We also recommend the organizing team read this article on how to take a harassment report Please update the portions with red text. To remove the red underline\u2026","rel":"","context":"Similar post","block_context":{"text":"Similar post","link":""},"img":{"alt_text":"","src":"https:\/\/i0.wp.com\/bogota.wordcamp.org\/2023\/files\/2023\/01\/cropped-logoWCBOG.jpg?fit=512%2C512&resize=350%2C200#038;ssl=1","width":350,"height":200},"classes":[]}],"jetpack_sharing_enabled":true,"_links":{"self":[{"href":"https:\/\/bogota.wordcamp.org\/2023\/wp-json\/wp\/v2\/pages\/17","targetHints":{"allow":["GET"]}}],"collection":[{"href":"https:\/\/bogota.wordcamp.org\/2023\/wp-json\/wp\/v2\/pages"}],"about":[{"href":"https:\/\/bogota.wordcamp.org\/2023\/wp-json\/wp\/v2\/types\/page"}],"author":[{"embeddable":true,"href":"https:\/\/bogota.wordcamp.org\/2023\/wp-json\/wp\/v2\/users\/14911570"}],"replies":[{"embeddable":true,"href":"https:\/\/bogota.wordcamp.org\/2023\/wp-json\/wp\/v2\/comments?post=17"}],"version-history":[{"count":14,"href":"https:\/\/bogota.wordcamp.org\/2023\/wp-json\/wp\/v2\/pages\/17\/revisions"}],"predecessor-version":[{"id":1465,"href":"https:\/\/bogota.wordcamp.org\/2023\/wp-json\/wp\/v2\/pages\/17\/revisions\/1465"}],"wp:attachment":[{"href":"https:\/\/bogota.wordcamp.org\/2023\/wp-json\/wp\/v2\/media?parent=17"}],"curies":[{"name":"wp","href":"https:\/\/api.w.org\/{rel}","templated":true}]}}