{"id":1443,"date":"2023-03-23T11:35:31","date_gmt":"2023-03-23T16:35:31","guid":{"rendered":"https:\/\/bogota.wordcamp.org\/2023\/?page_id=1443"},"modified":"2023-03-23T11:35:31","modified_gmt":"2023-03-23T16:35:31","slug":"codigo-de-conducta","status":"publish","type":"page","link":"https:\/\/bogota.wordcamp.org\/2023\/codigo-de-conducta\/","title":{"rendered":"C\u00f3digo de Conducta"},"content":{"rendered":"\n<h2 class=\"wp-block-heading\">Prop\u00f3sito<\/h2>\n\n\n\n<p class=\"wp-block-paragraph\"><em>WordCamp Bogot\u00e1 Online<\/em>\u00a0cree en una\u00a0<strong>comunidad abierta<\/strong>\u00a0a todo el mundo. Como tal, estamos comprometidos a proporcionar un<strong>\u00a0ambiente amigable, seguro y acogedor<\/strong>\u00a0para todos independientemente de su sexo, orientaci\u00f3n sexual, discapacidad, etnia, religi\u00f3n, sistema operativo preferido, lenguaje de programaci\u00f3n o editor de texto.<\/p>\n\n\n\n<p class=\"wp-block-paragraph\">Este c\u00f3digo de conducta resume nuestras expectativas para el&nbsp;<strong>comportamiento de los participantes<\/strong>, as\u00ed como las consecuencias para el comportamiento inaceptable.<\/p>\n\n\n\n<p class=\"wp-block-paragraph\">Instamos a todos los patrocinadores, voluntarios, ponentes, asistentes y otros participantes a que ayuden a tener una experiencia de evento segura y agradable para todos.<\/p>\n\n\n\n<h2 class=\"wp-block-heading\">Comportamiento esperado<\/h2>\n\n\n\n<ul class=\"wp-block-list\">\n<li>Ser considerado, respetuoso y colaborativo.<\/li>\n\n\n\n<li>Abstenerse de comportamiento degradante, discriminatorio o de acoso.<\/li>\n\n\n\n<li>Ser consciente del entorno y de tus compa\u00f1eros participantes. Alerta a los organizadores si observas una situaci\u00f3n peligrosa o alguien en apuros.<\/li>\n\n\n\n<li>Participa de una manera aut\u00e9ntica y activa. Al hacerlo, est\u00e1s ayudando a que\u00a0<em>WordCamp Bogot\u00e1 Online<\/em><strong>\u00a0<\/strong>sea una realidad.<\/li>\n<\/ul>\n\n\n\n<h2 class=\"wp-block-heading\">Comportamiento inaceptable<\/h2>\n\n\n\n<p class=\"wp-block-paragraph\">Como comportamientos inaceptables se incluyen:<\/p>\n\n\n\n<ul class=\"wp-block-list\">\n<li>Intimidaci\u00f3n<\/li>\n\n\n\n<li>Acoso<\/li>\n\n\n\n<li>Abuso<\/li>\n\n\n\n<li>Conducta discriminatoria<\/li>\n\n\n\n<li>Tratamiento despectivo o degradante<\/li>\n<\/ul>\n\n\n\n<p class=\"wp-block-paragraph\">Por parte de cualquier asistente, incluso virtual, de\u00a0<em>WordCamp Bogot\u00e1 Online<\/em>\u00a0y eventos relacionados.<\/p>\n\n\n\n<h3 class=\"wp-block-heading\">El acoso incluye:<\/h3>\n\n\n\n<ul class=\"wp-block-list\">\n<li>Comentarios verbales ofensivos relacionados con el g\u00e9nero, la orientaci\u00f3n sexual, la raza, la religi\u00f3n, la discapacidad.<\/li>\n\n\n\n<li>Uso inadecuado de desnudez y\/o im\u00e1genes sexuales en cualquier entorno p\u00fablico (incluyendo diapositivas de una presentaci\u00f3n).<\/li>\n\n\n\n<li>Intimidaci\u00f3n deliberada.<\/li>\n\n\n\n<li>Acecho o acoso con fotograf\u00eda o grabaci\u00f3n.<\/li>\n\n\n\n<li>Interrupci\u00f3n sostenida de charlas y otros eventos.<\/li>\n\n\n\n<li>Contactos inapropiados.<\/li>\n\n\n\n<li>Atenci\u00f3n sexual no deseada.<\/li>\n<\/ul>\n\n\n\n<p class=\"wp-block-paragraph\">Al ser un evento online,\u00a0<em>WordCamp Bogot\u00e1 Online<\/em>\u00a0es un entorno p\u00fablico y puede ser compartido con otros visitantes. Por favor:<\/p>\n\n\n\n<blockquote class=\"wp-block-quote is-layout-flow wp-block-quote-is-layout-flow\">\n<p class=\"wp-block-paragraph\">S\u00e9 respetuoso con todos los visitantes de este entorno virtual<\/p>\n<\/blockquote>\n\n\n\n<h2 class=\"wp-block-heading\">Consecuencias de un comportamiento inaceptable<\/h2>\n\n\n\n<p class=\"wp-block-paragraph\">El comportamiento inaceptable no ser\u00e1 tolerado. Ya sea por parte de los asistentes, organizadores, patrocinadores u otros participantes en<strong>\u00a0<\/strong><em>WordCamp Bogot\u00e1 Online<\/em><strong>.<\/strong><\/p>\n\n\n\n<p class=\"wp-block-paragraph\">Se espera que cualquiera cumpla inmediatamente en caso de que se le llame la atenci\u00f3n por un comportamiento inaceptable.<\/p>\n\n\n\n<p class=\"wp-block-paragraph\">Si un participante se involucra en una conducta inaceptable, los organizadores del evento pueden tomar cualquier acci\u00f3n que consideren apropiada, incluso la expulsi\u00f3n del evento sin previo aviso o reembolso si fuera necesario.<\/p>\n\n\n\n<h2 class=\"wp-block-heading\">Qu\u00e9 hacer si eres testigo u objeto de un comportamiento inaceptable<\/h2>\n\n\n\n<p class=\"wp-block-paragraph\">Si est\u00e1s involucrado en un comportamiento inaceptable, eres testigo de otra persona con dicho comportamiento o tienes otras preocupaciones, por favor notif\u00edcalo a un organizador del evento tan pronto como sea posible.<\/p>\n\n\n\n<p class=\"wp-block-paragraph\">El equipo de\u00a0<em>WordCamp Bogot\u00e1 Online<\/em><strong>\u00a0<\/strong>estar\u00e1 disponible para ofrecer cualquier tipo de ayuda a aquellos que experimentan un comportamiento inaceptable.<\/p>\n\n\n\n<h3 class=\"wp-block-heading\">Informaci\u00f3n de contacto<\/h3>\n\n\n\n<p class=\"wp-block-paragraph\">Cualquier voluntario o asistente puede ponerse en contacto con la organizaci\u00f3n desde\u00a0<a href=\"https:\/\/bogota.wordcamp.org\/2023\/contacto\/\">nuestra p\u00e1gina de contacto<\/a>.<\/p>\n\n\n\n<h2 class=\"wp-block-heading\">Ciudadan\u00eda Open Source<\/h2>\n\n\n\n<p class=\"wp-block-paragraph\">Un objetivo adicional de este c\u00f3digo de conducta es&nbsp;<strong>ampliar la ciudadan\u00eda de c\u00f3digo abierto<\/strong>&nbsp;alentando a los participantes a reconocer y fortalecer las relaciones entre lo que hacemos y&nbsp;<strong>la comunidad<\/strong>&nbsp;en general.<\/p>\n\n\n\n<p class=\"wp-block-paragraph\">Con este objetivo, los organizadores de\u00a0<em>WordCamp Bogot\u00e1 Online<\/em><strong>\u00a0<\/strong>recoger\u00e1n candidaturas de personas ejemplares a lo largo de todo el evento y reconocer\u00e1n a selectos participantes despu\u00e9s de la conferencia en la web.<\/p>\n\n\n\n<p class=\"wp-block-paragraph\">Si ves a alguien que est\u00e1 haciendo un esfuerzo extra para asegurar que nuestra comunidad resulte acogedora, amable, y que anime a todos los participantes a contribuir en la mayor medida posible, lo queremos saber.<\/p>\n\n\n\n<p class=\"wp-block-paragraph\">Puedes nominar a alguien en la mesa de registro o dici\u00e9ndolo a alg\u00fan miembro de la organizaci\u00f3n.<\/p>\n\n\n\n<h2 class=\"wp-block-heading\">\u00c1mbito de aplicaci\u00f3n<\/h2>\n\n\n\n<p class=\"wp-block-paragraph\">Esperamos que todos los participantes del evento (patrocinadores, voluntarios, ponentes, asistentes y otros invitados) cumplan con el c\u00f3digo de conducta en todas las salas virtuales y eventos relacionados con\u00a0<em>WordCamp Bogot\u00e1 Online<\/em>.<\/p>\n","protected":false},"excerpt":{"rendered":"<p>Prop\u00f3sito WordCamp Bogot\u00e1 Online\u00a0cree en una\u00a0comunidad abierta\u00a0a todo el mundo. Como tal, estamos comprometidos a proporcionar un\u00a0ambiente amigable, seguro y acogedor\u00a0para todos independientemente de su sexo, orientaci\u00f3n sexual, discapacidad, etnia, religi\u00f3n, sistema operativo preferido, lenguaje de programaci\u00f3n o editor de texto. Este c\u00f3digo de conducta resume nuestras expectativas para el&nbsp;comportamiento de los participantes, as\u00ed como &hellip; <a href=\"https:\/\/bogota.wordcamp.org\/2023\/codigo-de-conducta\/\" class=\"more-link\">Sigue leyendo<span class=\"screen-reader-text\"> \u00abC\u00f3digo de Conducta\u00bb<\/span><\/a><\/p>\n","protected":false},"author":15653534,"featured_media":0,"parent":0,"menu_order":0,"comment_status":"closed","ping_status":"closed","template":"","meta":{"_crdt_document":"","jetpack_post_was_ever_published":false,"footnotes":""},"class_list":["post-1443","page","type-page","status-publish","hentry"],"jetpack-related-posts":[{"id":21,"url":"https:\/\/bogota.wordcamp.org\/2023\/code-of-conduct\/","url_meta":{"origin":1443,"position":0},"title":"Code of Conduct","author":"vivilo","date":"9 marzo, 2022","format":false,"excerpt":"Organizers note: Below is a boilerplate code of conduct that you can customize; another great example is the Ada Initiative anti-harassment policy. We also recommend the organizing team read this article on how to take a harassment report Please update the portions with red text. To remove the red underline\u2026","rel":"","context":"Similar post","block_context":{"text":"Similar post","link":""},"img":{"alt_text":"","src":"https:\/\/i0.wp.com\/bogota.wordcamp.org\/2023\/files\/2023\/01\/cropped-logoWCBOG.jpg?fit=512%2C512&resize=350%2C200#038;ssl=1","width":350,"height":200},"classes":[]}],"jetpack_sharing_enabled":true,"_links":{"self":[{"href":"https:\/\/bogota.wordcamp.org\/2023\/wp-json\/wp\/v2\/pages\/1443","targetHints":{"allow":["GET"]}}],"collection":[{"href":"https:\/\/bogota.wordcamp.org\/2023\/wp-json\/wp\/v2\/pages"}],"about":[{"href":"https:\/\/bogota.wordcamp.org\/2023\/wp-json\/wp\/v2\/types\/page"}],"author":[{"embeddable":true,"href":"https:\/\/bogota.wordcamp.org\/2023\/wp-json\/wp\/v2\/users\/15653534"}],"replies":[{"embeddable":true,"href":"https:\/\/bogota.wordcamp.org\/2023\/wp-json\/wp\/v2\/comments?post=1443"}],"version-history":[{"count":1,"href":"https:\/\/bogota.wordcamp.org\/2023\/wp-json\/wp\/v2\/pages\/1443\/revisions"}],"predecessor-version":[{"id":1467,"href":"https:\/\/bogota.wordcamp.org\/2023\/wp-json\/wp\/v2\/pages\/1443\/revisions\/1467"}],"wp:attachment":[{"href":"https:\/\/bogota.wordcamp.org\/2023\/wp-json\/wp\/v2\/media?parent=1443"}],"curies":[{"name":"wp","href":"https:\/\/api.w.org\/{rel}","templated":true}]}}