{"id":243,"date":"2018-08-20T23:43:44","date_gmt":"2018-08-20T23:43:44","guid":{"rendered":"https:\/\/2018.bogota.wordcamp.org\/?page_id=243"},"modified":"2018-10-18T12:50:32","modified_gmt":"2018-10-18T12:50:32","slug":"informacion","status":"publish","type":"page","link":"https:\/\/bogota.wordcamp.org\/2018\/informacion\/","title":{"rendered":"Informaci\u00f3n"},"content":{"rendered":"<p style=\"text-align: right\"><a href=\"#english\"><em>Read in English<\/em><\/a><\/p>\n<h3>\u00bfQU\u00c9 ES UNA WORDCAMP?<\/h3>\n<p>Las WordCamps son conferencias informales organizadas por miembros locales de la comunidad en las que se tratan temas relacionados con\u00a0<a href=\"http:\/\/wordpress.org\/\">WordPress<\/a>, el software libre y de c\u00f3digo abierto utilizado por m\u00e1s de 75 millones de sitios web para la publicaci\u00f3n de contenido.<\/p>\n<p>Este es un evento sin \u00e1nimo de lucro, el valor de la entrada cubre la atenci\u00f3n especial que les damos a nuestros asistentes: almuerzos, bebidas y materiales de obsequio.<\/p>\n<p>Cualquier persona, desde usuarios puntuales a desarrolladores del Core, puede participar, compartir ideas y conocerse mutuamente. En una WordCamp aprender\u00e1s c\u00f3mo usar WordPress y c\u00f3mo crear contenidos y webs incre\u00edbles. \u00a1Pero eso no es todo! Tambi\u00e9n podr\u00e1s hacer networking con otros dise\u00f1adores, desarrolladores, propietarios de negocios, aut\u00f3nomos, blogueros, etc. Es un evento en el que podr\u00e1s aprender, conocer gente y, en definitiva, \u00a1pasarlo bien!<\/p>\n<p>Cada WordCamp es \u00fanica, pues depende de la comunidad local que la organiza, pero en general todas ellas incluyen sesiones sobre c\u00f3mo usar WordPress de forma m\u00e1s efectiva, c\u00f3mo iniciarse en el desarrollo de\u00a0<a href=\"http:\/\/wordpress.org\/plugins\/\">plugins<\/a>\u00a0y\u00a0\u00a0<a href=\"http:\/\/wordpress.org\/themes\/\">temas<\/a>, t\u00e9cnicas avanzadas, seguridad, etc. Para que te hagas una idea del tipo de sesiones que te encontrar\u00e1s en una WordCamp, echa un vistazo a\u00a0<a href=\"http:\/\/wordpress.tv\/category\/wordcamptv\/\">WordCamp channel<\/a>\u00a0en\u00a0<a href=\"http:\/\/wordpress.tv\/\">WordPress.tv<\/a>.<\/p>\n<p>La\u00a0<a href=\"http:\/\/central.wordcamp.org\/wordcamps\/san-francisco-2006\/\">primera WordCamp<\/a>\u00a0la organiz\u00f3 Matt Mullenweg en San Francisco el 2006. Desde entonces, las comunidades locales de alrededor del mundo han organizado\u00a0<a href=\"http:\/\/central.wordcamp.org\/schedule\/\">m\u00e1s de 882 WordCamps<\/a>\u00a0y confiamos en que el n\u00famero supere el millar durante los pr\u00f3ximos dos a\u00f1os.<\/p>\n<p><a href=\"http:\/\/central.wordcamp.org\/about\/\">M\u00e1s informaci\u00f3n sobre las WordCamps<\/a>.<\/p>\n<h2 class=\"entry-title\">\u00bfQU\u00c9 ES WORDPRESS?<\/h2>\n<p>WordPress empez\u00f3 en 2003 como un peque\u00f1o proyecto pensado para mejorar la tipograf\u00eda de la escritura diaria, con tan pocos usuarios que los podr\u00edas contar con los dedos de las manos y los pies. Desde entonces ha ido creciendo hasta convertirse en la mayor herramienta de blogs del mundo, dando forma a millones de sitios y siendo visto por decenas de millones de usuarios cada d\u00eda.<\/p>\n<p>WordPress naci\u00f3 del deseo de crear un sistema de publicaci\u00f3n personal que fuera elegante y tuviera una buena arquitectura. Est\u00e1 basado en\u00a0<abbr title=\"PHP: Hypertext Preprocessor\"><a href=\"http:\/\/php.net\/\">PHP<\/a><\/abbr>\u00a0y\u00a0<a href=\"http:\/\/mysql.com\/\">MySQL<\/a>\u00a0y se distribuye bajo una licencia\u00a0<abbr title=\"GNU Public License\"><a href=\"http:\/\/www.gnu.org\/copyleft\/gpl.html\">GPLv2<\/a><\/abbr>\u00a0(o posterior). Es el sucesor oficial de b2\/cafelog. WordPress es un software moderno, pero sus ra\u00edces y desarrollo se remontan hasta el 2001. Es un producto estable y maduro. Confiamos en que centr\u00e1ndonos en la experiencia de usuario y los\u00a0<a href=\"http:\/\/webstandards.org\/\">est\u00e1ndares web<\/a>\u00a0podremos crear una herramienta que sea diferente a todo lo dem\u00e1s.<\/p>\n<p><a href=\"http:\/\/wordpress.org\/about\/\">M\u00e1s sobre WordPress<\/a>.<\/p>\n<hr \/>\n<h1 id=\"english\"><em>English Version:<\/em><br \/>\nWHAT IS A WORDCAMP?<\/h1>\n<p>WordCamps are informal conferences organized by local community members that deal with topics related to <a href=\"http:\/\/wordpress.org\/\">WordPress<\/a>, the free and open source software used by more than 75 million websites for the publication of content.<\/p>\n<p>Anyone, from specific users to Core developers, can participate, share ideas and get to know each other. In a WordCamp you will learn how to use WordPress and how to create incredible content and websites. But that is not all! You can also do networking with other designers, developers, business owners, freelancers, bloggers, etc. It is an event where you can learn, meet people and, in short, have fun!<\/p>\n<p>Each WordCamp is unique, since it depends on the local community that organizes it, but in general they all include sessions on how to use WordPress more effectively, how to get started in the development of <a href=\"http:\/\/wordpress.org\/plugins\/\">plugins<\/a>\u00a0and <a href=\"http:\/\/wordpress.org\/themes\/\">themes<\/a>, advanced techniques, security, etc. To give you an idea of the type of sessions you will find in a WordCamp, check out the <a href=\"http:\/\/wordpress.tv\/category\/wordcamptv\/\">WordCamp channel<\/a>\u00a0 on\u00a0 <a href=\"http:\/\/wordpress.tv\/\">WordPress.tv<\/a>.<\/p>\n<p><a href=\"http:\/\/central.wordcamp.org\/wordcamps\/san-francisco-2006\/\">The first WordCamp<\/a> was organized by Matt Mullenweg in San Francisco in 2006. Since then, local communities around the world have organized<a href=\"http:\/\/central.wordcamp.org\/schedule\/\"> more than 882 WordCamps<\/a> and we are confident that the number will exceed one thousand during the next two years.<\/p>\n<p><a href=\"http:\/\/central.wordcamp.org\/about\/\">More information about WordCamps.<\/a><\/p>\n<p>WHAT IS WORDPRESS?<br \/>\nWordPress began in 2003 as a small project designed to improve the typography of daily writing, with so few users that you could count on the fingers and toes. Since then it has grown to become the largest blogging tool in the world, shaping millions of sites and being seen by tens of millions of users every day.<\/p>\n<p>WordPress was born from the desire to create a personal publishing system that was elegant and had good architecture. It is based on <a href=\"http:\/\/php.net\/\">PHP<\/a> and <a href=\"http:\/\/mysql.com\/\">MySQL<\/a> and is distributed under a <a href=\"http:\/\/www.gnu.org\/copyleft\/gpl.html\">GPLv2<\/a> (or later) license. It is the official successor of b2 \/ cafelog. WordPress is a modern software, but its roots and development go back to 2001. It is a stable and mature product. We trust that by focusing on user experience and<a href=\"http:\/\/webstandards.org\/\"> web standards<\/a> we can create a tool that is different from everything else.<\/p>\n<p><a href=\"http:\/\/wordpress.org\/about\/\">More on WordPress.<\/a><\/p>\n","protected":false},"excerpt":{"rendered":"<p>Read in English \u00bfQU\u00c9 ES UNA WORDCAMP? Las WordCamps son conferencias informales organizadas por miembros locales de la comunidad en las que se tratan temas relacionados con\u00a0WordPress, el software libre y de c\u00f3digo abierto utilizado por m\u00e1s de 75 millones de sitios web para la publicaci\u00f3n de contenido. Este es un evento sin \u00e1nimo de &hellip; <\/p>\n<p class=\"link-more\"><a href=\"https:\/\/bogota.wordcamp.org\/2018\/informacion\/\" class=\"more-link\">Continuar leyendo<span class=\"screen-reader-text\"> \u00abInformaci\u00f3n\u00bb<\/span><\/a><\/p>\n","protected":false},"author":14911570,"featured_media":0,"parent":0,"menu_order":0,"comment_status":"closed","ping_status":"closed","template":"","meta":{"jetpack_post_was_ever_published":false,"footnotes":""},"class_list":["post-243","page","type-page","status-publish","hentry"],"jetpack_sharing_enabled":true,"jetpack_shortlink":"https:\/\/wp.me\/P9P3W9-3V","_links":{"self":[{"href":"https:\/\/bogota.wordcamp.org\/2018\/wp-json\/wp\/v2\/pages\/243","targetHints":{"allow":["GET"]}}],"collection":[{"href":"https:\/\/bogota.wordcamp.org\/2018\/wp-json\/wp\/v2\/pages"}],"about":[{"href":"https:\/\/bogota.wordcamp.org\/2018\/wp-json\/wp\/v2\/types\/page"}],"author":[{"embeddable":true,"href":"https:\/\/bogota.wordcamp.org\/2018\/wp-json\/wp\/v2\/users\/14911570"}],"replies":[{"embeddable":true,"href":"https:\/\/bogota.wordcamp.org\/2018\/wp-json\/wp\/v2\/comments?post=243"}],"version-history":[{"count":7,"href":"https:\/\/bogota.wordcamp.org\/2018\/wp-json\/wp\/v2\/pages\/243\/revisions"}],"predecessor-version":[{"id":1450,"href":"https:\/\/bogota.wordcamp.org\/2018\/wp-json\/wp\/v2\/pages\/243\/revisions\/1450"}],"wp:attachment":[{"href":"https:\/\/bogota.wordcamp.org\/2018\/wp-json\/wp\/v2\/media?parent=243"}],"curies":[{"name":"wp","href":"https:\/\/api.w.org\/{rel}","templated":true}]}}