{"id":209,"date":"2018-08-17T08:35:35","date_gmt":"2018-08-17T08:35:35","guid":{"rendered":"https:\/\/2018.bogota.wordcamp.org\/?page_id=209"},"modified":"2018-10-20T04:13:30","modified_gmt":"2018-10-20T04:13:30","slug":"experiencia-wordcamp","status":"publish","type":"page","link":"https:\/\/bogota.wordcamp.org\/2018\/","title":{"rendered":"Experiencia WordCamp"},"content":{"rendered":"<p><img decoding=\"async\" class=\"size-full wp-image-52 aligncenter\" src=\"\/files\/2018\/09\/wp-bogota.png\" alt=\"\" width=\"531\" \/><\/p>\n<div class=\"home__header\">\n<div class=\"home__intro\">Dos d\u00edas donde la comunidad de WordPress se re\u00fane. Personas talentosas en un solo lugar.<\/div>\n<div class=\"home__meta\">\n<div class=\"home__date\">Noviembre 09 &#8211; 10<\/div>\n<div class=\"home__location\">Teatro Publio Martinez Ardila<\/div>\n<\/div>\n<\/div>\n<h2 class=\"home__title\" style=\"text-align: center\">Experiencia <span class=\"highlight\"><strong>Word<\/strong>Camp<\/span><\/h2>\n<div class=\"grid features\">\n<div class=\"grid__item one-whole desk--one-quarter\">\n<div class=\"features__icon\"><img decoding=\"async\" src=\"\/files\/2018\/09\/conferencias.png\" \/><\/div>\n<h2 class=\"features__title\">Conferencias y entrenamiento<\/h2>\n<p class=\"features__description\">Aprende de los mejores! Conoce estrategias, trucos y m\u00e1s de los expertos en WordPress<\/p>\n<\/div>\n<div class=\"grid__item one-whole desk--one-quarter\">\n<div class=\"features__icon\"><img decoding=\"async\" src=\"\/files\/2018\/09\/inspiracion.png\" \/><\/div>\n<h2 class=\"features__title\">Inspiraci\u00f3n<\/h2>\n<p class=\"features__description\">Tu pr\u00f3ximo proyecto de WordPress puede iniciar hoy mismo!<\/p>\n<\/div>\n<div class=\"grid__item one-whole desk--one-quarter\">\n<div class=\"features__icon\"><img decoding=\"async\" src=\"\/files\/2018\/09\/networking.png\" \/><\/div>\n<h2 class=\"features__title\">Networking<\/h2>\n<p class=\"features__description\">Conecta con gente brillante y crea una poderosa red de aliados y colegas<\/p>\n<\/div>\n<div class=\"grid__item one-whole desk--one-quarter\">\n<div class=\"features__icon\"><img decoding=\"async\" src=\"\/files\/2018\/09\/party.png\" \/><\/div>\n<h2 class=\"features__title\">After Party<\/h2>\n<p class=\"features__description\">Una buena cerveza despues de tanto aprendizaje nunca cae mal, \u00bfno?<\/p>\n<\/div>\n<\/div>\n","protected":false},"excerpt":{"rendered":"<p>Dos d\u00edas donde la comunidad de WordPress se re\u00fane. Personas talentosas en un solo lugar. Noviembre 09 &#8211; 10 Teatro Publio Martinez Ardila Experiencia WordCamp Conferencias y entrenamiento Aprende de los mejores! Conoce estrategias, trucos y m\u00e1s de los expertos en WordPress Inspiraci\u00f3n Tu pr\u00f3ximo proyecto de WordPress puede iniciar hoy mismo! Networking Conecta con &hellip; <\/p>\n<p class=\"link-more\"><a href=\"https:\/\/bogota.wordcamp.org\/2018\/\" class=\"more-link\">Continuar leyendo<span class=\"screen-reader-text\"> \u00abExperiencia WordCamp\u00bb<\/span><\/a><\/p>\n","protected":false},"author":14911570,"featured_media":0,"parent":0,"menu_order":0,"comment_status":"closed","ping_status":"closed","template":"","meta":{"jetpack_post_was_ever_published":false,"footnotes":""},"class_list":["post-209","page","type-page","status-publish","hentry"],"jetpack_sharing_enabled":true,"jetpack_shortlink":"https:\/\/wp.me\/P9P3W9-3n","_links":{"self":[{"href":"https:\/\/bogota.wordcamp.org\/2018\/wp-json\/wp\/v2\/pages\/209","targetHints":{"allow":["GET"]}}],"collection":[{"href":"https:\/\/bogota.wordcamp.org\/2018\/wp-json\/wp\/v2\/pages"}],"about":[{"href":"https:\/\/bogota.wordcamp.org\/2018\/wp-json\/wp\/v2\/types\/page"}],"author":[{"embeddable":true,"href":"https:\/\/bogota.wordcamp.org\/2018\/wp-json\/wp\/v2\/users\/14911570"}],"replies":[{"embeddable":true,"href":"https:\/\/bogota.wordcamp.org\/2018\/wp-json\/wp\/v2\/comments?post=209"}],"version-history":[{"count":12,"href":"https:\/\/bogota.wordcamp.org\/2018\/wp-json\/wp\/v2\/pages\/209\/revisions"}],"predecessor-version":[{"id":1499,"href":"https:\/\/bogota.wordcamp.org\/2018\/wp-json\/wp\/v2\/pages\/209\/revisions\/1499"}],"wp:attachment":[{"href":"https:\/\/bogota.wordcamp.org\/2018\/wp-json\/wp\/v2\/media?parent=209"}],"curies":[{"name":"wp","href":"https:\/\/api.w.org\/{rel}","templated":true}]}}