{"id":12,"date":"2018-04-06T09:19:31","date_gmt":"2018-04-06T09:19:31","guid":{"rendered":"https:\/\/2018.bogota.wordcamp.org\/organizers\/"},"modified":"2018-10-09T09:30:03","modified_gmt":"2018-10-09T09:30:03","slug":"el-equipo-organizador","status":"publish","type":"page","link":"https:\/\/bogota.wordcamp.org\/2018\/el-equipo-organizador\/","title":{"rendered":"El equipo organizador"},"content":{"rendered":"<h1><strong>El equipo organizador<\/strong><\/h1>\n<p>Una\u00a0<strong>WordCamp<\/strong>\u00a0requiere de una gran tarea de organizaci\u00f3n y para ello es estupendo contar con un equipo de personas implicadas con la comunidad local y\u00a0<strong>que aporten su trabajo de manera totalmente desinteresada<\/strong>.<\/p>\n<p>En Bogot\u00e1 tenemos esa suerte y hemos podido contar con un estupendo equipo de WordPresseros que est\u00e1n haciendo todo lo posible para que la WordCamp Bogota 2018, sea un gran evento donde compartir y aprender.<\/p>\n<p>\u00bfQuieres conocerlos? Aqu\u00ed tienes algo de info sobre ellos:<\/p>\n\t<div class=\"wcorg-organizers\">\n\n\t\t\n\t\t\t<div class=\"wcorg-organizer\">\n\t\t\t\t<h2>Cesar Serpa<\/h2>\n\t\t\t\t<div class=\"wcorg-organizer-description\">\n\t\t\t\t\t\t\t\t\t\t<img alt='' src='https:\/\/secure.gravatar.com\/avatar\/?s=100&#038;d=mm&#038;r=g' srcset='https:\/\/secure.gravatar.com\/avatar\/?s=200&#038;d=mm&#038;r=g 2x' class='avatar avatar-100 photo avatar-default' height='100' width='100' \/>\t\t\t\t\t<p>Cesar nos apoya en el \u00e1rea de dise\u00f1o, dise\u00f1\u00f3 el wapuu de barranquilla y el dise\u00f1o de la p\u00e1gina web.<\/p>\n\t\t\t\t<\/div>\n\t\t\t<\/div>\n\n\t\t\n\t\t\t<div class=\"wcorg-organizer\">\n\t\t\t\t<h2>Yan Arlex Vallejo<\/h2>\n\t\t\t\t<div class=\"wcorg-organizer-description\">\n\t\t\t\t\t\t\t\t\t\t<img alt='' src='https:\/\/secure.gravatar.com\/avatar\/?s=100&#038;d=mm&#038;r=g' srcset='https:\/\/secure.gravatar.com\/avatar\/?s=200&#038;d=mm&#038;r=g 2x' class='avatar avatar-100 photo avatar-default' height='100' width='100' \/>\t\t\t\t\t<p>Yan nos apoya con los ajustes necesarios en la p\u00e1gina, como el carrito de compras y uno que otro detallitos en estilo.<\/p>\n\t\t\t\t<\/div>\n\t\t\t<\/div>\n\n\t\t\n\t\t\t<div class=\"wcorg-organizer\">\n\t\t\t\t<h2>Fabian Altahona<\/h2>\n\t\t\t\t<div class=\"wcorg-organizer-description\">\n\t\t\t\t\t\t\t\t\t\t<img alt='' src='https:\/\/secure.gravatar.com\/avatar\/?s=100&#038;d=mm&#038;r=g' srcset='https:\/\/secure.gravatar.com\/avatar\/?s=200&#038;d=mm&#038;r=g 2x' class='avatar avatar-100 photo avatar-default' height='100' width='100' \/>\t\t\t\t\t<p>Fabian hizo posible que el dise\u00f1o de la p\u00e1gina web brindado por Cesar sea toda una realidad, tambien cualquier detallito necesario en CSS se ajuste a tiempo.<\/p>\n\t\t\t\t<\/div>\n\t\t\t<\/div>\n\n\t\t\n\t\t\t<div class=\"wcorg-organizer\">\n\t\t\t\t<h2>Cesar Sanchez<\/h2>\n\t\t\t\t<div class=\"wcorg-organizer-description\">\n\t\t\t\t\t\t\t\t\t\t<img alt='' src='https:\/\/secure.gravatar.com\/avatar\/?s=100&#038;d=mm&#038;r=g' srcset='https:\/\/secure.gravatar.com\/avatar\/?s=200&#038;d=mm&#038;r=g 2x' class='avatar avatar-100 photo avatar-default' height='100' width='100' \/>\t\t\t\t\t<p>Cesar es nuevo en el grupo y nos ayuda con la propagaci\u00f3n del evento en redes sociales. llevar el mensaje del WordCamp a la mayor gente posible \ud83d\ude42<\/p>\n\t\t\t\t<\/div>\n\t\t\t<\/div>\n\n\t\t\n\t\t\t<div class=\"wcorg-organizer\">\n\t\t\t\t<h2>Ricardo Caicedo<\/h2>\n\t\t\t\t<div class=\"wcorg-organizer-description\">\n\t\t\t\t\t\t\t\t\t\t<img alt='' src='https:\/\/secure.gravatar.com\/avatar\/?s=100&#038;d=mm&#038;r=g' srcset='https:\/\/secure.gravatar.com\/avatar\/?s=200&#038;d=mm&#038;r=g 2x' class='avatar avatar-100 photo avatar-default' height='100' width='100' \/>\t\t\t\t\t<p>Encargado de todas las entrevistas a ponentes, y redacci\u00f3n necesaria para comprender el valor al detalle de lo que trata este WordCamp.<\/p>\n<p><em>\u00abEmpec\u00e9 a utilizar WordPress en mi blog de t\u00e9, <a href=\"https:\/\/www.myjapanesegreentea.com\" target=\"_blank\" rel=\"noopener\">www.myjapanesegreentea.com<\/a> , hace seis a\u00f1os. Ese blog a\u00fan contin\u00faa y me han pasado muchas cosas buenas gracias a \u00e9l.<\/em><\/p>\n<p><em> Por ejemplo, cada a\u00f1o me invitan al World Tea Expo como miembro de la prensa y fund\u00e9 una empresa de t\u00e9 en Colombia, <a href=\"http:\/\/www.kyusuteas.com\" target=\"_blank\" rel=\"noopener\">www.kyusuteas.com<\/a>. Soy el primer y \u00fanico colombiano con t\u00edtulo de asesor de t\u00e9 japon\u00e9s de parte del Nihoncha Instructor Association.<\/em><\/p>\n<p><em>Por medio de mi blog en WordPress aprend\u00ed muchas cosas, ser\u00eda muy largo nombrar todo aqu\u00ed. Pero una especialidad m\u00eda es el SEM, soy freelancer en Google Ads. Esta es mi p\u00e1gina: <a href=\"http:\/\/www.ginzamarketingdigital.com\" target=\"_blank\" rel=\"noopener\">www.ginzamarketingdigital.com<\/a>.<\/em><\/p>\n<p><em>Como voluntario, quiero aportar a la comunidad WordPress para que siga creciendo y tengamos muchos casos de \u00e9xito en el futuro.\u00bb<\/em><\/p>\n\t\t\t\t<\/div>\n\t\t\t<\/div>\n\n\t\t\n\t\t\t<div class=\"wcorg-organizer\">\n\t\t\t\t<h2>Nicol\u00e1s Gomez<\/h2>\n\t\t\t\t<div class=\"wcorg-organizer-description\">\n\t\t\t\t\t\t\t\t\t\t<img alt='' src='https:\/\/secure.gravatar.com\/avatar\/?s=100&#038;d=mm&#038;r=g' srcset='https:\/\/secure.gravatar.com\/avatar\/?s=200&#038;d=mm&#038;r=g 2x' class='avatar avatar-100 photo avatar-default' height='100' width='100' \/>\t\t\t\t\t<p>Nicol\u00e1s siempre est\u00e1 dispuesto a ayudar en todo lo que surja. Nos apoya en la edici\u00f3n de los videos y pautas en Ads, para dar a conocer el WordCamp a todo Colombia!<\/p>\n\t\t\t\t<\/div>\n\t\t\t<\/div>\n\n\t\t\n\t\t\t<div class=\"wcorg-organizer\">\n\t\t\t\t<h2>Felipe Silva<\/h2>\n\t\t\t\t<div class=\"wcorg-organizer-description\">\n\t\t\t\t\t\t\t\t\t\t<img alt='' src='https:\/\/secure.gravatar.com\/avatar\/?s=100&#038;d=mm&#038;r=g' srcset='https:\/\/secure.gravatar.com\/avatar\/?s=200&#038;d=mm&#038;r=g 2x' class='avatar avatar-100 photo avatar-default' height='100' width='100' \/>\t\t\t\t\t<p>Felipe nos apoyar\u00e1 en la logistica y tambien en gran parte de los dise\u00f1os publicados en las redes sociales.<\/p>\n\t\t\t\t<\/div>\n\t\t\t<\/div>\n\n\t\t\n\t\t\t<div class=\"wcorg-organizer\">\n\t\t\t\t<h2>Alexander L\u00f3pez<\/h2>\n\t\t\t\t<div class=\"wcorg-organizer-description\">\n\t\t\t\t\t\t\t\t\t\t<img alt='' src='https:\/\/secure.gravatar.com\/avatar\/?s=100&#038;d=mm&#038;r=g' srcset='https:\/\/secure.gravatar.com\/avatar\/?s=200&#038;d=mm&#038;r=g 2x' class='avatar avatar-100 photo avatar-default' height='100' width='100' \/>\t\t\t\t\t<p>Apoyo en toda la log\u00edstica, estrategias que mejoren la experiencia de usuario y dispuesto a apoyar en todo lo que sea necesario.<\/p>\n\t\t\t\t<\/div>\n\t\t\t<\/div>\n\n\t\t\n\t\t\t<div class=\"wcorg-organizer\">\n\t\t\t\t<h2>Viviana L\u00f3pez<\/h2>\n\t\t\t\t<div class=\"wcorg-organizer-description\">\n\t\t\t\t\t\t\t\t\t\t<img alt='' src='https:\/\/secure.gravatar.com\/avatar\/95c62227588a8aff43758044651af8a3ce698db573927432d1973b6bd947b8bc?s=100&#038;d=mm&#038;r=g' srcset='https:\/\/secure.gravatar.com\/avatar\/95c62227588a8aff43758044651af8a3ce698db573927432d1973b6bd947b8bc?s=200&#038;d=mm&#038;r=g 2x' class='avatar avatar-100 photo' height='100' width='100' \/>\t\t\t\t\t<p>Encargada del toda la log\u00edstica, presupuesto, organizaci\u00f3n de ponentes y patrocinadores.<\/p>\n\t\t\t\t<\/div>\n\t\t\t<\/div>\n\n\t\t\n\t<\/div><!-- .wcorg-organizers -->\n\t\n","protected":false},"excerpt":{"rendered":"<p>El equipo organizador Una\u00a0WordCamp\u00a0requiere de una gran tarea de organizaci\u00f3n y para ello es estupendo contar con un equipo de personas implicadas con la comunidad local y\u00a0que aporten su trabajo de manera totalmente desinteresada. En Bogot\u00e1 tenemos esa suerte y hemos podido contar con un estupendo equipo de WordPresseros que est\u00e1n haciendo todo lo posible &hellip; <\/p>\n<p class=\"link-more\"><a href=\"https:\/\/bogota.wordcamp.org\/2018\/organizer\/viviana-lopez\/\" class=\"more-link\">Continuar leyendo<span class=\"screen-reader-text\"> \u00abViviana L\u00f3pez\u00bb<\/span><\/a><\/p>\n","protected":false},"author":14911570,"featured_media":0,"parent":0,"menu_order":0,"comment_status":"closed","ping_status":"closed","template":"","meta":{"jetpack_post_was_ever_published":false,"footnotes":""},"class_list":["post-12","page","type-page","status-publish","hentry"],"jetpack_sharing_enabled":true,"jetpack_shortlink":"https:\/\/wp.me\/P9P3W9-c","_links":{"self":[{"href":"https:\/\/bogota.wordcamp.org\/2018\/wp-json\/wp\/v2\/pages\/12","targetHints":{"allow":["GET"]}}],"collection":[{"href":"https:\/\/bogota.wordcamp.org\/2018\/wp-json\/wp\/v2\/pages"}],"about":[{"href":"https:\/\/bogota.wordcamp.org\/2018\/wp-json\/wp\/v2\/types\/page"}],"author":[{"embeddable":true,"href":"https:\/\/bogota.wordcamp.org\/2018\/wp-json\/wp\/v2\/users\/14911570"}],"replies":[{"embeddable":true,"href":"https:\/\/bogota.wordcamp.org\/2018\/wp-json\/wp\/v2\/comments?post=12"}],"version-history":[{"count":4,"href":"https:\/\/bogota.wordcamp.org\/2018\/wp-json\/wp\/v2\/pages\/12\/revisions"}],"predecessor-version":[{"id":1334,"href":"https:\/\/bogota.wordcamp.org\/2018\/wp-json\/wp\/v2\/pages\/12\/revisions\/1334"}],"wp:attachment":[{"href":"https:\/\/bogota.wordcamp.org\/2018\/wp-json\/wp\/v2\/media?parent=12"}],"curies":[{"name":"wp","href":"https:\/\/api.w.org\/{rel}","templated":true}]}}