{"id":11,"date":"2018-04-06T09:19:31","date_gmt":"2018-04-06T09:19:31","guid":{"rendered":"https:\/\/2018.bogota.wordcamp.org\/location\/"},"modified":"2018-10-26T00:56:03","modified_gmt":"2018-10-26T00:56:03","slug":"ubicacion","status":"publish","type":"page","link":"https:\/\/bogota.wordcamp.org\/2018\/ubicacion\/","title":{"rendered":"Ubicaci\u00f3n"},"content":{"rendered":"<p><strong>WordCamp Bogot\u00e1 2018<\/strong>\u00a0se celebrar\u00e1 en el\u00a0<strong><a href=\"http:\/\/www.si99.com.co\/sitios-de-interes\/centro-cultural\" target=\"_blank\" rel=\"noopener\">Teatro Publio Martinez Ardila<\/a><\/strong>: centro cultural de la empresa Si99. Es un espacio de enriquecimiento del conocimiento y la cultura en sus diferentes medios de expresi\u00f3n: teatro, danza, poes\u00eda, m\u00fasica, ense\u00f1anza y lectura, para nuestros colaboradores y la comunidad vecina.<\/p>\n<p>Este teatro es maravilloso, ya que ha sido reconocido con el certificado<a href=\"http:\/\/www.ea-buildings.com\/esp\/ficha-proyecto\/36\/estacion-sophia\" target=\"_blank\" rel=\"noopener\"> LEED SILVER<\/a> por ser una construcci\u00f3n sostenible.<\/p>\n<p>A continuaci\u00f3n tienes toda la informaci\u00f3n de su localizaci\u00f3n y c\u00f3mo llegar.<\/p>\n<h2>Direcci\u00f3n:<\/h2>\n<p>Calle 63 Sur, Avda Caracas, Patio usme<br \/>\nPortal de Usme Transmilenio<\/p>\n<p><!--more--><\/p>\n<h2>\u00bfC\u00f3mo entrar?<\/h2>\n<p>El ingreso se realiza por el costado norte del portal. La entrada tiene un gran letrero que dice \u2018Bienvenidos\u2019.<\/p>\n<p>\u00a1Cuidado al transitar! Al ser un portal de TransMilenio hay que respetar las cebras y se\u00f1alizaciones.<\/p>\n<figure id=\"attachment_417\" aria-describedby=\"caption-attachment-417\" style=\"width: 825px\" class=\"wp-caption alignnone\"><img loading=\"lazy\" decoding=\"async\" class=\"size-full wp-image-417\" src=\"https:\/\/2017.bogota.wordcamp.org\/files\/2017\/01\/portal-de-usme-teatro-publio-martinez-ardila-gabriel-pabon-77.jpg\" alt=\"\" width=\"825\" height=\"550\" \/><figcaption id=\"caption-attachment-417\" class=\"wp-caption-text\">*Fotos: Gabriel Pab\u00f3n \u2013 C\u00cdVICO<\/figcaption><\/figure>\n<h2>C\u00f3mo llegar:<\/h2>\n<ul>\n<li>En transmilenio: Todas las rutas H (H83, H54, H17, H75)<\/li>\n<li>En SITP: rutas 674, 614, E44\/E57, 914A<\/li>\n<li>En uber, cabify, beat: pon en la direccion \u00abteatro publio martinez ardila\u00bb<\/li>\n<li>En carro: Hay parqueadero cercano en el Centro Comercial Altavista.<\/li>\n<\/ul>\n<h2>Mapa:<\/h2>\n<div class=\"googlemaps\">\n\t\t\t\t<iframe loading=\"lazy\" width=\"800\" height=\"450\" frameborder=\"0\" scrolling=\"no\" marginheight=\"0\" marginwidth=\"0\"  src=\"https:\/\/www.google.com\/maps\/embed?pb=!1m18!1m12!1m3!1d3977.3577892479907!2d-74.12148668523831!3d4.5294183967090165!2m3!1f0!2f0!3f0!3m2!1i1024!2i768!4f13.1!3m3!1m2!1s0x8e3fa21f3b08accf:0xedbb2bb1590451af!2sTEATRO%20PUBLIO%20MARTINEZ!5e0!3m2!1ses!2sco!4v1501595308834\"><\/iframe>\n\t\t\t<\/div>\n","protected":false},"excerpt":{"rendered":"<p>WordCamp Bogot\u00e1 2018\u00a0se celebrar\u00e1 en el\u00a0Teatro Publio Martinez Ardila: centro cultural de la empresa Si99. Es un espacio de enriquecimiento del conocimiento y la cultura en sus diferentes medios de expresi\u00f3n: teatro, danza, poes\u00eda, m\u00fasica, ense\u00f1anza y lectura, para nuestros colaboradores y la comunidad vecina. Este teatro es maravilloso, ya que ha sido reconocido con &hellip; <\/p>\n<p class=\"link-more\"><a href=\"https:\/\/bogota.wordcamp.org\/2018\/ubicacion\/\" class=\"more-link\">Continuar leyendo<span class=\"screen-reader-text\"> \u00abUbicaci\u00f3n\u00bb<\/span><\/a><\/p>\n","protected":false},"author":14911570,"featured_media":0,"parent":0,"menu_order":0,"comment_status":"closed","ping_status":"closed","template":"","meta":{"jetpack_post_was_ever_published":false,"footnotes":""},"class_list":["post-11","page","type-page","status-publish","hentry"],"jetpack_sharing_enabled":true,"jetpack_shortlink":"https:\/\/wp.me\/P9P3W9-b","_links":{"self":[{"href":"https:\/\/bogota.wordcamp.org\/2018\/wp-json\/wp\/v2\/pages\/11","targetHints":{"allow":["GET"]}}],"collection":[{"href":"https:\/\/bogota.wordcamp.org\/2018\/wp-json\/wp\/v2\/pages"}],"about":[{"href":"https:\/\/bogota.wordcamp.org\/2018\/wp-json\/wp\/v2\/types\/page"}],"author":[{"embeddable":true,"href":"https:\/\/bogota.wordcamp.org\/2018\/wp-json\/wp\/v2\/users\/14911570"}],"replies":[{"embeddable":true,"href":"https:\/\/bogota.wordcamp.org\/2018\/wp-json\/wp\/v2\/comments?post=11"}],"version-history":[{"count":8,"href":"https:\/\/bogota.wordcamp.org\/2018\/wp-json\/wp\/v2\/pages\/11\/revisions"}],"predecessor-version":[{"id":1556,"href":"https:\/\/bogota.wordcamp.org\/2018\/wp-json\/wp\/v2\/pages\/11\/revisions\/1556"}],"wp:attachment":[{"href":"https:\/\/bogota.wordcamp.org\/2018\/wp-json\/wp\/v2\/media?parent=11"}],"curies":[{"name":"wp","href":"https:\/\/api.w.org\/{rel}","templated":true}]}}