{"id":7,"date":"2017-01-06T17:36:34","date_gmt":"2017-01-06T17:36:34","guid":{"rendered":"https:\/\/2017.bogota.wordcamp.org\/schedule\/"},"modified":"2017-08-18T19:37:20","modified_gmt":"2017-08-19T00:37:20","slug":"agenda","status":"publish","type":"page","link":"https:\/\/bogota.wordcamp.org\/2017\/agenda\/","title":{"rendered":"Agenda"},"content":{"rendered":"<p><strong>\u00bfTe encanta WordPress?<\/strong> Estas ponencias est\u00e1n dedicadas para todo tipo de usuario, desde el principiante hasta el avanzado.<br \/>\nNo te lo puedes perder! Comparte con la comunidad de WordPress de Bogot\u00e1!<\/p>\n<h1>S\u00e1bado, 9 de Septiembre<\/h1>\n<table class=\"wcpt-schedule\" border=\"0\"><thead><tr><th class=\"wcpt-col-time\">Hora<\/th><th class=\"wcpt-col-track\"> <span class=\"wcpt-track-name\">Auditorio<\/span> <span class=\"wcpt-track-description\"><\/span> <\/th><th class=\"wcpt-col-track\"> <span class=\"wcpt-track-name\">Sala Alterna<\/span> <span class=\"wcpt-track-description\"><\/span> <\/th><\/tr><\/thead><tbody><tr class=\"wcpt-time-800am global-session apertura-y-registro\"><td class=\"wcpt-time\">8:00&nbsp;am<\/td><td colspan=\"2\" class=\"wcb-track-auditorio wcb-track-sala-alterna wcpt-session-type-custom wcb-session-apertura-registro\" data-track-title=\"Auditorio, Sala Alterna\" data-session-id=\"793\"><div class=\"wcb-session-cell-content\"><span class=\"wcpt-session-title\">APERTURA Y REGISTRO<\/span><\/div><\/td><\/tr><tr class=\"wcpt-time-900am\"><td class=\"wcpt-time\">9:00&nbsp;am<\/td><td colspan=\"1\" class=\"wcb-track-auditorio wcpt-session-type-custom wcb-session-charla-de-introduccion-y-uso-de-las-instalaciones-si99\" data-track-title=\"Auditorio\" data-session-id=\"795\"><div class=\"wcb-session-cell-content\"><span class=\"wcpt-session-title\">Charla de introducci\u00f3n y Uso de las instalaciones (Si99)<\/span><\/div><\/td><td class=\"wcpt-session-empty\"><\/td><\/tr><tr class=\"wcpt-time-915am\"><td class=\"wcpt-time\">9:15&nbsp;am<\/td><td colspan=\"1\" class=\"wcb-speaker-viviana-lopez wcb-speaker-mauro-martinez wcb-track-auditorio wcpt-session-type-session wcb-session-la-fuerza-de-la-comunidad-esta-en-el-networking\" data-track-title=\"Auditorio\" data-session-id=\"652\"><div class=\"wcb-session-cell-content\"><a class=\"wcpt-session-title\" href=\"https:\/\/bogota.wordcamp.org\/2017\/session\/la-fuerza-de-la-comunidad-esta-en-el-networking\/\">La fuerza de la comunidad est\u00e1 en el Networking<\/a> <span class=\"wcpt-session-speakers\"><a href=\"https:\/\/bogota.wordcamp.org\/2017\/ponentes\/#wcorg-speaker-viviana-lopez\">Viviana L\u00f3pez<\/a>, <a href=\"https:\/\/bogota.wordcamp.org\/2017\/ponentes\/#wcorg-speaker-mauro-martinez\">Mauro Martinez<\/a><\/span><\/div><div class=\"wcb-session-favourite-icon\"><a href=\"#\" role=\"button\" class=\"fav-session-button\" aria-pressed=\"false\"><span class=\"screen-reader-text\">Sesi\u00f3n favorita: La fuerza de la comunidad est\u00e1 en el Networking<\/span><span class=\"dashicons dashicons-star-filled\"><\/span><\/a><\/div><\/td><td class=\"wcpt-session-empty\"><\/td><\/tr><tr class=\"wcpt-time-945am\"><td class=\"wcpt-time\">9:45&nbsp;am<\/td><td colspan=\"1\" class=\"wcb-speaker-maryl-gonzalez wcb-track-auditorio wcpt-session-type-session wcb-session-como-comenzar-tu-comunidad-de-wordpress-en-tu-localidad\" data-track-title=\"Auditorio\" data-session-id=\"676\"><div class=\"wcb-session-cell-content\"><a class=\"wcpt-session-title\" href=\"https:\/\/bogota.wordcamp.org\/2017\/session\/como-comenzar-tu-comunidad-de-wordpress-en-tu-localidad\/\">C\u00f3mo comenzar tu comunidad de WordPress en tu localidad<\/a> <span class=\"wcpt-session-speakers\"><a href=\"https:\/\/bogota.wordcamp.org\/2017\/ponentes\/#wcorg-speaker-maryl-gonzalez\">Maryl Gonzalez<\/a><\/span><\/div><div class=\"wcb-session-favourite-icon\"><a href=\"#\" role=\"button\" class=\"fav-session-button\" aria-pressed=\"false\"><span class=\"screen-reader-text\">Sesi\u00f3n favorita: C\u00f3mo comenzar tu comunidad de WordPress en tu localidad<\/span><span class=\"dashicons dashicons-star-filled\"><\/span><\/a><\/div><\/td><td colspan=\"1\" class=\"wcb-speaker-juan-pablo-jaramillo wcb-track-sala-alterna wcpt-session-type-session wcb-session-wordpress-development-with-docker\" data-track-title=\"Sala Alterna\" data-session-id=\"698\"><div class=\"wcb-session-cell-content\"><a class=\"wcpt-session-title\" href=\"https:\/\/bogota.wordcamp.org\/2017\/session\/wordpress-development-with-docker\/\">WordPress Development with Docker: Creaci\u00f3n r\u00e1pida y sencilla de ambientes de desarrollo.<\/a> <span class=\"wcpt-session-speakers\"><a href=\"https:\/\/bogota.wordcamp.org\/2017\/ponentes\/#wcorg-speaker-juan-pablo-jaramillo\">Juan Pablo Jaramillo<\/a><\/span><\/div><div class=\"wcb-session-favourite-icon\"><a href=\"#\" role=\"button\" class=\"fav-session-button\" aria-pressed=\"false\"><span class=\"screen-reader-text\">Sesi\u00f3n favorita: WordPress Development with Docker: Creaci\u00f3n r\u00e1pida y sencilla de ambientes de desarrollo.<\/span><span class=\"dashicons dashicons-star-filled\"><\/span><\/a><\/div><\/td><\/tr><tr class=\"wcpt-time-1015am global-session caf-networking\"><td class=\"wcpt-time\">10:15&nbsp;am<\/td><td colspan=\"2\" class=\"wcb-track-auditorio wcb-track-sala-alterna wcpt-session-type-custom wcb-session-cafe-networking\" data-track-title=\"Auditorio, Sala Alterna\" data-session-id=\"797\"><div class=\"wcb-session-cell-content\"><span class=\"wcpt-session-title\">CAF\u00c9 NETWORKING<\/span><\/div><\/td><\/tr><tr class=\"wcpt-time-1030am\"><td class=\"wcpt-time\">10:30&nbsp;am<\/td><td colspan=\"1\" class=\"wcb-speaker-heinz-jany wcb-track-auditorio wcpt-session-type-session wcb-session-el-papel-del-disenador-en-los-tiempos-del-cms\" data-track-title=\"Auditorio\" data-session-id=\"704\"><div class=\"wcb-session-cell-content\"><a class=\"wcpt-session-title\" href=\"https:\/\/bogota.wordcamp.org\/2017\/session\/el-papel-del-disenador-en-los-tiempos-del-cms\/\">El papel del dise\u00f1ador en los tiempos del CMS<\/a> <span class=\"wcpt-session-speakers\"><a href=\"https:\/\/bogota.wordcamp.org\/2017\/ponentes\/#wcorg-speaker-heinz-jany\">Heinz Jany<\/a><\/span><\/div><div class=\"wcb-session-favourite-icon\"><a href=\"#\" role=\"button\" class=\"fav-session-button\" aria-pressed=\"false\"><span class=\"screen-reader-text\">Sesi\u00f3n favorita: El papel del dise\u00f1ador en los tiempos del CMS<\/span><span class=\"dashicons dashicons-star-filled\"><\/span><\/a><\/div><\/td><td colspan=\"1\" class=\"wcb-speaker-rhonalf-martinez wcb-track-sala-alterna wcpt-session-type-session wcb-session-plugins-en-wordpress-no-papa-shortcodes\" data-track-title=\"Sala Alterna\" data-session-id=\"673\"><div class=\"wcb-session-cell-content\"><a class=\"wcpt-session-title\" href=\"https:\/\/bogota.wordcamp.org\/2017\/session\/plugins-en-wordpress-no-papa-shortcodes\/\">Plugins en WordPress? No pap\u00e1, shortcodes!<\/a> <span class=\"wcpt-session-speakers\"><a href=\"https:\/\/bogota.wordcamp.org\/2017\/ponentes\/#wcorg-speaker-rhonalf-martinez\">Rhonalf Martinez<\/a><\/span><\/div><div class=\"wcb-session-favourite-icon\"><a href=\"#\" role=\"button\" class=\"fav-session-button\" aria-pressed=\"false\"><span class=\"screen-reader-text\">Sesi\u00f3n favorita: Plugins en WordPress? No pap\u00e1, shortcodes!<\/span><span class=\"dashicons dashicons-star-filled\"><\/span><\/a><\/div><\/td><\/tr><tr class=\"wcpt-time-1100am\"><td class=\"wcpt-time\">11:00&nbsp;am<\/td><td colspan=\"1\" class=\"wcb-speaker-alvaro-caceres wcb-track-auditorio wcpt-session-type-session wcb-session-como-disminuir-en-un-90-los-no-cuando-envias-un-presupuesto\" data-track-title=\"Auditorio\" data-session-id=\"688\"><div class=\"wcb-session-cell-content\"><a class=\"wcpt-session-title\" href=\"https:\/\/bogota.wordcamp.org\/2017\/session\/como-disminuir-en-un-90-los-no-cuando-envias-un-presupuesto\/\">C\u00f3mo disminuir en un 90% los NO cuando env\u00edas un presupuesto<\/a> <span class=\"wcpt-session-speakers\"><a href=\"https:\/\/bogota.wordcamp.org\/2017\/ponentes\/#wcorg-speaker-alvaro-caceres\">Alvaro Caceres<\/a><\/span><\/div><div class=\"wcb-session-favourite-icon\"><a href=\"#\" role=\"button\" class=\"fav-session-button\" aria-pressed=\"false\"><span class=\"screen-reader-text\">Sesi\u00f3n favorita: C\u00f3mo disminuir en un 90% los NO cuando env\u00edas un presupuesto<\/span><span class=\"dashicons dashicons-star-filled\"><\/span><\/a><\/div><\/td><td colspan=\"1\" class=\"wcb-speaker-juan-david-rendon wcb-track-sala-alterna wcpt-session-type-session wcb-session-generar-ingresos-pasivos-comercializando-temas-premium-de-wordpress\" data-track-title=\"Sala Alterna\" data-session-id=\"603\"><div class=\"wcb-session-cell-content\"><a class=\"wcpt-session-title\" href=\"https:\/\/bogota.wordcamp.org\/2017\/session\/generar-ingresos-pasivos-comercializando-temas-premium-de-wordpress\/\">Generar ingresos pasivos comercializando temas Premium de WordPress<\/a> <span class=\"wcpt-session-speakers\"><a href=\"https:\/\/bogota.wordcamp.org\/2017\/ponentes\/#wcorg-speaker-juan-david-rendon\">Juan David Rend\u00f3n<\/a><\/span><\/div><div class=\"wcb-session-favourite-icon\"><a href=\"#\" role=\"button\" class=\"fav-session-button\" aria-pressed=\"false\"><span class=\"screen-reader-text\">Sesi\u00f3n favorita: Generar ingresos pasivos comercializando temas Premium de WordPress<\/span><span class=\"dashicons dashicons-star-filled\"><\/span><\/a><\/div><\/td><\/tr><tr class=\"wcpt-time-1130am\"><td class=\"wcpt-time\">11:30&nbsp;am<\/td><td colspan=\"1\" class=\"wcb-speaker-page-carbajal wcb-track-auditorio wcpt-session-type-session wcb-session-habilidades-necesarias-para-un-obtener-trabajo-remoto-con-wordpress\" data-track-title=\"Auditorio\" data-session-id=\"695\"><div class=\"wcb-session-cell-content\"><a class=\"wcpt-session-title\" href=\"https:\/\/bogota.wordcamp.org\/2017\/session\/habilidades-necesarias-para-un-obtener-trabajo-remoto-con-wordpress\/\">Habilidades necesarias para obtener un trabajo Remoto con WordPress<\/a> <span class=\"wcpt-session-speakers\"><a href=\"https:\/\/bogota.wordcamp.org\/2017\/ponentes\/#wcorg-speaker-page-carbajal\">Page Carbajal<\/a><\/span><\/div><div class=\"wcb-session-favourite-icon\"><a href=\"#\" role=\"button\" class=\"fav-session-button\" aria-pressed=\"false\"><span class=\"screen-reader-text\">Sesi\u00f3n favorita: Habilidades necesarias para obtener un trabajo Remoto con WordPress<\/span><span class=\"dashicons dashicons-star-filled\"><\/span><\/a><\/div><\/td><td class=\"wcpt-session-empty\"><\/td><\/tr><tr class=\"wcpt-time-1200pm global-session comida-networking\"><td class=\"wcpt-time\">12:00&nbsp;pm<\/td><td colspan=\"2\" class=\"wcb-track-auditorio wcb-track-sala-alterna wcpt-session-type-custom wcb-session-comida-networking\" data-track-title=\"Auditorio, Sala Alterna\" data-session-id=\"807\"><div class=\"wcb-session-cell-content\"><span class=\"wcpt-session-title\">COMIDA NETWORKING<\/span><\/div><\/td><\/tr><tr class=\"wcpt-time-130pm\"><td class=\"wcpt-time\">1:30&nbsp;pm<\/td><td colspan=\"1\" class=\"wcb-speaker-miguel-cespedes wcb-track-auditorio wcpt-session-type-session wcb-session-aprende-a-montar-tu-e-commerce-en-10-pasos\" data-track-title=\"Auditorio\" data-session-id=\"648\"><div class=\"wcb-session-cell-content\"><a class=\"wcpt-session-title\" href=\"https:\/\/bogota.wordcamp.org\/2017\/session\/aprende-a-montar-tu-e-commerce-en-10-pasos\/\">Aprende a montar tu e-commerce en 10 pasos<\/a> <span class=\"wcpt-session-speakers\"><a href=\"https:\/\/bogota.wordcamp.org\/2017\/ponentes\/#wcorg-speaker-miguel-cespedes\">Miguel Cespedes<\/a><\/span><\/div><div class=\"wcb-session-favourite-icon\"><a href=\"#\" role=\"button\" class=\"fav-session-button\" aria-pressed=\"false\"><span class=\"screen-reader-text\">Sesi\u00f3n favorita: Aprende a montar tu e-commerce en 10 pasos<\/span><span class=\"dashicons dashicons-star-filled\"><\/span><\/a><\/div><\/td><td class=\"wcpt-session-empty\"><\/td><\/tr><tr class=\"wcpt-time-200pm\"><td class=\"wcpt-time\">2:00&nbsp;pm<\/td><td colspan=\"1\" class=\"wcb-speaker-luis-carlos-hernandez-altamar wcb-track-auditorio wcpt-session-type-session wcb-session-como-hacer-de-wordpress-una-herramienta-eficaz-para-el-diseno-de-interfaces-usables-y-funcionales\" data-track-title=\"Auditorio\" data-session-id=\"814\"><div class=\"wcb-session-cell-content\"><a class=\"wcpt-session-title\" href=\"https:\/\/bogota.wordcamp.org\/2017\/session\/como-hacer-de-wordpress-una-herramienta-eficaz-para-el-diseno-de-interfaces-usables-y-funcionales\/\">Como hacer de WordPress una herramienta eficaz para el dise\u00f1o de interfaces usables y funcionales<\/a> <span class=\"wcpt-session-speakers\"><a href=\"https:\/\/bogota.wordcamp.org\/2017\/ponentes\/#wcorg-speaker-luis-carlos-hernandez-altamar\">Luis Carlos Hernandez Altamar<\/a><\/span><\/div><div class=\"wcb-session-favourite-icon\"><a href=\"#\" role=\"button\" class=\"fav-session-button\" aria-pressed=\"false\"><span class=\"screen-reader-text\">Sesi\u00f3n favorita: Como hacer de WordPress una herramienta eficaz para el dise\u00f1o de interfaces usables y funcionales<\/span><span class=\"dashicons dashicons-star-filled\"><\/span><\/a><\/div><\/td><td colspan=\"1\" class=\"wcb-speaker-gerardo-amador wcb-track-sala-alterna wcpt-session-type-session wcb-session-aspectos-a-tener-en-cuenta-antes-durante-y-despues-del-lanzamiento-de-tu-web-en-wordpress\" data-track-title=\"Sala Alterna\" data-session-id=\"743\"><div class=\"wcb-session-cell-content\"><a class=\"wcpt-session-title\" href=\"https:\/\/bogota.wordcamp.org\/2017\/session\/aspectos-a-tener-en-cuenta-antes-durante-y-despues-del-lanzamiento-de-tu-web-en-wordpress\/\">Aspectos a tener en cuenta antes, durante y despu\u00e9s del lanzamiento de tu web en WordPress.<\/a> <span class=\"wcpt-session-speakers\"><a href=\"https:\/\/bogota.wordcamp.org\/2017\/ponentes\/#wcorg-speaker-gerardo-amador\">Gerardo Amador<\/a><\/span><\/div><div class=\"wcb-session-favourite-icon\"><a href=\"#\" role=\"button\" class=\"fav-session-button\" aria-pressed=\"false\"><span class=\"screen-reader-text\">Sesi\u00f3n favorita: Aspectos a tener en cuenta antes, durante y despu\u00e9s del lanzamiento de tu web en WordPress.<\/span><span class=\"dashicons dashicons-star-filled\"><\/span><\/a><\/div><\/td><\/tr><tr class=\"wcpt-time-230pm\"><td class=\"wcpt-time\">2:30&nbsp;pm<\/td><td colspan=\"1\" class=\"wcb-speaker-fabian-altahona-bolivar wcb-track-auditorio wcpt-session-type-session wcb-session-como-funcionan-realmente-los-frameworks-en-wordpress\" data-track-title=\"Auditorio\" data-session-id=\"663\"><div class=\"wcb-session-cell-content\"><a class=\"wcpt-session-title\" href=\"https:\/\/bogota.wordcamp.org\/2017\/session\/como-funcionan-realmente-los-frameworks-en-wordpress\/\">C\u00f3mo funcionan realmente los Frameworks en WordPress<\/a> <span class=\"wcpt-session-speakers\"><a href=\"https:\/\/bogota.wordcamp.org\/2017\/ponentes\/#wcorg-speaker-fabian-altahona-bolivar\">Fabian Altahona Bolivar<\/a><\/span><\/div><div class=\"wcb-session-favourite-icon\"><a href=\"#\" role=\"button\" class=\"fav-session-button\" aria-pressed=\"false\"><span class=\"screen-reader-text\">Sesi\u00f3n favorita: C\u00f3mo funcionan realmente los Frameworks en WordPress<\/span><span class=\"dashicons dashicons-star-filled\"><\/span><\/a><\/div><\/td><td colspan=\"1\" class=\"wcb-speaker-yan-arlex-vallejo wcb-track-sala-alterna wcpt-session-type-session wcb-session-buenas-practicas-para-desarrollar-un-tema-de-wordpress\" data-track-title=\"Sala Alterna\" data-session-id=\"628\"><div class=\"wcb-session-cell-content\"><a class=\"wcpt-session-title\" href=\"https:\/\/bogota.wordcamp.org\/2017\/session\/buenas-practicas-para-desarrollar-un-tema-de-wordpress\/\">Buenas practicas para desarrollar un tema de WordPress<\/a> <span class=\"wcpt-session-speakers\"><a href=\"https:\/\/bogota.wordcamp.org\/2017\/ponentes\/#wcorg-speaker-yan-arlex-vallejo\">Yan Arlex Vallejo<\/a><\/span><\/div><div class=\"wcb-session-favourite-icon\"><a href=\"#\" role=\"button\" class=\"fav-session-button\" aria-pressed=\"false\"><span class=\"screen-reader-text\">Sesi\u00f3n favorita: Buenas practicas para desarrollar un tema de WordPress<\/span><span class=\"dashicons dashicons-star-filled\"><\/span><\/a><\/div><\/td><\/tr><tr class=\"wcpt-time-300pm\"><td class=\"wcpt-time\">3:00&nbsp;pm<\/td><td colspan=\"1\" class=\"wcb-speaker-jean-saldana wcb-track-auditorio wcpt-session-type-session wcb-session-como-atraer-a-clientes-internacionales-si-eres-freelance\" data-track-title=\"Auditorio\" data-session-id=\"701\"><div class=\"wcb-session-cell-content\"><a class=\"wcpt-session-title\" href=\"https:\/\/bogota.wordcamp.org\/2017\/session\/como-atraer-a-clientes-internacionales-si-eres-freelance\/\">C\u00f3mo atraer a clientes internacionales si eres freelance<\/a> <span class=\"wcpt-session-speakers\"><a href=\"https:\/\/bogota.wordcamp.org\/2017\/ponentes\/#wcorg-speaker-jean-saldana\">Jean Salda\u00f1a<\/a><\/span><\/div><div class=\"wcb-session-favourite-icon\"><a href=\"#\" role=\"button\" class=\"fav-session-button\" aria-pressed=\"false\"><span class=\"screen-reader-text\">Sesi\u00f3n favorita: C\u00f3mo atraer a clientes internacionales si eres freelance<\/span><span class=\"dashicons dashicons-star-filled\"><\/span><\/a><\/div><\/td><td class=\"wcpt-session-empty\"><\/td><\/tr><tr class=\"wcpt-time-330pm global-session caf-networking\"><td class=\"wcpt-time\">3:30&nbsp;pm<\/td><td colspan=\"2\" class=\"wcb-track-auditorio wcb-track-sala-alterna wcpt-session-type-custom wcb-session-cafe-networking-2\" data-track-title=\"Auditorio, Sala Alterna\" data-session-id=\"809\"><div class=\"wcb-session-cell-content\"><span class=\"wcpt-session-title\">CAF\u00c9 NETWORKING<\/span><\/div><\/td><\/tr><tr class=\"wcpt-time-400pm\"><td class=\"wcpt-time\">4:00&nbsp;pm<\/td><td colspan=\"1\" class=\"wcb-track-auditorio wcpt-session-type-session wcb-session-debate-ponentes\" data-track-title=\"Auditorio\" data-session-id=\"811\"><div class=\"wcb-session-cell-content\"><a class=\"wcpt-session-title\" href=\"https:\/\/bogota.wordcamp.org\/2017\/session\/debate-ponentes\/\">Debate: Freelancers y Agencias, dos mundos que convergen en un s\u00f3lo emprendimiento<\/a><\/div><div class=\"wcb-session-favourite-icon\"><a href=\"#\" role=\"button\" class=\"fav-session-button\" aria-pressed=\"false\"><span class=\"screen-reader-text\">Sesi\u00f3n favorita: Debate: Freelancers y Agencias, dos mundos que convergen en un s\u00f3lo emprendimiento<\/span><span class=\"dashicons dashicons-star-filled\"><\/span><\/a><\/div><\/td><td class=\"wcpt-session-empty\"><\/td><\/tr><tr class=\"wcpt-time-500pm\"><td class=\"wcpt-time\">5:00&nbsp;pm<\/td><td colspan=\"1\" class=\"wcb-track-auditorio wcpt-session-type-session wcb-session-grupo-musical-invitado-organic-technology\" data-track-title=\"Auditorio\" data-session-id=\"816\"><div class=\"wcb-session-cell-content\"><a class=\"wcpt-session-title\" href=\"https:\/\/bogota.wordcamp.org\/2017\/session\/grupo-musical-invitado-organic-technology\/\">Grupo musical invitado: Organic Technology<\/a><\/div><div class=\"wcb-session-favourite-icon\"><a href=\"#\" role=\"button\" class=\"fav-session-button\" aria-pressed=\"false\"><span class=\"screen-reader-text\">Sesi\u00f3n favorita: Grupo musical invitado: Organic Technology<\/span><span class=\"dashicons dashicons-star-filled\"><\/span><\/a><\/div><\/td><td class=\"wcpt-session-empty\"><\/td><\/tr><tr class=\"wcpt-time-515pm global-session reunin-networking\"><td class=\"wcpt-time\">5:15&nbsp;pm<\/td><td colspan=\"2\" class=\"wcb-track-auditorio wcb-track-sala-alterna wcpt-session-type-session wcb-session-reunion-networking\" data-track-title=\"Auditorio, Sala Alterna\" data-session-id=\"818\"><div class=\"wcb-session-cell-content\"><a class=\"wcpt-session-title\" href=\"https:\/\/bogota.wordcamp.org\/2017\/session\/reunion-networking\/\">Reuni\u00f3n Networking<\/a><\/div><div class=\"wcb-session-favourite-icon\"><a href=\"#\" role=\"button\" class=\"fav-session-button\" aria-pressed=\"false\"><span class=\"screen-reader-text\">Sesi\u00f3n favorita: Reuni\u00f3n Networking<\/span><span class=\"dashicons dashicons-star-filled\"><\/span><\/a><\/div><\/td><\/tr><tr class=\"wcpt-time-545pm global-session despedida\"><td class=\"wcpt-time\">5:45&nbsp;pm<\/td><td colspan=\"2\" class=\"wcb-track-auditorio wcb-track-sala-alterna wcpt-session-type-custom wcb-session-despedida\" data-track-title=\"Auditorio, Sala Alterna\" data-session-id=\"820\"><div class=\"wcb-session-cell-content\"><span class=\"wcpt-session-title\">DESPEDIDA<\/span><\/div><\/td><\/tr><\/tbody><\/table>\n\t<div class=\"email-form fav-session-email-form-hide\">\n\t\t<!-- Tab links -->\n\t\t<div class=\"fav-session-share-tab\">\n\t\t\t\t\t\t\t<div class=\"fav-session-tablinks\" id=\"fav-session-btn-email\">\n\t\t\t\t\tCorreo electr\u00f3nico\t\t\t\t<\/div>\n\t\t\t\n\t\t\t<div class=\"fav-session-tablinks\" id=\"fav-session-btn-link\">\n\t\t\t\tEnlace\t\t\t<\/div>\n\n\t\t\t<div class=\"fav-session-tablinks\" id=\"fav-session-btn-print\">\n\t\t\t\tImprimir\t\t\t<\/div>\n\t\t<\/div>\n\n\t\t<!-- Tab content -->\n\t\t\t\t\t<div id=\"fav-session-tab-email\" class=\"fav-session-share-tabcontent\">\n\t\t\t\t<div id=\"fav-session-email-form\">\n\t\t\t\t\tEnv\u00edame mis sesiones favoritas:\n\t\t\t\t\t<form id=\"fav-sessions-form\">\n\t\t\t\t\t\t<input\n\t\t\t\t\t\t\ttype=\"text\"\n\t\t\t\t\t\t\tname=\"email_address\"\n\t\t\t\t\t\t\tid=\"fav-sessions-email-address\"\n\t\t\t\t\t\t\tplaceholder=\"me@protonmail.com\"\n\t\t\t\t\t\t\/>\n\t\t\t\t\t\t<input type=\"submit\" value=\"Enviar\" \/>\n\t\t\t\t\t<\/form>\n\t\t\t\t<\/div>\n\n\t\t\t\t<div class=\"fav-session-email-wait-spinner\"><\/div>\n\t\t\t\t<div class=\"fav-session-email-result\"><\/div>\n\t\t\t<\/div>\n\t\t\n\t\t<div id=\"fav-session-tab-link\" class=\"fav-session-share-tabcontent\">\n\t\t\tEnlace compartible:\t\t\t<br \/>\n\t\t\t<a id=\"fav-sessions-link\" href=\"\"><\/a>\n\t\t<\/div>\n\n\t\t<div id=\"fav-session-tab-print\" class=\"fav-session-share-tabcontent\">\n\t\t\t<button id=\"fav-session-print\">\n\t\t\t\tImprimir sesiones favoritas\t\t\t<\/button>\n\t\t<\/div>\n\t<\/div>\n\n\t<a class=\"show-email-form\" href=\"javascript:\">\n\t\t<span class=\"dashicons dashicons-star-filled\"><\/span>\n\t\t<span class=\"dashicons dashicons-email-alt\"><\/span>\n\t<\/a>\n\n\t\n","protected":false},"excerpt":{"rendered":"<p>\u00bfTe encanta WordPress? Estas ponencias est\u00e1n dedicadas para todo tipo de usuario, desde el principiante hasta el avanzado. No te lo puedes perder! Comparte con la comunidad de WordPress de Bogot\u00e1! S\u00e1bado, 9 de Septiembre<\/p>\n","protected":false},"author":14911570,"featured_media":0,"parent":0,"menu_order":0,"comment_status":"closed","ping_status":"closed","template":"","meta":{"jetpack_post_was_ever_published":false,"footnotes":""},"class_list":["post-7","page","type-page","status-publish","hentry"],"jetpack_sharing_enabled":true,"jetpack_shortlink":"https:\/\/wp.me\/P8gNTI-7","_links":{"self":[{"href":"https:\/\/bogota.wordcamp.org\/2017\/wp-json\/wp\/v2\/pages\/7","targetHints":{"allow":["GET"]}}],"collection":[{"href":"https:\/\/bogota.wordcamp.org\/2017\/wp-json\/wp\/v2\/pages"}],"about":[{"href":"https:\/\/bogota.wordcamp.org\/2017\/wp-json\/wp\/v2\/types\/page"}],"author":[{"embeddable":true,"href":"https:\/\/bogota.wordcamp.org\/2017\/wp-json\/wp\/v2\/users\/14911570"}],"replies":[{"embeddable":true,"href":"https:\/\/bogota.wordcamp.org\/2017\/wp-json\/wp\/v2\/comments?post=7"}],"version-history":[{"count":10,"href":"https:\/\/bogota.wordcamp.org\/2017\/wp-json\/wp\/v2\/pages\/7\/revisions"}],"predecessor-version":[{"id":951,"href":"https:\/\/bogota.wordcamp.org\/2017\/wp-json\/wp\/v2\/pages\/7\/revisions\/951"}],"wp:attachment":[{"href":"https:\/\/bogota.wordcamp.org\/2017\/wp-json\/wp\/v2\/media?parent=7"}],"curies":[{"name":"wp","href":"https:\/\/api.w.org\/{rel}","templated":true}]}}