{"id":11,"date":"2017-01-06T17:36:34","date_gmt":"2017-01-06T22:36:34","guid":{"rendered":"https:\/\/2017.bogota.wordcamp.org\/location\/"},"modified":"2017-08-01T08:51:15","modified_gmt":"2017-08-01T13:51:15","slug":"ubicacion","status":"publish","type":"page","link":"https:\/\/bogota.wordcamp.org\/2017\/ubicacion\/","title":{"rendered":"Ubicaci\u00f3n"},"content":{"rendered":"<p class=\"jetpack-slideshow-noscript robots-nocontent\">El pase de diapositivas requiere JavaScript.<\/p><div id=\"gallery-11-1-slideshow\" class=\"jetpack-slideshow-window jetpack-slideshow jetpack-slideshow-black\" data-trans=\"fade\" data-autostart=\"1\" data-gallery=\"[{&quot;src&quot;:&quot;https:\\\/\\\/bogota.wordcamp.org\\\/2017\\\/files\\\/2017\\\/01\\\/teatro-publio-martiez-ardila-1.jpg&quot;,&quot;id&quot;:&quot;377&quot;,&quot;title&quot;:&quot;teatro-publio-martiez-ardila-1&quot;,&quot;alt&quot;:&quot;&quot;,&quot;caption&quot;:&quot;&quot;,&quot;itemprop&quot;:&quot;image&quot;},{&quot;src&quot;:&quot;https:\\\/\\\/bogota.wordcamp.org\\\/2017\\\/files\\\/2017\\\/01\\\/teatro.jpg&quot;,&quot;id&quot;:&quot;553&quot;,&quot;title&quot;:&quot;teatro&quot;,&quot;alt&quot;:&quot;&quot;,&quot;caption&quot;:&quot;&quot;,&quot;itemprop&quot;:&quot;image&quot;},{&quot;src&quot;:&quot;https:\\\/\\\/bogota.wordcamp.org\\\/2017\\\/files\\\/2017\\\/01\\\/teatro-publio-martiez-ardila-8.jpg&quot;,&quot;id&quot;:&quot;388&quot;,&quot;title&quot;:&quot;teatro-publio-martiez-ardila-8&quot;,&quot;alt&quot;:&quot;&quot;,&quot;caption&quot;:&quot;&quot;,&quot;itemprop&quot;:&quot;image&quot;},{&quot;src&quot;:&quot;https:\\\/\\\/bogota.wordcamp.org\\\/2017\\\/files\\\/2017\\\/01\\\/teatro-publio-martiez-ardila-9.jpg&quot;,&quot;id&quot;:&quot;390&quot;,&quot;title&quot;:&quot;teatro-publio-martiez-ardila-9&quot;,&quot;alt&quot;:&quot;&quot;,&quot;caption&quot;:&quot;&quot;,&quot;itemprop&quot;:&quot;image&quot;},{&quot;src&quot;:&quot;https:\\\/\\\/bogota.wordcamp.org\\\/2017\\\/files\\\/2017\\\/01\\\/teatro-publio-martiez-ardila-2-1024x295.jpg&quot;,&quot;id&quot;:&quot;378&quot;,&quot;title&quot;:&quot;teatro-publio-martiez-ardila-2&quot;,&quot;alt&quot;:&quot;&quot;,&quot;caption&quot;:&quot;&quot;,&quot;itemprop&quot;:&quot;image&quot;},{&quot;src&quot;:&quot;https:\\\/\\\/bogota.wordcamp.org\\\/2017\\\/files\\\/2017\\\/01\\\/teatro-publio-martiez-ardila-4.jpg&quot;,&quot;id&quot;:&quot;380&quot;,&quot;title&quot;:&quot;teatro-publio-martiez-ardila-4&quot;,&quot;alt&quot;:&quot;&quot;,&quot;caption&quot;:&quot;&quot;,&quot;itemprop&quot;:&quot;image&quot;},{&quot;src&quot;:&quot;https:\\\/\\\/bogota.wordcamp.org\\\/2017\\\/files\\\/2017\\\/01\\\/teatro-publio-martiez-ardila-6.jpg&quot;,&quot;id&quot;:&quot;385&quot;,&quot;title&quot;:&quot;teatro-publio-martiez-ardila-6&quot;,&quot;alt&quot;:&quot;&quot;,&quot;caption&quot;:&quot;&quot;,&quot;itemprop&quot;:&quot;image&quot;},{&quot;src&quot;:&quot;https:\\\/\\\/bogota.wordcamp.org\\\/2017\\\/files\\\/2017\\\/01\\\/teatro-publio-martiez-ardila-7.jpg&quot;,&quot;id&quot;:&quot;386&quot;,&quot;title&quot;:&quot;teatro-publio-martiez-ardila-7&quot;,&quot;alt&quot;:&quot;&quot;,&quot;caption&quot;:&quot;&quot;,&quot;itemprop&quot;:&quot;image&quot;},{&quot;src&quot;:&quot;https:\\\/\\\/bogota.wordcamp.org\\\/2017\\\/files\\\/2017\\\/01\\\/teatro-publio-martiez-ardila-5.jpg&quot;,&quot;id&quot;:&quot;382&quot;,&quot;title&quot;:&quot;teatro-publio-martiez-ardila-5&quot;,&quot;alt&quot;:&quot;&quot;,&quot;caption&quot;:&quot;&quot;,&quot;itemprop&quot;:&quot;image&quot;},{&quot;src&quot;:&quot;https:\\\/\\\/bogota.wordcamp.org\\\/2017\\\/files\\\/2017\\\/01\\\/teatro-publio-martiez-ardila-10.jpg&quot;,&quot;id&quot;:&quot;391&quot;,&quot;title&quot;:&quot;teatro-publio-martiez-ardila-10&quot;,&quot;alt&quot;:&quot;&quot;,&quot;caption&quot;:&quot;&quot;,&quot;itemprop&quot;:&quot;image&quot;}]\" itemscope itemtype=\"https:\/\/schema.org\/ImageGallery\"><\/div>\n<p><strong>WordCamp Bogot\u00e1 2017<\/strong>\u00a0se celebrar\u00e1 en el\u00a0<strong><a href=\"http:\/\/www.si99.com.co\/sitios-de-interes\/centro-cultural\" target=\"_blank\" rel=\"noopener\">Teatro Publio Martinez Ardila<\/a><\/strong>: centro cultural de la empresa Si99. Es un espacio de enriquecimiento del conocimiento y la cultura en sus diferentes medios de expresi\u00f3n: teatro, danza, poes\u00eda, m\u00fasica, ense\u00f1anza y lectura, para nuestros colaboradores y la comunidad vecina.<\/p>\n<p>Este teatro es maravilloso, ya que ha sido reconocido con el certificado<a href=\"http:\/\/www.ea-buildings.com\/esp\/ficha-proyecto\/36\/estacion-sophia\" target=\"_blank\" rel=\"noopener\"> LEED SILVER<\/a> por ser una construcci\u00f3n sostenible.<\/p>\n<p>A continuaci\u00f3n tienes toda la informaci\u00f3n de su localizaci\u00f3n y c\u00f3mo llegar.<\/p>\n<h2>Direcci\u00f3n:<\/h2>\n<p>Calle 63 Sur, Avda Caracas, Patio usme<br \/>\nPortal de Usme Transmilenio<\/p>\n<h2>\u00bfC\u00f3mo entrar?<\/h2>\n<p>El ingreso se realiza por el costado norte del portal. La entrada tiene un gran letrero que dice \u2018Bienvenidos\u2019.<\/p>\n<p>\u00a1Cuidado al transitar! Al ser un portal de TransMilenio hay que respetar las cebras y se\u00f1alizaciones.<\/p>\n<div id=\"attachment_417\" style=\"width: 835px\" class=\"wp-caption alignnone\"><img loading=\"lazy\" decoding=\"async\" aria-describedby=\"caption-attachment-417\" data-attachment-id=\"417\" data-permalink=\"https:\/\/bogota.wordcamp.org\/2017\/ubicacion\/portal-de-usme-teatro-publio-martinez-ardila-gabriel-pabon-77\/\" data-orig-file=\"https:\/\/bogota.wordcamp.org\/2017\/files\/2017\/01\/portal-de-usme-teatro-publio-martinez-ardila-gabriel-pabon-77.jpg\" data-orig-size=\"825,550\" data-comments-opened=\"1\" data-image-meta=\"{&quot;aperture&quot;:&quot;0&quot;,&quot;credit&quot;:&quot;&quot;,&quot;camera&quot;:&quot;&quot;,&quot;caption&quot;:&quot;&quot;,&quot;created_timestamp&quot;:&quot;0&quot;,&quot;copyright&quot;:&quot;&quot;,&quot;focal_length&quot;:&quot;0&quot;,&quot;iso&quot;:&quot;0&quot;,&quot;shutter_speed&quot;:&quot;0&quot;,&quot;title&quot;:&quot;&quot;,&quot;orientation&quot;:&quot;0&quot;}\" data-image-title=\"portal-de-usme-teatro-publio-martinez-ardila-gabriel-pabon-77\" data-image-description=\"\" data-image-caption=\"&lt;p&gt;*Fotos: Gabriel Pab\u00f3n \u2013 C\u00cdVICO&lt;\/p&gt;\n\" data-medium-file=\"https:\/\/bogota.wordcamp.org\/2017\/files\/2017\/01\/portal-de-usme-teatro-publio-martinez-ardila-gabriel-pabon-77-300x200.jpg\" data-large-file=\"https:\/\/bogota.wordcamp.org\/2017\/files\/2017\/01\/portal-de-usme-teatro-publio-martinez-ardila-gabriel-pabon-77.jpg\" class=\"size-full wp-image-417\" src=\"https:\/\/2017.bogota.wordcamp.org\/files\/2017\/01\/portal-de-usme-teatro-publio-martinez-ardila-gabriel-pabon-77.jpg\" alt=\"\" width=\"825\" height=\"550\" srcset=\"https:\/\/bogota.wordcamp.org\/2017\/files\/2017\/01\/portal-de-usme-teatro-publio-martinez-ardila-gabriel-pabon-77.jpg 825w, https:\/\/bogota.wordcamp.org\/2017\/files\/2017\/01\/portal-de-usme-teatro-publio-martinez-ardila-gabriel-pabon-77-300x200.jpg 300w, https:\/\/bogota.wordcamp.org\/2017\/files\/2017\/01\/portal-de-usme-teatro-publio-martinez-ardila-gabriel-pabon-77-768x512.jpg 768w, https:\/\/bogota.wordcamp.org\/2017\/files\/2017\/01\/portal-de-usme-teatro-publio-martinez-ardila-gabriel-pabon-77-450x300.jpg 450w\" sizes=\"auto, (max-width: 825px) 100vw, 825px\" \/><p id=\"caption-attachment-417\" class=\"wp-caption-text\">*Fotos: Gabriel Pab\u00f3n \u2013 C\u00cdVICO<\/p><\/div>\n<h2>C\u00f3mo llegar:<\/h2>\n<ul>\n<li>En transmilenio: Todas las rutas H (H61, H81)<\/li>\n<li>En SITP:<\/li>\n<li>En bus:<\/li>\n<li>En carro: Hay parqueadero cercano en el Centro Comercial Altamira.<\/li>\n<\/ul>\n<h2>Mapa:<\/h2>\n<div class=\"googlemaps\">\n\t\t\t\t<iframe loading=\"lazy\" width=\"800\" height=\"450\" frameborder=\"0\" scrolling=\"no\" marginheight=\"0\" marginwidth=\"0\"  src=\"https:\/\/www.google.com\/maps\/embed?pb=!1m18!1m12!1m3!1d3977.3577892479907!2d-74.12148668523831!3d4.5294183967090165!2m3!1f0!2f0!3f0!3m2!1i1024!2i768!4f13.1!3m3!1m2!1s0x8e3fa21f3b08accf:0xedbb2bb1590451af!2sTEATRO%20PUBLIO%20MARTINEZ!5e0!3m2!1ses!2sco!4v1501595308834\"><\/iframe>\n\t\t\t<\/div>\n","protected":false},"excerpt":{"rendered":"<p>WordCamp Bogot\u00e1 2017\u00a0se celebrar\u00e1 en el\u00a0Teatro Publio Martinez Ardila: centro cultural de la empresa Si99. Es un espacio de enriquecimiento del conocimiento y la cultura en sus diferentes medios de expresi\u00f3n: teatro, danza, poes\u00eda, m\u00fasica, ense\u00f1anza y lectura, para nuestros &hellip; <a href=\"https:\/\/bogota.wordcamp.org\/2017\/ubicacion\/\">Sigue leyendo <span class=\"assistive-text\">Ubicaci\u00f3n<\/span>  <span class=\"meta-nav\">&rarr;<\/span><\/a><\/p>\n","protected":false},"author":14911570,"featured_media":0,"parent":0,"menu_order":0,"comment_status":"closed","ping_status":"closed","template":"","meta":{"jetpack_post_was_ever_published":false,"footnotes":""},"class_list":["post-11","page","type-page","status-publish","hentry"],"jetpack_sharing_enabled":true,"jetpack_shortlink":"https:\/\/wp.me\/P8gNTI-b","_links":{"self":[{"href":"https:\/\/bogota.wordcamp.org\/2017\/wp-json\/wp\/v2\/pages\/11","targetHints":{"allow":["GET"]}}],"collection":[{"href":"https:\/\/bogota.wordcamp.org\/2017\/wp-json\/wp\/v2\/pages"}],"about":[{"href":"https:\/\/bogota.wordcamp.org\/2017\/wp-json\/wp\/v2\/types\/page"}],"author":[{"embeddable":true,"href":"https:\/\/bogota.wordcamp.org\/2017\/wp-json\/wp\/v2\/users\/14911570"}],"replies":[{"embeddable":true,"href":"https:\/\/bogota.wordcamp.org\/2017\/wp-json\/wp\/v2\/comments?post=11"}],"version-history":[{"count":15,"href":"https:\/\/bogota.wordcamp.org\/2017\/wp-json\/wp\/v2\/pages\/11\/revisions"}],"predecessor-version":[{"id":567,"href":"https:\/\/bogota.wordcamp.org\/2017\/wp-json\/wp\/v2\/pages\/11\/revisions\/567"}],"wp:attachment":[{"href":"https:\/\/bogota.wordcamp.org\/2017\/wp-json\/wp\/v2\/media?parent=11"}],"curies":[{"name":"wp","href":"https:\/\/api.w.org\/{rel}","templated":true}]}}